{"id":1561,"date":"2026-03-17T22:42:54","date_gmt":"2026-03-17T14:42:54","guid":{"rendered":"https:\/\/www.kurzvape.de\/?post_type=product&#038;p=1561"},"modified":"2026-03-17T22:42:54","modified_gmt":"2026-03-17T14:42:54","slug":"vozol-star-40000-vzbull","status":"publish","type":"product","link":"https:\/\/www.kurzvape.de\/it\/product\/vozol-star-40000-vzbull\/","title":{"rendered":"Vozol Star 40000 Vzbull"},"content":{"rendered":"<h2><strong>Vozol Star 40000 Vzbull vape usa e getta<\/strong><\/h2>\n<p>Il gusto Vozol Star 40000 Vzbull delizia con l'inconfondibile aroma energetico di una classica bevanda energetica. La caratteristica dolcezza con una nota leggermente aspra crea un profilo di vapore potente e rinvigorente che fornisce nuova energia ad ogni boccata. Vzbull \u00e8 la scelta perfetta per chi \u00e8 alla ricerca di un sapore potente e distintivo, lontano dai classici sapori di frutta.<\/p>\n<h2><strong>Vzbull - Potente bevanda energetica al gusto di vapers<\/strong><\/h2>\n<p>Vozol Star 40000 Vzbull porta il carattere inconfondibile di una bevanda energetica nel mondo del vaping. Con una capacit\u00e0 fino a 40.000 boccate, una potente batteria da 1000 mAh e la pratica funzione di ricarica rapida USB-C, il dispositivo \u00e8 sempre pronto all'uso. L'elegante display OLED a onde fornisce informazioni affidabili e precise sul livello attuale della batteria e del liquido.<\/p>\n<p>Le dual coil a maglia di alta qualit\u00e0, in combinazione con la collaudata tecnologia S.i.L.C, riproducono il caratteristico sapore Vzbull con notevole autenticit\u00e0 e intensit\u00e0, per un'esperienza di gusto sempre potente, dall'inizio alla fine. L'ergonomico sistema di svapo MTL offre una tecnica di estrazione piacevolmente familiare ed \u00e8 ideale per gli svapatori alla ricerca di un sapore distintivo e inconfondibile.<\/p>\n<h2><strong>Dati tecnici in sintesi<\/strong><\/h2>\n<ul>\n<li>Bign\u00e8: fino a 40.000 (a seconda della lunghezza e della frequenza del treno)<\/li>\n<li>E-liquido: 20 ml, pre-riempito<\/li>\n<li>Batteria: 1000 mAh, ricaricabile tramite USB-C<\/li>\n<li>Nicotina: 50 mg\/ml (5 %)<\/li>\n<li>Bobina: elementi riscaldanti a doppia maglia<\/li>\n<li>Display: mostra lo stato della batteria, del liquido e della modalit\u00e0<\/li>\n<li>Modalit\u00e0: ECO | POWER<\/li>\n<li>Gusti: 24<\/li>\n<\/ul>\n<h2><strong>Configurazione dell'alimentazione in un colpo d'occhio<\/strong><\/h2>\n<ul>\n<li><strong>Capacit\u00e0 della batteria:<\/strong> Batteria al litio ad alte prestazioni da 1000 mAh con funzione di ricarica rapida di tipo C, per un potente piacere del vapore senza lunghe interruzioni di carica.<\/li>\n<li><strong>Capacit\u00e0 del liquido elettronico:<\/strong> 20 ml di e-liquido al sale di nicotina preinstallato con un contenuto di nicotina di 5 % per un sapore intenso e duraturo di Vzbull<\/li>\n<li><strong>Sistema a bobina:<\/strong> Tecnologia all'avanguardia a doppia maglia per un controllo uniforme della temperatura e un rilascio ottimale del sapore<\/li>\n<li><strong>Display:<\/strong> Display OLED curvo con retroilluminazione per una visualizzazione precisa dello stato di carica e delle boccate rimanenti<\/li>\n<li><strong>Modalit\u00e0 del treno:<\/strong> Modalit\u00e0 ECO per un massimo di 40.000 soffi e modalit\u00e0 POWER per un massimo di 25.000 soffi con maggiore intensit\u00e0 di vapore<\/li>\n<li><strong>Cambio di modalit\u00e0:<\/strong> \u00c8 possibile passare facilmente dalla modalit\u00e0 ECO a risparmio energetico alla modalit\u00e0 POWER orientata alle prestazioni con la semplice pressione di un pulsante.<\/li>\n<\/ul>\n<h3><strong>Sensazione di bevanda energetica durante il vaping - Scoprire Kurzvape<\/strong><\/h3>\n<p>Affascinato dalla Vozol Star 40000 Vzbull? Esplorate l'intero universo dello svapo su <strong><a href=\"https:\/\/www.kurzvape.de\/it\/\">Kurzvape - il vostro negozio online di sigarette elettroniche monouso<\/a><\/strong> e scoprire altre emozionanti esperienze di gusto. Immergetevi nella <strong><a href=\"https:\/\/www.kurzvape.de\/it\/product-category\/vozol-vape\/\">Ampio mondo di apparecchi VOZOL<\/a><\/strong> e lasciatevi ispirare dalla variet\u00e0 di modelli di vape di prima classe. Potete trovare tutte le versioni disponibili di questa serie ad alte prestazioni in un unico pacchetto. <strong><a href=\"https:\/\/www.kurzvape.de\/it\/product-category\/vozol-vape\/vozol-star-40000\/\">Selezione di varianti Vozol Star 40000<\/a><\/strong> - consegnati in modo rapido e affidabile dal magazzino dell'UE.<\/p>","protected":false},"excerpt":{"rendered":"<p>La sigaretta elettronica monouso Vozol Star 40000 Vzbull colpisce per il sapore potente e inconfondibile di una bevanda energetica. Con 40.000 boccate, batteria da 1000 mAh, ricarica USB-C e doppia bobina a rete: puro piacere del vapore pieno di energia.<\/p>","protected":false},"featured_media":1562,"comment_status":"open","ping_status":"closed","template":"","meta":{"_acf_changed":false},"product_brand":[],"product_cat":[28],"product_tag":[],"class_list":{"0":"post-1561","1":"product","2":"type-product","3":"status-publish","4":"has-post-thumbnail","6":"product_cat-vozol-star-40000","8":"first","9":"instock","10":"sale","11":"shipping-taxable","12":"purchasable","13":"product-type-variable"},"acf":[],"_links":{"self":[{"href":"https:\/\/www.kurzvape.de\/it\/wp-json\/wp\/v2\/product\/1561","targetHints":{"allow":["GET"]}}],"collection":[{"href":"https:\/\/www.kurzvape.de\/it\/wp-json\/wp\/v2\/product"}],"about":[{"href":"https:\/\/www.kurzvape.de\/it\/wp-json\/wp\/v2\/types\/product"}],"replies":[{"embeddable":true,"href":"https:\/\/www.kurzvape.de\/it\/wp-json\/wp\/v2\/comments?post=1561"}],"wp:featuredmedia":[{"embeddable":true,"href":"https:\/\/www.kurzvape.de\/it\/wp-json\/wp\/v2\/media\/1562"}],"wp:attachment":[{"href":"https:\/\/www.kurzvape.de\/it\/wp-json\/wp\/v2\/media?parent=1561"}],"wp:term":[{"taxonomy":"product_brand","embeddable":true,"href":"https:\/\/www.kurzvape.de\/it\/wp-json\/wp\/v2\/product_brand?post=1561"},{"taxonomy":"product_cat","embeddable":true,"href":"https:\/\/www.kurzvape.de\/it\/wp-json\/wp\/v2\/product_cat?post=1561"},{"taxonomy":"product_tag","embeddable":true,"href":"https:\/\/www.kurzvape.de\/it\/wp-json\/wp\/v2\/product_tag?post=1561"}],"curies":[{"name":"wp","href":"https:\/\/api.w.org\/{rel}","templated":true}]}}