{"id":1572,"date":"2026-03-17T23:07:00","date_gmt":"2026-03-17T15:07:00","guid":{"rendered":"https:\/\/www.kurzvape.de\/?post_type=product&#038;p=1572"},"modified":"2026-03-17T23:07:00","modified_gmt":"2026-03-17T15:07:00","slug":"vozol-star-40000-watermelon-ice","status":"publish","type":"product","link":"https:\/\/www.kurzvape.de\/it\/product\/vozol-star-40000-watermelon-ice\/","title":{"rendered":"Vozol Star 40000 Ghiaccio all'anguria"},"content":{"rendered":"<h2><strong>Vozol Star 40000 Watermelon Ice vape usa e getta<\/strong><\/h2>\n<p>Il gusto Vozol Star 40000 Watermelon Ice delizia con l'aroma succoso e maturato al sole dell'anguria fresca, perfettamente completato da un intenso finale di ghiaccio. La dolcezza naturale del frutto dell'anguria incontra una spinta gelida e crea un profilo di vapore rinfrescante e rinvigorente che ricorda le calde giornate estive e la frutta ghiacciata. Un classico estivo senza tempo che combina freschezza e fruttuosit\u00e0 in modo irresistibile.<\/p>\n<h2><strong>Watermelon Ice - freschezza estiva ghiacciata in ogni sorso<\/strong><\/h2>\n<p>Il Vozol Star 40000 Watermelon Ice combina il classico sapore di anguria con un raffreddamento intensivo per un'esperienza di vaping rinfrescante ed estiva. Con una capacit\u00e0 fino a 40.000 boccate, una batteria da 1000 mAh di lunga durata e la pratica funzione di ricarica rapida USB-C, il dispositivo \u00e8 sempre pronto all'uso in modo affidabile. L'elegante display OLED a onde mostra con precisione e chiarezza il livello attuale della batteria e del liquido.<\/p>\n<p>Le bobine a doppia maglia di alta qualit\u00e0 in combinazione con la tecnologia S.i.L.C riproducono l'autentico sapore di anguria ghiacciata con una freschezza e una consistenza notevoli, per un'esperienza di gusto sempre rinfrescante, dal primo all'ultimo utilizzo. Il collaudato sistema di svapo MTL assicura una tecnica di inalazione piacevolmente familiare e rende facile per chiunque iniziare a svapare.<\/p>\n<h2><strong>Dati tecnici in sintesi<\/strong><\/h2>\n<ul>\n<li>Bign\u00e8: fino a 40.000 (a seconda della lunghezza e della frequenza del treno)<\/li>\n<li>E-liquido: 20 ml, pre-riempito<\/li>\n<li>Batteria: 1000 mAh, ricaricabile tramite USB-C<\/li>\n<li>Nicotina: 50 mg\/ml (5 %)<\/li>\n<li>Bobina: elementi riscaldanti a doppia maglia<\/li>\n<li>Display: mostra lo stato della batteria, del liquido e della modalit\u00e0<\/li>\n<li>Modalit\u00e0: ECO | POWER<\/li>\n<li>Gusti: 24<\/li>\n<\/ul>\n<h2><strong>Configurazione dell'alimentazione in un colpo d'occhio<\/strong><\/h2>\n<ul>\n<li><strong>Capacit\u00e0 della batteria:<\/strong> Batteria al litio ad alta capacit\u00e0 da 1000 mAh con funzione di ricarica rapida di tipo C per godere al massimo dell'estate senza interruzioni di carica.<\/li>\n<li><strong>Capacit\u00e0 del liquido elettronico:<\/strong> 20 ml di e-liquido al sale di nicotina preinstallato con un contenuto di nicotina pari a 5 % per un sapore di anguria ghiacciata sempre rinfrescante<\/li>\n<li><strong>Sistema a bobina:<\/strong> Tecnologia all'avanguardia a doppia maglia per una regolazione precisa del calore e un rilascio ottimale del sapore<\/li>\n<li><strong>Display:<\/strong> Display OLED curvo con retroilluminazione per una visualizzazione precisa della capacit\u00e0 della batteria e del numero di treni<\/li>\n<li><strong>Modalit\u00e0 del treno:<\/strong> Modalit\u00e0 ECO per un massimo di 40.000 soffi e modalit\u00e0 POWER per un massimo di 25.000 soffi alla massima intensit\u00e0 di vapore.<\/li>\n<li><strong>Cambio di modalit\u00e0:<\/strong> \u00c8 possibile passare facilmente dalla modalit\u00e0 ECO a risparmio energetico alla modalit\u00e0 POWER orientata alle prestazioni con la semplice pressione di un pulsante.<\/li>\n<\/ul>\n<h3><strong>Gusto estivo ghiacciato: provalo ora da Kurzvape<\/strong><\/h3>\n<p>Convinti dal Vozol Star 40000 Watermelon Ice? Visitate il sito <strong><a href=\"https:\/\/www.kurzvape.de\/it\/\">Kurzvape - Il vostro principale rivenditore online di vapes di alta qualit\u00e0<\/a><\/strong> e scoprite la nostra vasta gamma di piroscafi. Esplorate il <strong><a href=\"https:\/\/www.kurzvape.de\/it\/product-category\/vozol-vape\/\">mondo diversificato del marchio VOZOL<\/a><\/strong> e trovare l'apparecchio ideale per ogni gusto e occasione. Tutte le varianti disponibili di questa famosa serie sono disponibili in bundle con il <strong><a href=\"https:\/\/www.kurzvape.de\/it\/product-category\/vozol-vape\/vozol-star-40000\/\">Vozol Star 40000 mondo del gusto<\/a><\/strong> - spediti in modo rapido e sicuro dal magazzino dell'UE.<\/p>","protected":false},"excerpt":{"rendered":"<p>La sigaretta elettronica monouso Vozol Star 40000 Watermelon Ice combina il gusto succoso dell'anguria con una finitura ghiacciata. Con 40.000 boccate, batteria da 1000 mAh, ricarica USB-C e doppia bobina a rete: puro divertimento estivo ghiacciato.<\/p>","protected":false},"featured_media":1573,"comment_status":"open","ping_status":"closed","template":"","meta":{"_acf_changed":false},"product_brand":[],"product_cat":[28],"product_tag":[],"class_list":{"0":"post-1572","1":"product","2":"type-product","3":"status-publish","4":"has-post-thumbnail","6":"product_cat-vozol-star-40000","8":"first","9":"instock","10":"sale","11":"shipping-taxable","12":"purchasable","13":"product-type-variable"},"acf":[],"_links":{"self":[{"href":"https:\/\/www.kurzvape.de\/it\/wp-json\/wp\/v2\/product\/1572","targetHints":{"allow":["GET"]}}],"collection":[{"href":"https:\/\/www.kurzvape.de\/it\/wp-json\/wp\/v2\/product"}],"about":[{"href":"https:\/\/www.kurzvape.de\/it\/wp-json\/wp\/v2\/types\/product"}],"replies":[{"embeddable":true,"href":"https:\/\/www.kurzvape.de\/it\/wp-json\/wp\/v2\/comments?post=1572"}],"wp:featuredmedia":[{"embeddable":true,"href":"https:\/\/www.kurzvape.de\/it\/wp-json\/wp\/v2\/media\/1573"}],"wp:attachment":[{"href":"https:\/\/www.kurzvape.de\/it\/wp-json\/wp\/v2\/media?parent=1572"}],"wp:term":[{"taxonomy":"product_brand","embeddable":true,"href":"https:\/\/www.kurzvape.de\/it\/wp-json\/wp\/v2\/product_brand?post=1572"},{"taxonomy":"product_cat","embeddable":true,"href":"https:\/\/www.kurzvape.de\/it\/wp-json\/wp\/v2\/product_cat?post=1572"},{"taxonomy":"product_tag","embeddable":true,"href":"https:\/\/www.kurzvape.de\/it\/wp-json\/wp\/v2\/product_tag?post=1572"}],"curies":[{"name":"wp","href":"https:\/\/api.w.org\/{rel}","templated":true}]}}