{"id":1575,"date":"2026-03-17T23:14:22","date_gmt":"2026-03-17T15:14:22","guid":{"rendered":"https:\/\/www.kurzvape.de\/?post_type=product&#038;p=1575"},"modified":"2026-03-17T23:14:22","modified_gmt":"2026-03-17T15:14:22","slug":"vozol-star-40000-watermelon-sour-peach","status":"publish","type":"product","link":"https:\/\/www.kurzvape.de\/it\/product\/vozol-star-40000-watermelon-sour-peach\/","title":{"rendered":"Vozol Star 40000 Anguria Pesca Acida"},"content":{"rendered":"<h2><strong>Vozol Star 40000 Anguria Pesca Acida Vape usa e getta<\/strong><\/h2>\n<p>Il gusto Vozol Star 40000 Watermelon Sour Peach combina l'aroma succoso e rinfrescante dell'anguria con l'acidit\u00e0 piccante delle pesche acerbe per creare un'esperienza fruttata emozionante e multistrato. Il dolce dell'anguria incontra la pizzicante acidit\u00e0 della pesca e crea un profilo di vapore vivace ed eccitante che mantiene il dolce e l'aspro in perfetto equilibrio. Un cocktail di frutta audace per tutti coloro che cercano quel qualcosa in pi\u00f9.<\/p>\n<h2><strong>Anguria e pesca acida - un'avventura di frutta agrodolce in ogni boccone<\/strong><\/h2>\n<p>Vozol Star 40000 Watermelon Sour Peach combina la dolcezza rinfrescante dell'anguria con una pizzicante acidit\u00e0 della pesca, per un'esperienza di svapo emozionante ed equilibrata. Con una capacit\u00e0 fino a 40.000 boccate, una potente batteria da 1000 mAh e la funzione di ricarica rapida USB-C, potrete godervi questa avventura di sapori senza interruzioni. L'innovativo display OLED a onde fornisce informazioni precise sul livello della batteria e del liquido.<\/p>\n<p>Le avanzate bobine a doppia maglia, in combinazione con la collaudata tecnologia S.i.L.C., diffondono il caratteristico sapore di Pesca Acida all'Anguria con una vibrazione e una consistenza eccezionali, per un'esperienza di gusto sempre entusiasmante, dall'inizio alla fine. L'ergonomico sistema di svapo MTL offre una tecnica di estrazione piacevolmente familiare ed \u00e8 ideale sia per i principianti che per gli utenti esperti.<\/p>\n<h2><strong>Dati tecnici in sintesi<\/strong><\/h2>\n<ul>\n<li>Bign\u00e8: fino a 40.000 (a seconda della lunghezza e della frequenza del treno)<\/li>\n<li>E-liquido: 20 ml, pre-riempito<\/li>\n<li>Batteria: 1000 mAh, ricaricabile tramite USB-C<\/li>\n<li>Nicotina: 50 mg\/ml (5 %)<\/li>\n<li>Bobina: elementi riscaldanti a doppia maglia<\/li>\n<li>Display: mostra lo stato della batteria, del liquido e della modalit\u00e0<\/li>\n<li>Modalit\u00e0: ECO | POWER<\/li>\n<li>Gusti: 24<\/li>\n<\/ul>\n<h2><strong>Configurazione dell'alimentazione in un colpo d'occhio<\/strong><\/h2>\n<ul>\n<li><strong>Capacit\u00e0 della batteria:<\/strong> Batteria al litio ad alte prestazioni da 1000 mAh con funzione di ricarica rapida di tipo C per un piacere di vaping di lunga durata senza lunghi tempi di ricarica.<\/li>\n<li><strong>Capacit\u00e0 del liquido elettronico:<\/strong> 20 ml di e-liquido al sale di nicotina preinstallato con un contenuto di nicotina pari a 5 % per un sapore vibrante e duraturo di anguria-pesca<\/li>\n<li><strong>Sistema a bobina:<\/strong> Sofisticata tecnologia a doppia maglia per una distribuzione uniforme della temperatura e un rilascio ottimale del sapore<\/li>\n<li><strong>Display:<\/strong> Display OLED curvo con retroilluminazione per la visualizzazione intuitiva del livello di carica e del contatore dei treni<\/li>\n<li><strong>Modalit\u00e0 del treno:<\/strong> Modalit\u00e0 ECO per un massimo di 40.000 soffi e modalit\u00e0 POWER per un massimo di 25.000 soffi con una maggiore erogazione di vapore<\/li>\n<li><strong>Cambio di modalit\u00e0:<\/strong> \u00c8 possibile passare facilmente dalla modalit\u00e0 ECO a risparmio energetico alla modalit\u00e0 POWER orientata alle prestazioni con la semplice pressione di un pulsante.<\/li>\n<\/ul>\n<h2><strong>Esperienza di svapo agrodolce: scopri di pi\u00f9 su Kurzvape<\/strong><\/h2>\n<p>Siete incuriositi dal Vozol Star 40000 Watermelon Sour Peach? Scoprite l'intera gamma di prodotti da svapo su <strong><a href=\"https:\/\/www.kurzvape.de\/it\/\">Kurzvape - il vostro indirizzo per vapori monouso di prima classe<\/a><\/strong> e lasciatevi ispirare dalla nostra ampia gamma di prodotti. Immergetevi nella <strong><a href=\"https:\/\/www.kurzvape.de\/it\/product-category\/vozol-vape\/\">Mondo completo degli apparecchi VOZOL a Kurzvape<\/a><\/strong> e trovare lo svapo perfetto per ogni occasione. Troverete tutte le versioni disponibili di questa serie ad alte prestazioni elencate in modo chiaro nella sezione <strong><a href=\"https:\/\/www.kurzvape.de\/it\/product-category\/vozol-vape\/vozol-star-40000\/\">Vozol Star 40000 selezione completa<\/a><\/strong> - pronti per la spedizione dal nostro magazzino UE.<\/p>","protected":false},"excerpt":{"rendered":"<p>La sigaretta elettronica monouso Vozol Star 40000 Watermelon Sour Peach combina il gusto succoso dell'anguria con l'acidit\u00e0 della pesca. Con 40.000 boccate, batteria da 1000 mAh, ricarica USB-C e doppia bobina a rete: puro piacere di frutta agrodolce.<\/p>","protected":false},"featured_media":1576,"comment_status":"open","ping_status":"closed","template":"","meta":{"_acf_changed":false},"product_brand":[],"product_cat":[28],"product_tag":[],"class_list":{"0":"post-1575","1":"product","2":"type-product","3":"status-publish","4":"has-post-thumbnail","6":"product_cat-vozol-star-40000","8":"first","9":"instock","10":"sale","11":"shipping-taxable","12":"purchasable","13":"product-type-variable"},"acf":[],"_links":{"self":[{"href":"https:\/\/www.kurzvape.de\/it\/wp-json\/wp\/v2\/product\/1575","targetHints":{"allow":["GET"]}}],"collection":[{"href":"https:\/\/www.kurzvape.de\/it\/wp-json\/wp\/v2\/product"}],"about":[{"href":"https:\/\/www.kurzvape.de\/it\/wp-json\/wp\/v2\/types\/product"}],"replies":[{"embeddable":true,"href":"https:\/\/www.kurzvape.de\/it\/wp-json\/wp\/v2\/comments?post=1575"}],"wp:featuredmedia":[{"embeddable":true,"href":"https:\/\/www.kurzvape.de\/it\/wp-json\/wp\/v2\/media\/1576"}],"wp:attachment":[{"href":"https:\/\/www.kurzvape.de\/it\/wp-json\/wp\/v2\/media?parent=1575"}],"wp:term":[{"taxonomy":"product_brand","embeddable":true,"href":"https:\/\/www.kurzvape.de\/it\/wp-json\/wp\/v2\/product_brand?post=1575"},{"taxonomy":"product_cat","embeddable":true,"href":"https:\/\/www.kurzvape.de\/it\/wp-json\/wp\/v2\/product_cat?post=1575"},{"taxonomy":"product_tag","embeddable":true,"href":"https:\/\/www.kurzvape.de\/it\/wp-json\/wp\/v2\/product_tag?post=1575"}],"curies":[{"name":"wp","href":"https:\/\/api.w.org\/{rel}","templated":true}]}}