{"id":1581,"date":"2026-03-17T23:25:15","date_gmt":"2026-03-17T15:25:15","guid":{"rendered":"https:\/\/www.kurzvape.de\/?post_type=product&#038;p=1581"},"modified":"2026-03-17T23:25:15","modified_gmt":"2026-03-17T15:25:15","slug":"vozol-star-40000-blue-razz-ice","status":"publish","type":"product","link":"https:\/\/www.kurzvape.de\/it\/product\/vozol-star-40000-blue-razz-ice\/","title":{"rendered":"Vozol Star 40000 Blu Razz Ghiaccio"},"content":{"rendered":"<h2><strong>Vozol Star 40000 Blue Razz Ice vape monouso<\/strong><\/h2>\n<p>Il gusto Vozol Star 40000 Blue Razz Ice delizia con l'intenso aroma agrodolce dei lamponi blu, perfettamente coronato da una rinfrescante finitura ghiacciata. La vivace acidit\u00e0 dei frutti di bosco del lampone blu incontra un calcio freddo e frizzante e crea un profilo di vapore eccitante che rinvigorisce i sensi e il palato. Un irresistibile classico del gelato ai frutti di bosco per chi ama l'intensit\u00e0 e la freschezza.<\/p>\n<h2><strong>Blue Razz Ice - Intenso sapore di frutti di bosco con un'elettrizzante scarica di freddo<\/strong><\/h2>\n<p>Vozol Star 40000 Blue Razz Ice combina il sapore agrodolce del lampone blu con un raffreddamento elettrizzante per un'esperienza di svapo entusiasmante e rinfrescante. Con una capacit\u00e0 fino a 40.000 boccate, una robusta batteria da 1000 mAh e la pratica funzione di ricarica rapida USB-C, il dispositivo \u00e8 sempre pronto all'uso. L'elegante display OLED a onde fornisce informazioni affidabili e precise sul livello attuale della batteria e del liquido.<\/p>\n<p>Le doppie bobine a maglie ad alta precisione, in combinazione con la collaudata tecnologia S.i.L.C, riproducono il caratteristico aroma Blue Razz Ice con un'intensit\u00e0 e una consistenza eccezionali, per un'esperienza gustativa sempre elettrizzante, dall'inizio alla fine. Il collaudato sistema di svapo MTL assicura una tecnica di inalazione piacevolmente familiare ed \u00e8 ideale sia per i principianti che per i vapers esperti.<\/p>\n<h2><strong>Dati tecnici in sintesi<\/strong><\/h2>\n<ul>\n<li>Bign\u00e8: fino a 40.000 (a seconda della lunghezza e della frequenza del treno)<\/li>\n<li>E-liquido: 20 ml, pre-riempito<\/li>\n<li>Batteria: 1000 mAh, ricaricabile tramite USB-C<\/li>\n<li>Nicotina: 50 mg\/ml (5 %)<\/li>\n<li>Bobina: elementi riscaldanti a doppia maglia<\/li>\n<li>Display: mostra lo stato della batteria, del liquido e della modalit\u00e0<\/li>\n<li>Modalit\u00e0: ECO | POWER<\/li>\n<li>Gusti: 24<\/li>\n<\/ul>\n<h2><strong>Configurazione dell'alimentazione in un colpo d'occhio<\/strong><\/h2>\n<ul>\n<li><strong>Capacit\u00e0 della batteria:<\/strong> Batteria al litio ad alte prestazioni da 1000 mAh con funzione di ricarica rapida di tipo C per un massimo piacere di svapo senza lunghe interruzioni di ricarica<\/li>\n<li><strong>Capacit\u00e0 del liquido elettronico:<\/strong> 20 ml di e-liquido al sale di nicotina preinstallato con un contenuto di nicotina pari a 5 % per un intenso e duraturo sapore di ghiaccio blu razz<\/li>\n<li><strong>Sistema a bobina:<\/strong> Tecnologia all'avanguardia a doppia maglia per una distribuzione uniforme del calore e un rilascio ottimale dell'aroma delle bacche<\/li>\n<li><strong>Display:<\/strong> Display OLED curvo con retroilluminazione per una visualizzazione precisa della capacit\u00e0 della batteria e dei treni rimanenti.<\/li>\n<li><strong>Modalit\u00e0 del treno:<\/strong> Modalit\u00e0 ECO per un massimo di 40.000 soffi e modalit\u00e0 POWER per un massimo di 25.000 soffi alla massima intensit\u00e0 di vapore.<\/li>\n<li><strong>Cambio di modalit\u00e0:<\/strong> Passaggio intuitivo dalla modalit\u00e0 ECO a risparmio energetico alla modalit\u00e0 POWER orientata alle prestazioni con la semplice pressione di un pulsante<\/li>\n<\/ul>\n<h3><strong>Delizia ai frutti di bosco - scoprila ora nel Kurzvape Shop<\/strong><\/h3>\n<p>Siete innamorati del Vozol Star 40000 Blue Razz Ice? Visitate il sito <strong><a href=\"https:\/\/www.kurzvape.de\/it\/\">Kurzvape - il vostro numero 1 per i vapori usa e getta di qualit\u00e0 superiore<\/a><\/strong> e scoprite il nostro variegato universo di piroscafi. Esplorate il <strong><a href=\"https:\/\/www.kurzvape.de\/it\/product-category\/vozol-vape\/\">gamma completa di prodotti VOZOL<\/a><\/strong> e trovare il dispositivo ideale per il vostro stile di vaping personale. Tutti gli aromi disponibili di questa serie di punta sono chiaramente elencati nella sezione <strong><a href=\"https:\/\/www.kurzvape.de\/it\/product-category\/vozol-vape\/vozol-star-40000\/\">Collezione di aromi Vozol Star 40000<\/a><\/strong> - consegnati in modo rapido e affidabile dal magazzino dell'UE.<\/p>","protected":false},"excerpt":{"rendered":"<p>La sigaretta elettronica monouso Vozol Star 40000 Blue Razz Ice combina il sapore agrodolce del lampone blu con un'elettrizzante finitura di ghiaccio. Con 40.000 boccate, batteria da 1000 mAh, ricarica USB-C e doppia bobina a rete - formicolante, fresca e intensa.<\/p>","protected":false},"featured_media":1582,"comment_status":"open","ping_status":"closed","template":"","meta":{"_acf_changed":false},"product_brand":[],"product_cat":[28],"product_tag":[],"class_list":{"0":"post-1581","1":"product","2":"type-product","3":"status-publish","4":"has-post-thumbnail","6":"product_cat-vozol-star-40000","8":"first","9":"instock","10":"sale","11":"shipping-taxable","12":"purchasable","13":"product-type-variable"},"acf":[],"_links":{"self":[{"href":"https:\/\/www.kurzvape.de\/it\/wp-json\/wp\/v2\/product\/1581","targetHints":{"allow":["GET"]}}],"collection":[{"href":"https:\/\/www.kurzvape.de\/it\/wp-json\/wp\/v2\/product"}],"about":[{"href":"https:\/\/www.kurzvape.de\/it\/wp-json\/wp\/v2\/types\/product"}],"replies":[{"embeddable":true,"href":"https:\/\/www.kurzvape.de\/it\/wp-json\/wp\/v2\/comments?post=1581"}],"wp:featuredmedia":[{"embeddable":true,"href":"https:\/\/www.kurzvape.de\/it\/wp-json\/wp\/v2\/media\/1582"}],"wp:attachment":[{"href":"https:\/\/www.kurzvape.de\/it\/wp-json\/wp\/v2\/media?parent=1581"}],"wp:term":[{"taxonomy":"product_brand","embeddable":true,"href":"https:\/\/www.kurzvape.de\/it\/wp-json\/wp\/v2\/product_brand?post=1581"},{"taxonomy":"product_cat","embeddable":true,"href":"https:\/\/www.kurzvape.de\/it\/wp-json\/wp\/v2\/product_cat?post=1581"},{"taxonomy":"product_tag","embeddable":true,"href":"https:\/\/www.kurzvape.de\/it\/wp-json\/wp\/v2\/product_tag?post=1581"}],"curies":[{"name":"wp","href":"https:\/\/api.w.org\/{rel}","templated":true}]}}