{"id":1764,"date":"2026-03-22T18:57:43","date_gmt":"2026-03-22T10:57:43","guid":{"rendered":"https:\/\/www.kurzvape.de\/?post_type=product&#038;p=1764"},"modified":"2026-03-22T18:57:43","modified_gmt":"2026-03-22T10:57:43","slug":"vozol-vista-40000-grape-ice","status":"publish","type":"product","link":"https:\/\/www.kurzvape.de\/it\/product\/vozol-vista-40000-grape-ice\/","title":{"rendered":"Vozol Vista 40000 Ghiaccio d'uva"},"content":{"rendered":"<h2><strong>Vozol Vista 40000 Grape Ice vape usa e getta<\/strong><\/h2>\n<p>Vozol Vista 40000 Grape Ice - il sapore intenso dell'uva scura e matura incontra una penetrante freschezza di ghiaccio che trasforma ogni boccata in un'esperienza di gusto rinfrescante. La dolcezza naturale dell'uva si sviluppa in perfetta armonia con l'aroma rinfrescante del mentolo - corposo, rinvigorente e con un finale piacevolmente fresco.<\/p>\n<h2><strong>Funzionalit\u00e0, flessibilit\u00e0 e un'esperienza completa di gelato all'uva<\/strong><\/h2>\n<p>La Pod monouso Vozol Vista 40000 Grape Ice \u00e8 dotata di una potente batteria da 1000 mAh con funzione di ricarica rapida USB-C, per la massima prontezza nell'uso quotidiano. L'avanzata tecnologia dual mesh coil (S.i.L.C) garantisce fino a 40.000 boccate dal sapore costante. Due varianti di flusso d'aria selezionabili e quattro livelli di wattaggio consentono una personalizzazione mirata in base alle preferenze personali, mentre il display LED integrato tiene l'utente costantemente informato sullo stato della batteria, sul livello del liquido e sulla modalit\u00e0 di alimentazione.<\/p>\n<p>Il Vozol Vista 40000 Grape Ice combina un'elevata capacit\u00e0 con un funzionamento intuitivo ed \u00e8 disponibile nelle gradazioni di nicotina 2 % e 5 %. La caratteristica rotella consente un controllo preciso e piacevolmente tattile di tutte le funzioni del dispositivo, supportato da un display reattivo in tempo reale. Il dispositivo si rivolge sia ai principianti che ai vapers esperti che cercano un'opzione regolabile affidabile e versatile.<\/p>\n<p>Grazie alla combinazione di 4 modalit\u00e0 di potenza e 2 impostazioni del flusso d'aria, il Vozol Vista 40000 Grape Ice offre un totale di 8 configurazioni di sapore individuali in un unico dispositivo compatto. Passando senza sforzo da un'impostazione all'altra, si aprono nuove dimensioni del sapore dell'uva ghiacciata, da delicatamente fruttato a intensamente fresco, proprio come piace a voi.<\/p>\n<h2><strong>Propriet\u00e0<\/strong><\/h2>\n<ul>\n<li>Liquido pre-riempito da 20 ml<\/li>\n<li>Batteria ricaricabile ad alte prestazioni da 1000 mAh<\/li>\n<li>Numero di treni: fino a 40.000 treni<\/li>\n<li>4 modalit\u00e0 di potenza in uscita: Soft, Norm, Surge e Turbo<\/li>\n<li>2 livelli di flusso d'aria regolabili con controllo dell'aria a pavimento<\/li>\n<li>Girante per il controllo della potenza<\/li>\n<li>Display digitale curvo sul lato per il livello della batteria, il livello del liquido e la modalit\u00e0 di alimentazione<\/li>\n<li>Intensit\u00e0 di nicotina: 5 % (50 mg\/ml)<\/li>\n<li>Ricarica USB di tipo C (cavo non incluso)<\/li>\n<li>Treno attivato<\/li>\n<li>Vaping MTL<\/li>\n<\/ul>\n<h2><strong>Domande frequenti<\/strong><\/h2>\n<p><strong>Cosa rende Vozol Vista 40K monouso cos\u00ec speciale?<\/strong><\/p>\n<p>Il Vozol Vista 40000 Grape Ice si distingue per l'eccezionale capacit\u00e0 di 40.000 soffi e per l'involucro trasparente, che rende visibile all'utente la tecnologia interna di alta qualit\u00e0.<\/p>\n<p><strong>I livelli di potenza del Vozol Vista 40K possono essere regolati?<\/strong><\/p>\n<p>S\u00ec, la Vozol Vista 40K offre quattro livelli di potenza che consentono di regolare con precisione la quantit\u00e0 di vapore e l'intensit\u00e0 del sapore di uva e ghiaccio in base alle proprie preferenze.<\/p>\n<p><strong>Quanti treni offre il Vozol Vista 40K?<\/strong><\/p>\n<p>A seconda del livello di potenza selezionato, il dispositivo fornisce fino a 40.000 boccate, rendendolo uno dei vapers monouso pi\u00f9 potenti sul mercato.<\/p>\n<p><strong>Quale tecnologia di bobina utilizza il Vozol Vista 40K?<\/strong><\/p>\n<p>Vozol Vista 40000 utilizza bobine a doppia maglia in combinazione con la tecnologia SiLC, per un vapore sempre puro, intensamente aromatico e di lunga durata.<\/p>\n<p><strong>Vozol Vista 40000 \u00e8 facile da trasportare?<\/strong><\/p>\n<p>S\u00ec, l'alloggiamento sottile ed ergonomico del Vozol Vista 40K lo rende un pratico compagno di tutti i giorni nonostante la sua impressionante capacit\u00e0.<\/p>\n<h3><strong>Vozol Vista 40000 Grape Ice - Scopri la gamma ora<\/strong><\/h3>\n<p>Vapori usa e getta di qualit\u00e0 comprovata e con spedizione rapida sono disponibili da <strong><a href=\"https:\/\/www.kurzvape.de\/it\/\">kurzvape - Il vostro negozio di vape affidabile in Germania<\/a><\/strong> - con una gamma diversificata per ogni stile di svapo. Se desiderate esplorare il programma completo di questo produttore, il sito <strong><a href=\"https:\/\/www.kurzvape.de\/it\/product-category\/vozol-vape\/\">Gamma di prodotti VOZOL su kurzvape<\/a><\/strong> organizzato in modo chiaro e facile da navigare. Tutti i modelli e i gusti di questa serie ad alte prestazioni sono elencati in modo centralizzato nella sezione <strong><a href=\"https:\/\/www.kurzvape.de\/it\/product-category\/vozol-vape\/vozol-vista-40000\/\">Pagina della serie Vozol Vista 40000<\/a><\/strong> per un confronto mirato dei prodotti e per risparmiare tempo.<\/p>","protected":false},"excerpt":{"rendered":"<p>La sigaretta elettronica monouso Vozol Vista 40000 Grape Ice colpisce per il suo intenso sapore di uva e la freschezza del mentolo. Con un massimo di 40.000 boccate, 4 modalit\u00e0 di alimentazione, 2 livelli di flusso d'aria e ricarica rapida USB-C, offre la massima flessibilit\u00e0 - compatta, potente e ideale per i viaggi.<\/p>","protected":false},"featured_media":1766,"comment_status":"open","ping_status":"closed","template":"","meta":{"_acf_changed":false},"product_brand":[],"product_cat":[29],"product_tag":[],"class_list":{"0":"post-1764","1":"product","2":"type-product","3":"status-publish","4":"has-post-thumbnail","6":"product_cat-vozol-vista-40000","8":"first","9":"instock","10":"sale","11":"shipping-taxable","12":"purchasable","13":"product-type-variable"},"acf":[],"_links":{"self":[{"href":"https:\/\/www.kurzvape.de\/it\/wp-json\/wp\/v2\/product\/1764","targetHints":{"allow":["GET"]}}],"collection":[{"href":"https:\/\/www.kurzvape.de\/it\/wp-json\/wp\/v2\/product"}],"about":[{"href":"https:\/\/www.kurzvape.de\/it\/wp-json\/wp\/v2\/types\/product"}],"replies":[{"embeddable":true,"href":"https:\/\/www.kurzvape.de\/it\/wp-json\/wp\/v2\/comments?post=1764"}],"wp:featuredmedia":[{"embeddable":true,"href":"https:\/\/www.kurzvape.de\/it\/wp-json\/wp\/v2\/media\/1766"}],"wp:attachment":[{"href":"https:\/\/www.kurzvape.de\/it\/wp-json\/wp\/v2\/media?parent=1764"}],"wp:term":[{"taxonomy":"product_brand","embeddable":true,"href":"https:\/\/www.kurzvape.de\/it\/wp-json\/wp\/v2\/product_brand?post=1764"},{"taxonomy":"product_cat","embeddable":true,"href":"https:\/\/www.kurzvape.de\/it\/wp-json\/wp\/v2\/product_cat?post=1764"},{"taxonomy":"product_tag","embeddable":true,"href":"https:\/\/www.kurzvape.de\/it\/wp-json\/wp\/v2\/product_tag?post=1764"}],"curies":[{"name":"wp","href":"https:\/\/api.w.org\/{rel}","templated":true}]}}