{"id":1784,"date":"2026-03-22T19:23:29","date_gmt":"2026-03-22T11:23:29","guid":{"rendered":"https:\/\/www.kurzvape.de\/?post_type=product&#038;p=1784"},"modified":"2026-03-22T19:23:30","modified_gmt":"2026-03-22T11:23:30","slug":"vozol-vista-40000-melon-gum","status":"publish","type":"product","link":"https:\/\/www.kurzvape.de\/it\/product\/vozol-vista-40000-melon-gum\/","title":{"rendered":"Vozol Vista 40000 Gomma al Melone"},"content":{"rendered":"<h2><strong>Vozol Vista 40000 Melon Gum vape usa e getta<\/strong><\/h2>\n<p>Vozol Vista 40000 Melon Gum - la succosa freschezza del melone maturo si combina con la nota dolce e giocosa della gomma da masticare per creare un'esperienza di gusto unica e spensierata. Ogni boccata porta con s\u00e9 una dolcezza leggera e ariosa che ricorda i frutti estivi e i ricordi d'infanzia - fresca, allegra e con un finale piacevolmente lungo e aromatico.<\/p>\n<h2><strong>Attrezzature moderne, ambienti flessibili e una giocosa variet\u00e0 di sapori<\/strong><\/h2>\n<p>La Pod monouso Vozol Vista 40000 Melon Gum si basa su una potente batteria da 1000 mAh con funzione di ricarica rapida USB-C, per un uso quotidiano affidabile e ininterrotto. La collaudata tecnologia dual mesh coil (S.i.L.C) garantisce fino a 40.000 boccate uniformi con una qualit\u00e0 del sapore sempre elevata. Quattro livelli di wattaggio selezionabili e due varianti di flusso d'aria offrono ampie possibilit\u00e0 di personalizzazione, mentre il display LED integrato mostra tutte le informazioni rilevanti del dispositivo in modo chiaro e in tempo reale.<\/p>\n<p>La gomma Vozol Vista 40000 Melon Gum convince per il suo equilibrato rapporto tra capacit\u00e0, facilit\u00e0 d'uso e qualit\u00e0 del sapore ed \u00e8 disponibile nelle gradazioni di nicotina 2 % e 5 %. La rotella ergonomica consente un controllo diretto e piacevole di tutte le funzioni del dispositivo, supportato da un display reattivo in tempo reale. Questo dispositivo \u00e8 adatto sia ai principianti che ai vapers esperti che cercano un profilo aromatico giocoso ma di alta qualit\u00e0.<\/p>\n<p>Con 4 modalit\u00e0 di alimentazione e 2 impostazioni del flusso d'aria, il Vozol Vista 40000 Melon Gum offre un totale di 8 configurazioni di sapore individuali in un unico dispositivo. Semplicemente passando da un'impostazione all'altra, si aprono sempre nuove sfaccettature del sapore della gomma al melone, da delicatamente melaniche a dolcemente intense, in base ai propri gusti e al proprio umore.<\/p>\n<h2><strong>Propriet\u00e0<\/strong><\/h2>\n<ul>\n<li>Liquido pre-riempito da 20 ml<\/li>\n<li>Batteria ricaricabile ad alte prestazioni da 1000 mAh<\/li>\n<li>Numero di treni: fino a 40.000 treni<\/li>\n<li>4 modalit\u00e0 di potenza in uscita: Soft, Norm, Surge e Turbo<\/li>\n<li>2 livelli di flusso d'aria regolabili con controllo dell'aria a pavimento<\/li>\n<li>Girante per il controllo della potenza<\/li>\n<li>Display digitale curvo sul lato per il livello della batteria, il livello del liquido e la modalit\u00e0 di alimentazione<\/li>\n<li>Intensit\u00e0 di nicotina: 5 % (50 mg\/ml)<\/li>\n<li>Ricarica USB di tipo C (cavo non incluso)<\/li>\n<li>Treno attivato<\/li>\n<li>Vaping MTL<\/li>\n<\/ul>\n<h2><strong>Domande frequenti<\/strong><\/h2>\n<p><strong>Cosa rende Vozol Vista 40K monouso cos\u00ec speciale?<\/strong><\/p>\n<p>La gomma Vozol Vista 40000 Melon Gum colpisce per l'impressionante capacit\u00e0 di 40.000 boccate e per l'involucro trasparente che rivela la tecnologia interna di alta qualit\u00e0.<\/p>\n<p><strong>I livelli di potenza del Vozol Vista 40K possono essere regolati?<\/strong><\/p>\n<p>S\u00ec, il volume del vapore e l'intensit\u00e0 dell'aroma di gomma al melone possono essere regolati con precisione in base alle proprie preferenze grazie a quattro livelli di potenza separati.<\/p>\n<p><strong>Quanti treni offre il Vozol Vista 40K?<\/strong><\/p>\n<p>A seconda del livello di potenza selezionato, l'apparecchio eroga fino a 40.000 soffi, il che lo rende uno dei prodotti pi\u00f9 duraturi della sua categoria.<\/p>\n<p><strong>Quale tecnologia di bobina utilizza il Vozol Vista 40K?<\/strong><\/p>\n<p>Vozol Vista 40000 funziona con bobine a doppia maglia e tecnologia SiLC: una combinazione affidabile per un vapore sempre puro, aromaticamente stabile e di lunga durata.<\/p>\n<p><strong>Vozol Vista 40000 \u00e8 facile da trasportare?<\/strong><\/p>\n<p>S\u00ec, il design compatto e maneggevole di Vozol Vista 40K lo rende il compagno di viaggio ideale, facile da riporre e pronto all'uso in qualsiasi momento.<\/p>\n<h3><strong>Vozol Vista 40000 Gomma al melone - Visualizza ora nel negozio<\/strong><\/h3>\n<p>Se siete alla ricerca di vapori monouso di alta qualit\u00e0 con spedizione rapida, troverete quello che state cercando su <strong><a href=\"https:\/\/www.kurzvape.de\/it\/\">kurzvape - Il vostro negozio online specializzato in prodotti per il vapore<\/a><\/strong> con una gamma accuratamente compilata per ogni stile di vapore. L'intera gamma di prodotti di questo rinomato produttore \u00e8 strutturata in <strong><a href=\"https:\/\/www.kurzvape.de\/it\/product-category\/vozol-vape\/\">Catalogo del produttore VOZOL su kurzvape.de<\/a><\/strong> per una ricerca rapida e mirata dei prodotti. Se desiderate confrontare tutti i modelli e i gusti di questa serie ad alte prestazioni in un colpo d'occhio, il <strong><a href=\"https:\/\/www.kurzvape.de\/it\/product-category\/vozol-vape\/vozol-vista-40000\/\">Pagina panoramica di Vozol Vista 40000<\/a><\/strong> giusto - praticamente compilato per una decisione d'acquisto fondata.<\/p>","protected":false},"excerpt":{"rendered":"<p>La sigaretta elettronica monouso Vozol Vista 40000 Melon Gum colpisce per la sua succosa freschezza di melone e la giocosa dolcezza della gomma da masticare. Con un massimo di 40.000 boccate, 4 modalit\u00e0 di alimentazione, 2 livelli di flusso d'aria e ricarica rapida USB-C, offre la massima flessibilit\u00e0 - compatta, potente e ideale per i viaggi.<\/p>","protected":false},"featured_media":1786,"comment_status":"open","ping_status":"closed","template":"","meta":{"_acf_changed":false},"product_brand":[],"product_cat":[29],"product_tag":[],"class_list":{"0":"post-1784","1":"product","2":"type-product","3":"status-publish","4":"has-post-thumbnail","6":"product_cat-vozol-vista-40000","8":"first","9":"instock","10":"sale","11":"shipping-taxable","12":"purchasable","13":"product-type-variable"},"acf":[],"_links":{"self":[{"href":"https:\/\/www.kurzvape.de\/it\/wp-json\/wp\/v2\/product\/1784","targetHints":{"allow":["GET"]}}],"collection":[{"href":"https:\/\/www.kurzvape.de\/it\/wp-json\/wp\/v2\/product"}],"about":[{"href":"https:\/\/www.kurzvape.de\/it\/wp-json\/wp\/v2\/types\/product"}],"replies":[{"embeddable":true,"href":"https:\/\/www.kurzvape.de\/it\/wp-json\/wp\/v2\/comments?post=1784"}],"wp:featuredmedia":[{"embeddable":true,"href":"https:\/\/www.kurzvape.de\/it\/wp-json\/wp\/v2\/media\/1786"}],"wp:attachment":[{"href":"https:\/\/www.kurzvape.de\/it\/wp-json\/wp\/v2\/media?parent=1784"}],"wp:term":[{"taxonomy":"product_brand","embeddable":true,"href":"https:\/\/www.kurzvape.de\/it\/wp-json\/wp\/v2\/product_brand?post=1784"},{"taxonomy":"product_cat","embeddable":true,"href":"https:\/\/www.kurzvape.de\/it\/wp-json\/wp\/v2\/product_cat?post=1784"},{"taxonomy":"product_tag","embeddable":true,"href":"https:\/\/www.kurzvape.de\/it\/wp-json\/wp\/v2\/product_tag?post=1784"}],"curies":[{"name":"wp","href":"https:\/\/api.w.org\/{rel}","templated":true}]}}