{"id":1805,"date":"2026-03-22T19:47:04","date_gmt":"2026-03-22T11:47:04","guid":{"rendered":"https:\/\/www.kurzvape.de\/?post_type=product&#038;p=1805"},"modified":"2026-03-22T19:47:04","modified_gmt":"2026-03-22T11:47:04","slug":"vozol-vista-40000-strawberry-mango","status":"publish","type":"product","link":"https:\/\/www.kurzvape.de\/it\/product\/vozol-vista-40000-strawberry-mango\/","title":{"rendered":"Vozol Vista 40000 Fragola Mango"},"content":{"rendered":"<h2><strong>Vozol Vista 40000 Fragola Mango Vape usa e getta<\/strong><\/h2>\n<p>Vozol Vista 40000 Strawberry Mango - la vibrante dolcezza fruttata delle fragole mature si fonde con la ricchezza esotica e cremosa del mango tropicale per creare un irresistibile duo di frutti. Ogni boccata porta con s\u00e9 un fruttato radioso e solare - fresco, corposo e con un finale seducentemente lungo e aromatico che trasporta i sensi nei climi tropicali.<\/p>\n<h2><strong>Tecnologia di prima classe, controllo preciso e piacere del vapore fruttato tropicale<\/strong><\/h2>\n<p>La Pod usa e getta Vozol Vista 40000 Strawberry Mango \u00e8 dotata di una potente batteria da 1000 mAh e di una funzione di ricarica rapida USB-C, per un uso quotidiano affidabile senza fastidiose interruzioni di ricarica. L'avanzata tecnologia dual mesh coil (S.i.L.C) garantisce fino a 40.000 boccate uniformi con una qualit\u00e0 del sapore sempre elevata. Quattro livelli di wattaggio selezionabili individualmente e due varianti di flusso d'aria consentono una regolazione fine mirata, mentre il display LED integrato mostra tutti i valori importanti del dispositivo in modo chiaro e in tempo reale.<\/p>\n<p>Vozol Vista 40000 Strawberry Mango combina la leggerezza tropicale con la precisione tecnica ed \u00e8 disponibile nelle gradazioni di nicotina 2 % e 5 %. La caratteristica rotella permette un controllo diretto e tattile di tutte le funzioni del dispositivo, completato da un display reattivo per un'esperienza d'uso ottimizzata. Che sia per il piacere di tutti i giorni o per un'esperienza di gusto speciale, questo dispositivo offre l'impostazione giusta per ogni vaper.<\/p>\n<p>Con 4 modalit\u00e0 di alimentazione e 2 impostazioni del flusso d'aria, Vozol Vista 40000 Strawberry Mango offre un totale di 8 configurazioni di aroma individuali in un unico dispositivo compatto. Passando senza sforzo da una modalit\u00e0 all'altra, l'aroma Strawberry Mango si accende di sfumature sempre nuove, da quelle delicatamente fruttate a quelle intensamente tropicali, per adattarsi ai vostri gusti personali e al vostro umore.<\/p>\n<h2><strong>Propriet\u00e0<\/strong><\/h2>\n<ul>\n<li>Liquido pre-riempito da 20 ml<\/li>\n<li>Batteria ricaricabile ad alte prestazioni da 1000 mAh<\/li>\n<li>Numero di treni: fino a 40.000 treni<\/li>\n<li>4 modalit\u00e0 di potenza in uscita: Soft, Norm, Surge e Turbo<\/li>\n<li>2 livelli di flusso d'aria regolabili con controllo dell'aria a pavimento<\/li>\n<li>Girante per il controllo della potenza<\/li>\n<li>Display digitale curvo sul lato per il livello della batteria, il livello del liquido e la modalit\u00e0 di alimentazione<\/li>\n<li>Intensit\u00e0 di nicotina: 5 % (50 mg\/ml)<\/li>\n<li>Ricarica USB di tipo C (cavo non incluso)<\/li>\n<li>Treno attivato<\/li>\n<li>Vaping MTL<\/li>\n<\/ul>\n<h2><strong>Domande frequenti<\/strong><\/h2>\n<p><strong>Cosa rende Vozol Vista 40K monouso cos\u00ec speciale?<\/strong><\/p>\n<p>Il Vozol Vista 40000 Strawberry Mango colpisce per l'impressionante capacit\u00e0 di 40.000 boccate e per l'involucro trasparente che rende visibile a tutti la tecnologia interna di alta qualit\u00e0.<\/p>\n<p><strong>I livelli di potenza del Vozol Vista 40K possono essere regolati?<\/strong><\/p>\n<p>S\u00ec, il volume del vapore e l'intensit\u00e0 dell'aroma di fragola e mango possono essere regolati con precisione in base alle proprie preferenze attraverso quattro livelli di potenza separati, per un'esperienza di svapo completamente personalizzata.<\/p>\n<p><strong>Quanti treni offre il Vozol Vista 40K?<\/strong><\/p>\n<p>A seconda del livello di potenza selezionato, il dispositivo eroga fino a 40.000 boccate, rendendolo uno dei migliori vapers usa e getta in assoluto sul mercato.<\/p>\n<p><strong>Quale tecnologia di bobina utilizza il Vozol Vista 40K?<\/strong><\/p>\n<p>Vozol Vista 40000 funziona con bobine a doppia maglia e tecnologia SiLC: una combinazione collaudata per un vapore sempre puro, aromaticamente intenso e di lunga durata.<\/p>\n<p><strong>Vozol Vista 40000 \u00e8 facile da trasportare?<\/strong><\/p>\n<p>Nonostante l'elevata capacit\u00e0, Vozol Vista 40K convince per il suo formato sottile e maneggevole: un compagno affidabile sia in viaggio che nell'uso quotidiano.<\/p>\n<h3><strong>Vozol Vista 40000 Fragola Mango - Acquista online ora<\/strong><\/h3>\n<p>Per i vapers che danno la priorit\u00e0 all'affidabilit\u00e0 e alla qualit\u00e0 del prodotto quando fanno acquisti, il <strong><a href=\"https:\/\/www.kurzvape.de\/it\/\">kurzvape - l'affermato negozio online di sigarette elettroniche e vapes<\/a><\/strong> \u00e8 la scelta giusta, grazie a un assortimento in costante crescita e a un servizio di assistenza attento ai clienti. Chi desidera approfondire la gamma di prodotti di questo rinomato produttore, trover\u00e0 tutti gli elettrodomestici e gli accessori organizzati nell'area \"La casa\". <strong><a href=\"https:\/\/www.kurzvape.de\/it\/product-category\/vozol-vape\/\">Profilo del fornitore VOZOL su kurzvape<\/a><\/strong> - facile da navigare e sempre aggiornato. Tutti i gusti e le versioni di questa apprezzata gamma ad alte prestazioni sono disponibili nel <strong><a href=\"https:\/\/www.kurzvape.de\/it\/product-category\/vozol-vape\/vozol-vista-40000\/\">Selezione della serie Vozol Vista 40000<\/a><\/strong> sono disponibili - organizzati in modo chiaro per una decisione d'acquisto rapida e fondata.<\/p>","protected":false},"excerpt":{"rendered":"<p>La sigaretta elettronica monouso Vozol Vista 40000 Strawberry Mango colpisce per la vibrante dolcezza delle fragole mature e l'esotica cremosit\u00e0 del mango tropicale. Con fino a 40.000 boccate, 4 modalit\u00e0 di alimentazione, 2 livelli di flusso d'aria e ricarica rapida USB-C, offre la massima flessibilit\u00e0 - compatta, potente e ideale per i viaggi.<\/p>","protected":false},"featured_media":1806,"comment_status":"open","ping_status":"closed","template":"","meta":{"_acf_changed":false},"product_brand":[],"product_cat":[29],"product_tag":[],"class_list":{"0":"post-1805","1":"product","2":"type-product","3":"status-publish","4":"has-post-thumbnail","6":"product_cat-vozol-vista-40000","8":"first","9":"instock","10":"sale","11":"shipping-taxable","12":"purchasable","13":"product-type-variable"},"acf":[],"_links":{"self":[{"href":"https:\/\/www.kurzvape.de\/it\/wp-json\/wp\/v2\/product\/1805","targetHints":{"allow":["GET"]}}],"collection":[{"href":"https:\/\/www.kurzvape.de\/it\/wp-json\/wp\/v2\/product"}],"about":[{"href":"https:\/\/www.kurzvape.de\/it\/wp-json\/wp\/v2\/types\/product"}],"replies":[{"embeddable":true,"href":"https:\/\/www.kurzvape.de\/it\/wp-json\/wp\/v2\/comments?post=1805"}],"wp:featuredmedia":[{"embeddable":true,"href":"https:\/\/www.kurzvape.de\/it\/wp-json\/wp\/v2\/media\/1806"}],"wp:attachment":[{"href":"https:\/\/www.kurzvape.de\/it\/wp-json\/wp\/v2\/media?parent=1805"}],"wp:term":[{"taxonomy":"product_brand","embeddable":true,"href":"https:\/\/www.kurzvape.de\/it\/wp-json\/wp\/v2\/product_brand?post=1805"},{"taxonomy":"product_cat","embeddable":true,"href":"https:\/\/www.kurzvape.de\/it\/wp-json\/wp\/v2\/product_cat?post=1805"},{"taxonomy":"product_tag","embeddable":true,"href":"https:\/\/www.kurzvape.de\/it\/wp-json\/wp\/v2\/product_tag?post=1805"}],"curies":[{"name":"wp","href":"https:\/\/api.w.org\/{rel}","templated":true}]}}