{"id":1821,"date":"2026-03-22T20:06:01","date_gmt":"2026-03-22T12:06:01","guid":{"rendered":"https:\/\/www.kurzvape.de\/?post_type=product&#038;p=1821"},"modified":"2026-03-22T20:06:02","modified_gmt":"2026-03-22T12:06:02","slug":"vozol-vista-40000-strawberry-ice","status":"publish","type":"product","link":"https:\/\/www.kurzvape.de\/it\/product\/vozol-vista-40000-strawberry-ice\/","title":{"rendered":"Vozol Vista 40000 Ghiaccio alla fragola"},"content":{"rendered":"<h2><strong>Vozol Vista 40000 Strawberry Ice vape usa e getta<\/strong><\/h2>\n<p>Vozol Vista 40000 Strawberry Ice - la dolcezza intensa e corposa delle fragole mature incontra la freschezza del ghiaccio e crea un'esperienza di gusto equilibrata e rinfrescante di tipo speciale. Il naturale fruttato della fragola si sviluppa in un'armoniosa interazione con la nota rinfrescante del mentolo - succosa, vivace e con un finale piacevolmente fresco e di lunga durata che rivitalizza i sensi.<\/p>\n<h2><strong>Attrezzature di alta qualit\u00e0, controllo preciso e gusto rinfrescante del gelato alla fragola<\/strong><\/h2>\n<p>La Pod monouso Vozol Vista 40000 Strawberry Ice \u00e8 dotata di un'affidabile batteria da 1000 mAh e di una funzione di ricarica rapida USB-C, per un uso quotidiano senza fastidiose interruzioni di ricarica. L'avanzata tecnologia dual mesh coil (S.i.L.C) offre fino a 40.000 boccate uniformi con una qualit\u00e0 del sapore sempre elevata. Quattro livelli di wattaggio selezionabili e due impostazioni del flusso d'aria consentono di personalizzare in modo mirato l'esperienza di svapo, mentre il display LED integrato mostra chiaramente il livello della batteria, il livello del liquido e la modalit\u00e0 di alimentazione in ogni momento.<\/p>\n<p>Il Vozol Vista 40000 Strawberry Ice combina il classico piacere del ghiaccio alla frutta con l'affidabilit\u00e0 tecnica ed \u00e8 disponibile nelle gradazioni di nicotina 2 % e 5 %. La rotella ergonomica assicura un funzionamento diretto e piacevole di tutte le funzioni del dispositivo, supportato da un display reattivo in tempo reale per un'esperienza d'uso ottimizzata. Questo apparecchio si rivolge a tutti coloro che apprezzano un profilo aromatico classico e rinfrescante con un design tecnico di alta qualit\u00e0.<\/p>\n<p>Con 4 modalit\u00e0 di alimentazione e 2 varianti di flusso d'aria, Vozol Vista 40000 Strawberry Ice offre un totale di 8 configurazioni di sapore individuali in un unico dispositivo compatto. Passando senza sforzo da un'impostazione all'altra si pu\u00f2 sperimentare l'aroma Strawberry Ice con sfaccettature sempre nuove: da morbido, fruttato e fresco a intensamente rinfrescante, in base ai propri gusti e al proprio umore.<\/p>\n<h2><strong>Propriet\u00e0<\/strong><\/h2>\n<ul>\n<li>Liquido pre-riempito da 20 ml<\/li>\n<li>Batteria ricaricabile ad alte prestazioni da 1000 mAh<\/li>\n<li>Numero di treni: fino a 40.000 treni<\/li>\n<li>4 modalit\u00e0 di potenza in uscita: Soft, Norm, Surge e Turbo<\/li>\n<li>2 livelli di flusso d'aria regolabili con controllo dell'aria a pavimento<\/li>\n<li>Girante per il controllo della potenza<\/li>\n<li>Display digitale curvo sul lato per il livello della batteria, il livello del liquido e la modalit\u00e0 di alimentazione<\/li>\n<li>Intensit\u00e0 di nicotina: 5 % (50 mg\/ml)<\/li>\n<li>Ricarica USB di tipo C (cavo non incluso)<\/li>\n<li>Treno attivato<\/li>\n<li>Vaping MTL<\/li>\n<\/ul>\n<h2><strong>Domande frequenti<\/strong><\/h2>\n<p><strong>Cosa rende Vozol Vista 40K monouso cos\u00ec speciale?<\/strong><\/p>\n<p>Il Vozol Vista 40000 Strawberry Ice si distingue per la sua notevole capacit\u00e0 di 40.000 soffi e per l'involucro trasparente che rende direttamente visibile la tecnologia interna di alta qualit\u00e0.<\/p>\n<p><strong>I livelli di potenza del Vozol Vista 40K possono essere regolati?<\/strong><\/p>\n<p>S\u00ec, quattro livelli di potenza dedicati consentono di regolare con precisione la quantit\u00e0 di vapore e l'intensit\u00e0 dell'aroma Strawberry Ice, per un'esperienza di svapo personalizzata.<\/p>\n<p><strong>Quanti treni offre il Vozol Vista 40K?<\/strong><\/p>\n<p>A seconda del livello di potenza selezionato, il dispositivo pu\u00f2 fornire fino a 40.000 boccate, il che lo rende uno dei migliori vapers usa e getta sul mercato.<\/p>\n<p><strong>Quale tecnologia di bobina utilizza il Vozol Vista 40K?<\/strong><\/p>\n<p>Vozol Vista 40000 utilizza bobine a doppia maglia con tecnologia SiLC, per un vapore sempre puro, aromaticamente stabile e di lunga durata.<\/p>\n<p><strong>Vozol Vista 40000 \u00e8 facile da trasportare?<\/strong><\/p>\n<p>S\u00ec, l'alloggiamento sottile ed ergonomico della Vozol Vista 40K la rende un compagno pratico e maneggevole per tutti i giorni, nonostante la sua elevata capacit\u00e0.<\/p>\n<h3><strong>Vozol Vista 40000 Strawberry Ice - Acquista ora<\/strong><\/h3>\n<p>Se siete alla ricerca di vapori usa e getta di prima classe di produttori collaudati, allora <strong><a href=\"https:\/\/www.kurzvape.de\/it\/\">kurzvape - Il vostro rivenditore online specializzato in sigarette elettroniche<\/a><\/strong> \u00e8 l'indirizzo giusto, con un'ampia gamma di prodotti e un servizio di spedizione affidabile. Una panoramica strutturata dell'intera gamma di prodotti di questo produttore \u00e8 disponibile al sito <strong><a href=\"https:\/\/www.kurzvape.de\/it\/product-category\/vozol-vape\/\">Panoramica delle offerte VOZOL su kurzvape<\/a><\/strong> - organizzato in modo chiaro e facile da navigare. Tutte le versioni e i gusti di questa popolare serie di apparecchi possono essere comodamente selezionati attraverso il menu <strong><a href=\"https:\/\/www.kurzvape.de\/it\/product-category\/vozol-vape\/vozol-vista-40000\/\">Pagina del prodotto della serie Vozol Vista 40000<\/a><\/strong> Il catalogo dei prodotti pu\u00f2 essere consultato su Internet: l'ideale per chi vuole avere una panoramica completa prima di effettuare un acquisto.<\/p>","protected":false},"excerpt":{"rendered":"<p>La sigaretta elettronica monouso Vozol Vista 40000 Strawberry Ice colpisce per la sua corposa dolcezza di fragole mature e la tonificante freschezza del ghiaccio. Con fino a 40.000 boccate, 4 modalit\u00e0 di alimentazione, 2 livelli di flusso d'aria e ricarica rapida USB-C, offre la massima flessibilit\u00e0 - compatta, potente e ideale per i viaggi.<\/p>","protected":false},"featured_media":1822,"comment_status":"open","ping_status":"closed","template":"","meta":{"_acf_changed":false},"product_brand":[],"product_cat":[29],"product_tag":[],"class_list":{"0":"post-1821","1":"product","2":"type-product","3":"status-publish","4":"has-post-thumbnail","6":"product_cat-vozol-vista-40000","8":"first","9":"instock","10":"sale","11":"shipping-taxable","12":"purchasable","13":"product-type-variable"},"acf":[],"_links":{"self":[{"href":"https:\/\/www.kurzvape.de\/it\/wp-json\/wp\/v2\/product\/1821","targetHints":{"allow":["GET"]}}],"collection":[{"href":"https:\/\/www.kurzvape.de\/it\/wp-json\/wp\/v2\/product"}],"about":[{"href":"https:\/\/www.kurzvape.de\/it\/wp-json\/wp\/v2\/types\/product"}],"replies":[{"embeddable":true,"href":"https:\/\/www.kurzvape.de\/it\/wp-json\/wp\/v2\/comments?post=1821"}],"wp:featuredmedia":[{"embeddable":true,"href":"https:\/\/www.kurzvape.de\/it\/wp-json\/wp\/v2\/media\/1822"}],"wp:attachment":[{"href":"https:\/\/www.kurzvape.de\/it\/wp-json\/wp\/v2\/media?parent=1821"}],"wp:term":[{"taxonomy":"product_brand","embeddable":true,"href":"https:\/\/www.kurzvape.de\/it\/wp-json\/wp\/v2\/product_brand?post=1821"},{"taxonomy":"product_cat","embeddable":true,"href":"https:\/\/www.kurzvape.de\/it\/wp-json\/wp\/v2\/product_cat?post=1821"},{"taxonomy":"product_tag","embeddable":true,"href":"https:\/\/www.kurzvape.de\/it\/wp-json\/wp\/v2\/product_tag?post=1821"}],"curies":[{"name":"wp","href":"https:\/\/api.w.org\/{rel}","templated":true}]}}