{"id":1967,"date":"2026-03-26T00:27:03","date_gmt":"2026-03-25T16:27:03","guid":{"rendered":"https:\/\/www.kurzvape.de\/?post_type=product&#038;p=1967"},"modified":"2026-03-26T00:27:03","modified_gmt":"2026-03-25T16:27:03","slug":"elf-bar-gh-23000-purple-mint","status":"publish","type":"product","link":"https:\/\/www.kurzvape.de\/it\/product\/elf-bar-gh-23000-purple-mint\/","title":{"rendered":"ELF BAR GH 23000 Viola Menta"},"content":{"rendered":"<h2 data-section-id=\"15sgw02\" data-start=\"0\" data-end=\"89\"><strong>ELF BAR GH 23000 Purple Mint monouso - Menta fresca con un misterioso sapore di bacche<\/strong><\/h2>\n<p data-start=\"91\" data-end=\"536\">Se siete alla ricerca di un'esperienza di svapo equilibrata, con una freschezza fresca e un carattere speciale di frutta, il <strong data-start=\"204\" data-end=\"236\">ELF BAR GH 23000 Viola Menta<\/strong> una scelta forte. Questo modello combina una moderna composizione di sapori con caratteristiche tecniche progettate per un piacere duraturo. La combinazione di freschezza intensa, lunga autonomia e praticit\u00e0 d'uso rende l'apparecchio un compagno interessante per l'uso quotidiano.<\/p>\n<h2 data-section-id=\"113550e\" data-start=\"538\" data-end=\"580\"><strong>Menta viola - fresca, rotonda e aromatica<\/strong><\/h2>\n<p data-start=\"582\" data-end=\"985\">Il <strong data-start=\"586\" data-end=\"618\">ELF BAR GH 23000 Viola Menta<\/strong> offre un profilo gustativo distintivo che combina la menta fresca con una nota di frutta viola sottilmente dolce. Questo crea un'impressione chiara e rinfrescante, con una piacevole profondit\u00e0 e un finale delicato. Il sapore \u00e8 rinvigorente senza essere eccessivo ed \u00e8 particolarmente adatto a chi preferisce variet\u00e0 fresche con un tocco moderno.<\/p>\n<p data-start=\"1032\" data-end=\"1387\">Con un massimo di 23.000 puff, 23 ml di e-liquid e una batteria ricaricabile da 850 mAh, la GH 23000 \u00e8 progettata per un uso duraturo. La ricarica tramite USB-C garantisce una facile gestione, mentre il design compatto la rende particolarmente pratica per l'uso in movimento. Ci\u00f2 significa che l'intero liquido pu\u00f2 essere utilizzato in modo efficiente senza che la potenza diminuisca prematuramente.<\/p>\n<p data-start=\"1389\" data-end=\"1741\">Il sistema integrato <strong data-start=\"1405\" data-end=\"1437\">Tecnologia della bobina a tripla maglia<\/strong> favorisce una vaporizzazione uniforme e aiuta a riprodurre in modo coerente e chiaro l'aroma di menta viola. Il display a LED mostra in ogni momento lo stato della batteria e del liquido. Inoltre, tre modalit\u00e0 di alimentazione e un flusso d'aria regolabile garantiscono un'esperienza di svapo personalizzabile.<\/p>\n<h2 data-section-id=\"43hqdh\" data-start=\"1743\" data-end=\"1800\"><strong>Caratteristiche tecniche di ELF BAR GH 23000 Purple Mint<\/strong><\/h2>\n<ul>\n<li><strong data-start=\"1804\" data-end=\"1813\">Treni:<\/strong> Fino a 23.000 treni per una lunga durata di servizio<\/li>\n<li><strong data-start=\"1866\" data-end=\"1879\">Liquido elettronico:<\/strong> 23 ml di liquido con pienezza di sapore intenso<\/li>\n<li><strong data-start=\"1923\" data-end=\"1932\">Batteria:<\/strong> 850 mAh, ricaricabile tramite USB-C<\/li>\n<li><strong data-start=\"1972\" data-end=\"1984\">Display:<\/strong> Display a LED per lo stato della batteria e del liquido<\/li>\n<li><strong data-start=\"2028\" data-end=\"2049\">Modalit\u00e0 e flusso d'aria:<\/strong> Tre modalit\u00e0 di vapore e flusso d'aria regolabile in modo flessibile<\/li>\n<li><strong data-start=\"2104\" data-end=\"2115\">Design:<\/strong> Compatto, moderno e adatto all'uso quotidiano<\/li>\n<li><strong data-start=\"2156\" data-end=\"2166\">Sapore:<\/strong> Menta fresca con una delicata nota fruttata-violacea<\/li>\n<\/ul>\n<h2 data-section-id=\"168k8mp\" data-start=\"2221\" data-end=\"2272\"><strong>Perch\u00e9 ELF BAR GH 23000 Purple Mint \u00e8 convincente<\/strong><\/h2>\n<ul>\n<li><strong data-start=\"2276\" data-end=\"2299\">Profilo aromatico chiaro:<\/strong> Freschezza e sottile dolcezza si traducono in una miscela piacevolmente moderna.<\/li>\n<li><strong data-start=\"2369\" data-end=\"2392\">Visualizzazione pratica:<\/strong> Il display fornisce le informazioni pi\u00f9 importanti a colpo d'occhio.<\/li>\n<li><strong data-start=\"2456\" data-end=\"2477\">Utilizzo flessibile:<\/strong> Le tre modalit\u00e0 consentono un maggiore controllo del vapore e dell'intensit\u00e0.<\/li>\n<li><strong data-start=\"2550\" data-end=\"2573\">Qualit\u00e0 costante:<\/strong> La tecnologia della bobina favorisce un'esperienza di aroma costante.<\/li>\n<li><strong data-start=\"2652\" data-end=\"2681\">Pacchetto complessivo coordinato:<\/strong> Sapore, tecnologia e maneggevolezza si integrano perfettamente.<\/li>\n<\/ul>\n<h3 data-section-id=\"4lva4y\" data-start=\"2744\" data-end=\"2773\"><strong>Scoprire altre aree<\/strong><\/h3>\n<p data-start=\"2775\" data-end=\"3359\" data-is-last-node=\"\" data-is-only-node=\"\">Per accedere direttamente alla gamma di prodotti, il sito <strong data-start=\"2825\" data-end=\"2905\"><a class=\"decorated-link\" href=\"https:\/\/www.kurzvape.de\/it\/\" target=\"_new\" rel=\"noopener\" data-start=\"2827\" data-end=\"2903\">Home page centralizzata di short vape con tutti i nuovi prodotti<\/a><\/strong> alle offerte pi\u00f9 importanti in un colpo d'occhio. Un'ampia panoramica del marchio \u00e8 fornita dalla sezione <strong data-start=\"3002\" data-end=\"3103\"><a class=\"decorated-link\" href=\"https:\/\/www.kurzvape.de\/it\/product-category\/elf-bar-vape\/\" target=\"_new\" rel=\"noopener\" data-start=\"3004\" data-end=\"3101\">L'intera collezione di vape ELF BAR nel negozio<\/a><\/strong> con molte varianti e gusti. Se desiderate esplorare la gamma in modo pi\u00f9 dettagliato, potete trovare il sito web <strong data-start=\"3204\" data-end=\"3319\"><a class=\"decorated-link\" href=\"https:\/\/www.kurzvape.de\/it\/product-category\/elf-bar-vape\/elf-bar-gh-23000\/\" target=\"_new\" rel=\"noopener\" data-start=\"3206\" data-end=\"3317\">GH 23000 Panoramica del modello da ELF BAR<\/a><\/strong> Altre versioni e opzioni di gusto.<\/p>","protected":false},"excerpt":{"rendered":"<p>ELF BAR GH 23000 Purple Mint offre fino a 23.000 puff, 23 ml di e-liquid, batteria da 850 mAh, display a LED, tre modalit\u00e0 di svapo e flusso d'aria regolabile. La menta fresca incontra un sottile sapore di frutta viola per un'esperienza di svapo intensa e rinfrescante.<\/p>","protected":false},"featured_media":1965,"comment_status":"open","ping_status":"closed","template":"","meta":{"_acf_changed":false},"product_brand":[],"product_cat":[32],"product_tag":[],"class_list":{"0":"post-1967","1":"product","2":"type-product","3":"status-publish","4":"has-post-thumbnail","6":"product_cat-elf-bar-gh-23000","8":"first","9":"instock","10":"sale","11":"shipping-taxable","12":"purchasable","13":"product-type-variable"},"acf":[],"_links":{"self":[{"href":"https:\/\/www.kurzvape.de\/it\/wp-json\/wp\/v2\/product\/1967","targetHints":{"allow":["GET"]}}],"collection":[{"href":"https:\/\/www.kurzvape.de\/it\/wp-json\/wp\/v2\/product"}],"about":[{"href":"https:\/\/www.kurzvape.de\/it\/wp-json\/wp\/v2\/types\/product"}],"replies":[{"embeddable":true,"href":"https:\/\/www.kurzvape.de\/it\/wp-json\/wp\/v2\/comments?post=1967"}],"wp:featuredmedia":[{"embeddable":true,"href":"https:\/\/www.kurzvape.de\/it\/wp-json\/wp\/v2\/media\/1965"}],"wp:attachment":[{"href":"https:\/\/www.kurzvape.de\/it\/wp-json\/wp\/v2\/media?parent=1967"}],"wp:term":[{"taxonomy":"product_brand","embeddable":true,"href":"https:\/\/www.kurzvape.de\/it\/wp-json\/wp\/v2\/product_brand?post=1967"},{"taxonomy":"product_cat","embeddable":true,"href":"https:\/\/www.kurzvape.de\/it\/wp-json\/wp\/v2\/product_cat?post=1967"},{"taxonomy":"product_tag","embeddable":true,"href":"https:\/\/www.kurzvape.de\/it\/wp-json\/wp\/v2\/product_tag?post=1967"}],"curies":[{"name":"wp","href":"https:\/\/api.w.org\/{rel}","templated":true}]}}