{"id":1975,"date":"2026-03-27T00:14:17","date_gmt":"2026-03-26T16:14:17","guid":{"rendered":"https:\/\/www.kurzvape.de\/?post_type=product&#038;p=1975"},"modified":"2026-03-27T00:14:17","modified_gmt":"2026-03-26T16:14:17","slug":"vozol-neon-45000-berry-mint","status":"publish","type":"product","link":"https:\/\/www.kurzvape.de\/it\/product\/vozol-neon-45000-berry-mint\/","title":{"rendered":"Vozol Neon 45000 Menta e Bacche"},"content":{"rendered":"<h2><strong>Vozol Neon 45000 Berry Mint Vape usa e getta - Fresco, fruttato e di lunga durata<\/strong><\/h2>\n<p>Il <strong>Gusto menta e frutti di bosco<\/strong> combina la dolcezza dei succosi frutti di bosco con la fresca freschezza della menta. Ogni boccata offre una combinazione rinfrescante e fruttata che rivitalizza e stimola l'appetito per la boccata successiva. Il <strong>Vozol Neon 45000 Berry Mint vape usa e getta<\/strong> offre un'esperienza di vapore intensa e duratura, fino a 45.000 boccate senza bisogno di ricaricare o cambiare le bobine.<\/p>\n<h2><strong>Perch\u00e9 Berry Mint \u00e8 cos\u00ec speciale<\/strong><\/h2>\n<p>Il <strong>Vozol Neon 45000 Menta e Bacche<\/strong> porta il vaping monouso a un nuovo livello. Grazie alla tecnologia dual mesh coil, l'aroma rimane sempre forte dall'inizio alla fine. La batteria ricaricabile da 800 mAh garantisce un uso duraturo, mentre la ricarica rapida tramite USB-C assicura sempre la massima potenza.<\/p>\n<p>Grazie ai controlli ICE e NIC regolabili, \u00e8 possibile personalizzare l'intensit\u00e0 del raffreddamento e il contenuto di nicotina fino a 5 % in base alle proprie preferenze. Inoltre, \u00e8 possibile scegliere tra 26 gusti entusiasmanti, dalle combinazioni fruttate al mentolo fresco, per un sapore che si adatta perfettamente al vostro stato d'animo.<\/p>\n<p>Per svapare comodamente in movimento, il <strong>Vozol Neon 45000<\/strong> ha una cialda pre-riempita da 20 ml a prova di perdite, una finestra trasparente per il controllo rapido del liquido e un elegante design a sfumature di colore. Non \u00e8 necessario ricaricare o cambiare le bobine: tutto per un vaping elegante e senza complicazioni.<\/p>\n<h2><strong>Vozol Neon 45000 Puffs Specifiche:<\/strong><\/h2>\n<ul>\n<li>Fino a 45.000 boccate: un divertimento duraturo senza interruzioni<\/li>\n<li>Raffreddamento regolabile - 4 livelli per un equilibrio ottimale tra freschezza e sapore<\/li>\n<li>Controllo della potenza e del flusso d'aria - 3 livelli per soffi delicati o dense nuvole di vapore<\/li>\n<li>Display intelligente - mostra il livello della batteria e del liquido in tempo reale<\/li>\n<li>Batteria da 800 mAh - ricaricabile tramite USB-C<\/li>\n<li>Bobina a doppia maglia: assicura un sapore intenso e uniforme<\/li>\n<\/ul>\n<h2><strong>Controllo preciso e sapore intenso<\/strong><\/h2>\n<p>Il <strong>Vozol Neon 45000 Menta e Bacche<\/strong> consente il pieno controllo dell'esperienza di vaping:<\/p>\n<ul>\n<li><strong>4 livelli di raffreddamento:<\/strong> Scegliete tra una freschezza delicata o un raffreddamento intenso.<\/li>\n<li><strong>3 livelli di potenza e flusso d'aria:<\/strong> Da una leggera trazione a una performance da inseguire con le nuvole.<\/li>\n<li><strong>Bobina a doppia maglia da 0,65\u03a9:<\/strong> Sapore forte e costante fino a 45.000 boccate.<\/li>\n<li><strong>Display intelligente:<\/strong> Livello della batteria e 20 ml di liquido sempre a portata di mano.<\/li>\n<\/ul>\n<h2><strong>FAQ - Domande frequenti<\/strong><\/h2>\n<p><strong>D: Come posso regolare il raffreddamento?<\/strong><br \/>\nR: L'interruttore pu\u00f2 essere utilizzato per selezionare quattro livelli di raffreddamento senza compromettere il sapore.<\/p>\n<p><strong>D: Il dispositivo \u00e8 ricaricabile?<\/strong><br \/>\nR: S\u00ec, la batteria da 800 mAh si ricarica rapidamente tramite USB-C.<\/p>\n<p><strong>D: Che cos'ha di speciale la bobina a doppia maglia?<\/strong><br \/>\nR: Garantisce un vapore uniforme, un sapore forte ed evita le note di bruciato.<\/p>\n<h3><strong>Scopri ulteriori informazioni e prodotti<\/strong><\/h3>\n<p>Per tutti i dettagli e le novit\u00e0 sul vaping, visitate il sito <strong data-start=\"341\" data-end=\"407\"><a class=\"decorated-link\" href=\"https:\/\/www.kurzvape.de\/it\/\" target=\"_new\" rel=\"noopener\" data-start=\"343\" data-end=\"405\">il sito ufficiale di KurzVape<\/a><\/strong>. \u00c8 inoltre possibile esplorare <strong data-start=\"431\" data-end=\"533\"><a class=\"decorated-link\" href=\"https:\/\/www.kurzvape.de\/it\/product-category\/vozol-vape\/\" target=\"_new\" rel=\"noopener\" data-start=\"433\" data-end=\"531\">la nostra ampia selezione di dispositivi VOZOL VAPE<\/a><\/strong> o informarsi direttamente su <strong data-start=\"572\" data-end=\"682\"><a class=\"decorated-link\" href=\"https:\/\/www.kurzvape.de\/it\/product-category\/vozol-vape\/vozol-neon-45000\/\" target=\"_new\" rel=\"noopener\" data-start=\"574\" data-end=\"680\">i vaporizzatori monouso Vozol Neon 45000<\/a><\/strong>, per trovare la vostra esperienza di vaping perfetta.<\/p>","protected":false},"excerpt":{"rendered":"<p>Il vape monouso Vozol Neon 45000 Berry Mint combina i dolci frutti di bosco con la fresca menta. Con un massimo di 45.000 boccate, doppia bobina a rete, 4 livelli di raffreddamento, 3 livelli di flusso d'aria e batteria da 800 mAh, offre un'esperienza di vapore fruttato e fresco di lunga durata.<\/p>","protected":false},"featured_media":1976,"comment_status":"open","ping_status":"closed","template":"","meta":{"_acf_changed":false},"product_brand":[],"product_cat":[33],"product_tag":[],"class_list":{"0":"post-1975","1":"product","2":"type-product","3":"status-publish","4":"has-post-thumbnail","6":"product_cat-vozol-neon-45000","8":"first","9":"instock","10":"sale","11":"shipping-taxable","12":"purchasable","13":"product-type-variable"},"acf":[],"_links":{"self":[{"href":"https:\/\/www.kurzvape.de\/it\/wp-json\/wp\/v2\/product\/1975","targetHints":{"allow":["GET"]}}],"collection":[{"href":"https:\/\/www.kurzvape.de\/it\/wp-json\/wp\/v2\/product"}],"about":[{"href":"https:\/\/www.kurzvape.de\/it\/wp-json\/wp\/v2\/types\/product"}],"replies":[{"embeddable":true,"href":"https:\/\/www.kurzvape.de\/it\/wp-json\/wp\/v2\/comments?post=1975"}],"wp:featuredmedia":[{"embeddable":true,"href":"https:\/\/www.kurzvape.de\/it\/wp-json\/wp\/v2\/media\/1976"}],"wp:attachment":[{"href":"https:\/\/www.kurzvape.de\/it\/wp-json\/wp\/v2\/media?parent=1975"}],"wp:term":[{"taxonomy":"product_brand","embeddable":true,"href":"https:\/\/www.kurzvape.de\/it\/wp-json\/wp\/v2\/product_brand?post=1975"},{"taxonomy":"product_cat","embeddable":true,"href":"https:\/\/www.kurzvape.de\/it\/wp-json\/wp\/v2\/product_cat?post=1975"},{"taxonomy":"product_tag","embeddable":true,"href":"https:\/\/www.kurzvape.de\/it\/wp-json\/wp\/v2\/product_tag?post=1975"}],"curies":[{"name":"wp","href":"https:\/\/api.w.org\/{rel}","templated":true}]}}