{"id":1978,"date":"2026-03-27T00:21:02","date_gmt":"2026-03-26T16:21:02","guid":{"rendered":"https:\/\/www.kurzvape.de\/?post_type=product&#038;p=1978"},"modified":"2026-03-27T00:21:02","modified_gmt":"2026-03-26T16:21:02","slug":"vozol-neon-45000-blue-razz-ice","status":"publish","type":"product","link":"https:\/\/www.kurzvape.de\/it\/product\/vozol-neon-45000-blue-razz-ice\/","title":{"rendered":"Vozol Neon 45000 Blu Razz Ice"},"content":{"rendered":"<h2><strong>Vozol Neon 45000 Blue Razz Ice vape monouso - Fruttato, fresco e rinfrescante<\/strong><\/h2>\n<p>Il <strong data-start=\"81\" data-end=\"108\">Gusto ghiaccio Blue Razz<\/strong> combina il sapore agrodolce del lampone blu con una piacevole freschezza. Il risultato \u00e8 un sapore vivace e rinfrescante, intenso ed equilibrato quando viene infuso. Il <strong data-start=\"296\" data-end=\"342\">Vozol Neon 45000 Blue Razz Ice vape usa e getta<\/strong> offre un'esperienza di vapore di lunga durata, fino a 45.000 boccate, senza dover ricaricare o cambiare le bobine.<\/p>\n<h2><strong>Perch\u00e9 Blue Razz Ice \u00e8 cos\u00ec speciale<\/strong><\/h2>\n<p data-start=\"494\" data-end=\"767\">Il <strong data-start=\"498\" data-end=\"532\">Vozol Neon 45000 Blu Razz Ice<\/strong> utilizza la tecnologia a doppia maglia per garantire che il sapore rimanga chiaro e forte dalla prima all'ultima boccata. La batteria ricaricabile da 800 mAh supporta una lunga durata di utilizzo, mentre l'USB-C assicura una ricarica rapida e comoda.<\/p>\n<p data-start=\"769\" data-end=\"1044\">Grazie alle funzioni ICE e NIC regolabili, \u00e8 possibile personalizzare l'intensit\u00e0 del raffreddamento e regolare l'intensit\u00e0 della nicotina. \u00c8 inoltre possibile scegliere tra 26 aromi, in modo da avere sempre un'opzione adatta alle diverse preferenze.<\/p>\n<p data-start=\"1046\" data-end=\"1320\">Il dispositivo \u00e8 particolarmente pratico per l'uso quotidiano: la cialda pre-riempita da 20 ml, la finestra trasparente per il liquido e il design sottile garantiscono un facile controllo e un'elevata mobilit\u00e0. Ecco come il <strong data-start=\"1246\" data-end=\"1266\">Vozol Neon 45000<\/strong> Comfort, stile e prestazioni in un formato compatto.<\/p>\n<h2><strong>Vozol Neon 45000 Puffs Specifiche:<\/strong><\/h2>\n<ul>\n<li>Fino a 45.000 boccate - un divertimento di lunga durata<\/li>\n<li>Raffreddamento regolabile - 4 livelli per un perfetto equilibrio tra freschezza e sapore<\/li>\n<li>Controllo della potenza e del flusso d'aria - 3 livelli per soffi delicati o dense nuvole di vapore<\/li>\n<li>Display intelligente - mostra lo stato della batteria e il livello del liquido in tempo reale<\/li>\n<li>Batteria da 800 mAh - ricaricabile tramite USB-C<\/li>\n<li>Bobina a doppia maglia: assicura un sapore intenso e uniforme<\/li>\n<\/ul>\n<h2><strong>Controllo preciso e sapore intenso<\/strong><\/h2>\n<p data-start=\"1775\" data-end=\"1891\">Il <strong data-start=\"1779\" data-end=\"1813\">Vozol Neon 45000 Blu Razz Ice<\/strong> \u00e8 stato sviluppato per gli utenti che desiderano personalizzare la propria esperienza di vaping.<\/p>\n<ul>\n<li><strong data-start=\"1895\" data-end=\"1917\">Raffreddamento a 4 stadi:<\/strong> Scegliete tra la freschezza delicata e il freddo intenso.<\/li>\n<li><strong data-start=\"1977\" data-end=\"2014\">Potenza e flusso d'aria a 3 stadi:<\/strong> Regolare il comportamento di tiraggio e la densit\u00e0 del vapore come richiesto.<\/li>\n<li><strong data-start=\"2075\" data-end=\"2101\">Bobina a doppia maglia da 0,65\u03a9:<\/strong> Supporta lo sviluppo uniforme del sapore per l'intera durata di vita.<\/li>\n<li><strong data-start=\"2189\" data-end=\"2207\">Display intelligente:<\/strong> Batteria e livello del liquido ben visibili in ogni momento.<\/li>\n<\/ul>\n<h2><strong>Vozol Neon 45000 Blu Razz Ice <\/strong><strong style=\"font-size: 23.04px; color: #333333;\">FAQ - Domande frequenti<\/strong><\/h2>\n<h2><\/h2>\n<p data-start=\"2258\" data-end=\"2429\"><strong data-start=\"2287\" data-end=\"2327\">D: Come si regola il raffreddamento?<\/strong><br data-start=\"2327\" data-end=\"2330\" \/>R: \u00c8 possibile utilizzare l'interruttore per passare da un livello di raffreddamento all'altro senza modificare l'aroma.<\/p>\n<p data-start=\"2431\" data-end=\"2525\"><strong data-start=\"2431\" data-end=\"2462\">D: Il dispositivo \u00e8 ricaricabile?<\/strong><br data-start=\"2462\" data-end=\"2465\" \/>R: S\u00ec, la batteria da 800 mAh pu\u00f2 essere caricata rapidamente tramite USB-C.<\/p>\n<p data-start=\"2527\" data-end=\"2673\"><strong data-start=\"2527\" data-end=\"2565\">D: Quali sono i vantaggi della bobina a doppia maglia?<\/strong><br data-start=\"2565\" data-end=\"2568\" \/>R: Assicura un vapore uniforme, un sapore forte e aiuta a evitare le note di bruciato.<\/p>\n<h3><strong>Scoprite altri prodotti e gamme<\/strong><\/h3>\n<p>Per ulteriori informazioni e novit\u00e0 sui prodotti, visitate il sito <strong><a href=\"https:\/\/www.kurzvape.de\/it\/\">il sito ufficiale di KurzVape<\/a><\/strong>. Sfoglia anche in <strong><a href=\"https:\/\/www.kurzvape.de\/it\/product-category\/vozol-vape\/\">della nostra collezione VOZOL VAPE<\/a><\/strong> o informarsi direttamente su <strong><a href=\"https:\/\/www.kurzvape.de\/it\/product-category\/vozol-vape\/vozol-neon-45000\/\">la serie Vozol Neon 45000<\/a><\/strong>, per trovare la vostra esperienza di vaping perfetta.<\/p>","protected":false},"excerpt":{"rendered":"<p>Il vape monouso Vozol Neon 45000 Blue Razz Ice combina il lampone blu agrodolce con l'intensa freschezza del ghiaccio. Con un massimo di 45.000 boccate, doppia bobina a rete, raffreddamento e flusso d'aria regolabili e batteria da 800 mAh, offre un'esperienza di vapore fruttato e freddo di lunga durata.<\/p>","protected":false},"featured_media":1979,"comment_status":"open","ping_status":"closed","template":"","meta":{"_acf_changed":false},"product_brand":[],"product_cat":[33],"product_tag":[],"class_list":{"0":"post-1978","1":"product","2":"type-product","3":"status-publish","4":"has-post-thumbnail","6":"product_cat-vozol-neon-45000","8":"first","9":"instock","10":"sale","11":"shipping-taxable","12":"purchasable","13":"product-type-variable"},"acf":[],"_links":{"self":[{"href":"https:\/\/www.kurzvape.de\/it\/wp-json\/wp\/v2\/product\/1978","targetHints":{"allow":["GET"]}}],"collection":[{"href":"https:\/\/www.kurzvape.de\/it\/wp-json\/wp\/v2\/product"}],"about":[{"href":"https:\/\/www.kurzvape.de\/it\/wp-json\/wp\/v2\/types\/product"}],"replies":[{"embeddable":true,"href":"https:\/\/www.kurzvape.de\/it\/wp-json\/wp\/v2\/comments?post=1978"}],"wp:featuredmedia":[{"embeddable":true,"href":"https:\/\/www.kurzvape.de\/it\/wp-json\/wp\/v2\/media\/1979"}],"wp:attachment":[{"href":"https:\/\/www.kurzvape.de\/it\/wp-json\/wp\/v2\/media?parent=1978"}],"wp:term":[{"taxonomy":"product_brand","embeddable":true,"href":"https:\/\/www.kurzvape.de\/it\/wp-json\/wp\/v2\/product_brand?post=1978"},{"taxonomy":"product_cat","embeddable":true,"href":"https:\/\/www.kurzvape.de\/it\/wp-json\/wp\/v2\/product_cat?post=1978"},{"taxonomy":"product_tag","embeddable":true,"href":"https:\/\/www.kurzvape.de\/it\/wp-json\/wp\/v2\/product_tag?post=1978"}],"curies":[{"name":"wp","href":"https:\/\/api.w.org\/{rel}","templated":true}]}}