{"id":1984,"date":"2026-03-27T00:31:43","date_gmt":"2026-03-26T16:31:43","guid":{"rendered":"https:\/\/www.kurzvape.de\/?post_type=product&#038;p=1984"},"modified":"2026-03-27T00:31:44","modified_gmt":"2026-03-26T16:31:44","slug":"vozol-neon-45000-cherry-cola","status":"publish","type":"product","link":"https:\/\/www.kurzvape.de\/it\/product\/vozol-neon-45000-cherry-cola\/","title":{"rendered":"Vozol Neon 45000 Ciliegia Cola"},"content":{"rendered":"<h2><strong>Vozol Neon 45000 Cherry Cola monouso - classico, saporito e pieno di gusto<\/strong><\/h2>\n<p>Il <strong>Gusto Ciliegia Cola<\/strong> combina il dolce fruttato delle ciliegie mature con l'inconfondibile sapore acidulo della cola. Il risultato \u00e8 un'esperienza di svapo equilibrata e rinfrescante, con una piacevole dolcezza e un carattere leggermente pizzicante. Il <strong>Vozol Neon 45000 Cherry Cola vape usa e getta<\/strong> offre fino a 45.000 boccate per un piacere duraturo senza dover ricaricare o cambiare le bobine.<\/p>\n<h2><strong>Perch\u00e9 la Cherry Cola \u00e8 cos\u00ec popolare<\/strong><\/h2>\n<p>Il <strong>Vozol Neon 45000 Ciliegia Cola<\/strong> utilizza la tecnologia a doppia maglia per garantire che il sapore rimanga chiaro e costante per tutto il periodo di utilizzo. La batteria ricaricabile da 800 mAh assicura prestazioni di lunga durata, mentre la ricarica tramite USB-C \u00e8 facile e veloce.<\/p>\n<p>Grazie alle funzioni ICE e NIC regolabili, \u00e8 possibile personalizzare l'intensit\u00e0 del raffreddamento e l'intensit\u00e0 della nicotina. \u00c8 inoltre possibile scegliere tra 26 diversi aromi, che consentono al dispositivo di adattarsi in modo flessibile alle diverse preferenze.<\/p>\n<p>Il dispositivo \u00e8 particolarmente pratico per l'uso in mobilit\u00e0: la cialda pre-riempita da 20 ml, la finestra trasparente per il liquido e il design sottile lo rendono facile e comodo da usare. Ecco come il <strong>Vozol Neon 45000<\/strong> Stile, comfort e prestazioni potenti in un formato compatto.<\/p>\n<h2><strong>Vozol Neon 45000 Puffs Specifiche:<\/strong><\/h2>\n<ul>\n<li>Fino a 45.000 boccate - per un divertimento prolungato<\/li>\n<li>4 livelli di raffreddamento: da dolcemente fresco a nettamente ghiacciato<\/li>\n<li>3 livelli di potenza e di flusso d'aria - per un comfort di trazione perfettamente regolato<\/li>\n<li>Display intelligente - mostra il livello della batteria e del liquido in tempo reale<\/li>\n<li>Batteria da 800 mAh - ricaricabile tramite USB-C<\/li>\n<li>Bobina a doppia maglia - per un sapore intenso e uniforme<\/li>\n<\/ul>\n<h2><strong>Controllo per un'esperienza di svapo equilibrata<\/strong><\/h2>\n<p>Il <strong>Vozol Neon 45000 Ciliegia Cola<\/strong> \u00e8 stato sviluppato per gli utenti che desiderano personalizzare la propria esperienza di vaping.<\/p>\n<ul>\n<li><strong>Raffreddamento a 4 stadi:<\/strong> Scegliete tra una freschezza sottile e un effetto ghiaccio pi\u00f9 intenso.<\/li>\n<li><strong>Potenza e flusso d'aria a 3 stadi:<\/strong> Regolare il comportamento di tiraggio e la densit\u00e0 del vapore come richiesto.<\/li>\n<li><strong>Bobina a doppia maglia da 0,65\u03a9:<\/strong> Supporta un sapore costante e forte fino all'ultima boccata.<\/li>\n<li><strong>Display intelligente:<\/strong> I livelli della batteria e dei liquidi sono sempre ben visibili.<\/li>\n<\/ul>\n<h2><strong>Vozol Neon 45000 Cherry Cola - FAQ<\/strong><\/h2>\n<p data-start=\"2270\" data-end=\"2441\"><strong data-start=\"2299\" data-end=\"2339\">D: Come si regola il raffreddamento?<\/strong><br data-start=\"2339\" data-end=\"2342\" \/>R: \u00c8 possibile utilizzare l'interruttore per passare da un livello di raffreddamento all'altro senza modificare l'aroma.<\/p>\n<p data-start=\"2443\" data-end=\"2542\"><strong data-start=\"2443\" data-end=\"2480\">D: Il dispositivo \u00e8 ricaricabile?<\/strong><br data-start=\"2480\" data-end=\"2483\" \/>R: S\u00ec, la batteria da 800 mAh pu\u00f2 essere comodamente ricaricata tramite USB-C.<\/p>\n<p data-start=\"2544\" data-end=\"2687\"><strong data-start=\"2544\" data-end=\"2585\">D: Cosa rende la bobina a doppia maglia cos\u00ec speciale?<\/strong><br data-start=\"2585\" data-end=\"2588\" \/>R: Assicura un vapore uniforme, un sapore forte e aiuta a evitare le note di bruciato.<\/p>\n<h3 data-section-id=\"uffwe9\" data-start=\"2689\" data-end=\"2743\"><strong>Scoprite altri modelli e gusti<\/strong><\/h3>\n<p data-start=\"2745\" data-end=\"3120\" data-is-last-node=\"\" data-is-only-node=\"\">Per maggiori dettagli visitare <strong data-start=\"2775\" data-end=\"2838\"><a class=\"decorated-link\" href=\"https:\/\/www.kurzvape.de\/it\/\" target=\"_new\" rel=\"noopener\" data-start=\"2777\" data-end=\"2836\">la panoramica centrale di KurzVape<\/a><\/strong>, sfogliare <strong data-start=\"2855\" data-end=\"2948\"><a class=\"decorated-link\" href=\"https:\/\/www.kurzvape.de\/it\/product-category\/vozol-vape\/\" target=\"_new\" rel=\"noopener\" data-start=\"2857\" data-end=\"2946\">la selezione completa di VOZOL VAPE<\/a><\/strong> o scoprire direttamente <strong data-start=\"2975\" data-end=\"3086\"><a class=\"decorated-link\" href=\"https:\/\/www.kurzvape.de\/it\/product-category\/vozol-vape\/vozol-neon-45000\/\" target=\"_new\" rel=\"noopener\" data-start=\"2977\" data-end=\"3084\">l'intera serie Vozol Neon 45000<\/a><\/strong> con altre varianti popolari.<\/p>","protected":false},"excerpt":{"rendered":"<p>Lo svapo monouso Vozol Neon 45000 Cherry Cola combina la dolce ciliegia con la frizzante cola. Con un massimo di 45.000 boccate, doppia bobina a rete, raffreddamento e flusso d'aria regolabili e batteria da 800 mAh, offre un'esperienza di svapo di lunga durata, fruttata e saporita.<\/p>","protected":false},"featured_media":1985,"comment_status":"open","ping_status":"closed","template":"","meta":{"_acf_changed":false},"product_brand":[],"product_cat":[33],"product_tag":[],"class_list":{"0":"post-1984","1":"product","2":"type-product","3":"status-publish","4":"has-post-thumbnail","6":"product_cat-vozol-neon-45000","8":"first","9":"instock","10":"sale","11":"shipping-taxable","12":"purchasable","13":"product-type-variable"},"acf":[],"_links":{"self":[{"href":"https:\/\/www.kurzvape.de\/it\/wp-json\/wp\/v2\/product\/1984","targetHints":{"allow":["GET"]}}],"collection":[{"href":"https:\/\/www.kurzvape.de\/it\/wp-json\/wp\/v2\/product"}],"about":[{"href":"https:\/\/www.kurzvape.de\/it\/wp-json\/wp\/v2\/types\/product"}],"replies":[{"embeddable":true,"href":"https:\/\/www.kurzvape.de\/it\/wp-json\/wp\/v2\/comments?post=1984"}],"wp:featuredmedia":[{"embeddable":true,"href":"https:\/\/www.kurzvape.de\/it\/wp-json\/wp\/v2\/media\/1985"}],"wp:attachment":[{"href":"https:\/\/www.kurzvape.de\/it\/wp-json\/wp\/v2\/media?parent=1984"}],"wp:term":[{"taxonomy":"product_brand","embeddable":true,"href":"https:\/\/www.kurzvape.de\/it\/wp-json\/wp\/v2\/product_brand?post=1984"},{"taxonomy":"product_cat","embeddable":true,"href":"https:\/\/www.kurzvape.de\/it\/wp-json\/wp\/v2\/product_cat?post=1984"},{"taxonomy":"product_tag","embeddable":true,"href":"https:\/\/www.kurzvape.de\/it\/wp-json\/wp\/v2\/product_tag?post=1984"}],"curies":[{"name":"wp","href":"https:\/\/api.w.org\/{rel}","templated":true}]}}