{"id":1993,"date":"2026-03-27T22:11:09","date_gmt":"2026-03-27T14:11:09","guid":{"rendered":"https:\/\/www.kurzvape.de\/?post_type=product&#038;p=1993"},"modified":"2026-03-27T22:11:10","modified_gmt":"2026-03-27T14:11:10","slug":"vozol-neon-45000-dragon-fruit-banana-cherry","status":"publish","type":"product","link":"https:\/\/www.kurzvape.de\/it\/product\/vozol-neon-45000-dragon-fruit-banana-cherry\/","title":{"rendered":"Vozol Neon 45000 Frutto del Drago Banana Ciliegia"},"content":{"rendered":"<h2><strong>Vozol Neon 45000 Dragon Fruit Banana Cherry vape monouso - esotico, cremoso e fruttato?<\/strong><\/h2>\n<p>Il <strong>Frutto del Drago Banana Ciliegia<\/strong> combina la leggerezza esotica del frutto del drago con la dolcezza cremosa della banana matura e il gusto succoso della ciliegia. Questo crea un sapore multistrato, fruttato, rotondo e piacevolmente equilibrato. Il <strong>Vozol Neon 45000 Dragon Fruit Banana Ciliegia Vape usa e getta<\/strong> offre un'esperienza di vapore di lunga durata, fino a 45.000 boccate senza dover ricaricare o cambiare le bobine.<\/p>\n<h2><strong>Perch\u00e9 il Frutto del Drago Banana Ciliegia \u00e8 cos\u00ec speciale<\/strong><\/h2>\n<p>Il <strong>Vozol Neon 45000 Frutto del Drago Banana Ciliegia<\/strong> utilizza la tecnologia a doppia maglia per garantire che il sapore rimanga intenso e costante per tutto il periodo di utilizzo. La batteria ricaricabile da 800 mAh assicura una durata affidabile, mentre l'USB-C consente una ricarica rapida e comoda.<\/p>\n<p>Con le funzioni ICE e NIC regolabili, l'intensit\u00e0 del raffreddamento pu\u00f2 essere regolata in modo altrettanto flessibile dell'intensit\u00e0 della nicotina. \u00c8 inoltre possibile scegliere tra 26 diversi gusti, in modo che il dispositivo offra opzioni adatte a preferenze e stati d'animo diversi.<\/p>\n<p>Nell'uso quotidiano, il modello convince grazie alla cialda pre-riempita da 20 ml, alla finestra trasparente per il liquido e al design compatto. Ecco come il <strong>Vozol Neon 45000<\/strong> Comfort, mobilit\u00e0 e prestazioni in un formato moderno.<\/p>\n<h2><strong>Vozol Neon 45000 Puffs Specifiche:<\/strong><\/h2>\n<ul>\n<li>Fino a 45.000 boccate - per un divertimento prolungato senza interruzioni<\/li>\n<li>4 livelli di raffreddamento: da dolcemente fresco a nettamente ghiacciato<\/li>\n<li>3 livelli di potenza e flusso d'aria - per un comfort di trazione finemente regolato<\/li>\n<li>Display intelligente - mostra il livello della batteria e del liquido in tempo reale<\/li>\n<li>Batteria da 800 mAh - ricaricabile tramite USB-C<\/li>\n<li>Bobina a doppia maglia - per un sapore intenso e uniforme<\/li>\n<\/ul>\n<h2><strong>Finemente regolato per un sapore intenso<\/strong><\/h2>\n<p>Il <strong>Vozol Neon 45000 Frutto del Drago Banana Ciliegia<\/strong> \u00e8 stato sviluppato per gli utenti che desiderano personalizzare la propria esperienza di vaping.<\/p>\n<ul>\n<li><strong>Raffreddamento a 4 stadi:<\/strong> Scegliete tra freschezza leggera e freddo intenso.<\/li>\n<li><strong>Potenza e flusso d'aria a 3 stadi:<\/strong> Regolare il comportamento di tiraggio e la densit\u00e0 del vapore come richiesto.<\/li>\n<li><strong>Bobina a doppia maglia da 0,65\u03a9:<\/strong> Favorisce uno sviluppo uniforme del sapore fino all'ultima boccata.<\/li>\n<li><strong>Display intelligente:<\/strong> I livelli della batteria e del liquido rimangono sempre ben visibili.<\/li>\n<\/ul>\n<h2><strong>Vozol Neon 45000 Frutto del Drago Banana Ciliegia<\/strong><strong> - FAQ<\/strong><\/h2>\n<p><strong>D: Come si regola il raffreddamento?<\/strong><br \/>\nR: \u00c8 possibile utilizzare l'interruttore per passare da un livello di raffreddamento all'altro senza modificare l'aroma.<\/p>\n<p><strong>D: Il dispositivo \u00e8 ricaricabile?<\/strong><br \/>\nR: S\u00ec, la batteria da 800 mAh pu\u00f2 essere comodamente ricaricata tramite USB-C.<\/p>\n<p><strong>D: Cosa rende la bobina a doppia maglia cos\u00ec speciale?<\/strong><br \/>\nR: Assicura un vapore uniforme, un sapore forte e aiuta a evitare le note di bruciato.<\/p>\n<h3><strong>Scoprire altri modi<\/strong><\/h3>\n<p>Sfogliare <strong data-start=\"2797\" data-end=\"2859\"><a class=\"decorated-link\" href=\"https:\/\/www.kurzvape.de\/it\/\" target=\"_new\" rel=\"noopener\" data-start=\"2799\" data-end=\"2857\">il sito web centrale di KurzVape<\/a><\/strong>, date un'occhiata a <strong data-start=\"2876\" data-end=\"2971\"><a class=\"decorated-link\" href=\"https:\/\/www.kurzvape.de\/it\/product-category\/vozol-vape\/\" target=\"_new\" rel=\"noopener\" data-start=\"2878\" data-end=\"2969\">la gamma completa di VOZOL VAPE<\/a><\/strong> o scoprire direttamente <strong data-start=\"3001\" data-end=\"3119\"><a class=\"decorated-link\" href=\"https:\/\/www.kurzvape.de\/it\/product-category\/vozol-vape\/vozol-neon-45000\/\" target=\"_new\" rel=\"noopener\" data-start=\"3003\" data-end=\"3117\">l'intera gamma di prodotti Vozol Neon 45000<\/a><\/strong> per ottenere sapori pi\u00f9 interessanti.<\/p>","protected":false},"excerpt":{"rendered":"<p>Il vape monouso Vozol Neon 45000 Dragon Fruit Banana Cherry combina l'esotico frutto del drago, la dolce banana e la fruttata ciliegia. Con un massimo di 45.000 boccate, doppia bobina a rete, raffreddamento e flusso d'aria regolabili e batteria da 800 mAh, offre un'esperienza di vapore intensa e di lunga durata.<\/p>","protected":false},"featured_media":1994,"comment_status":"open","ping_status":"closed","template":"","meta":{"_acf_changed":false},"product_brand":[],"product_cat":[33],"product_tag":[],"class_list":{"0":"post-1993","1":"product","2":"type-product","3":"status-publish","4":"has-post-thumbnail","6":"product_cat-vozol-neon-45000","8":"first","9":"instock","10":"sale","11":"shipping-taxable","12":"purchasable","13":"product-type-variable"},"acf":[],"_links":{"self":[{"href":"https:\/\/www.kurzvape.de\/it\/wp-json\/wp\/v2\/product\/1993","targetHints":{"allow":["GET"]}}],"collection":[{"href":"https:\/\/www.kurzvape.de\/it\/wp-json\/wp\/v2\/product"}],"about":[{"href":"https:\/\/www.kurzvape.de\/it\/wp-json\/wp\/v2\/types\/product"}],"replies":[{"embeddable":true,"href":"https:\/\/www.kurzvape.de\/it\/wp-json\/wp\/v2\/comments?post=1993"}],"wp:featuredmedia":[{"embeddable":true,"href":"https:\/\/www.kurzvape.de\/it\/wp-json\/wp\/v2\/media\/1994"}],"wp:attachment":[{"href":"https:\/\/www.kurzvape.de\/it\/wp-json\/wp\/v2\/media?parent=1993"}],"wp:term":[{"taxonomy":"product_brand","embeddable":true,"href":"https:\/\/www.kurzvape.de\/it\/wp-json\/wp\/v2\/product_brand?post=1993"},{"taxonomy":"product_cat","embeddable":true,"href":"https:\/\/www.kurzvape.de\/it\/wp-json\/wp\/v2\/product_cat?post=1993"},{"taxonomy":"product_tag","embeddable":true,"href":"https:\/\/www.kurzvape.de\/it\/wp-json\/wp\/v2\/product_tag?post=1993"}],"curies":[{"name":"wp","href":"https:\/\/api.w.org\/{rel}","templated":true}]}}