{"id":2017,"date":"2026-03-27T23:24:29","date_gmt":"2026-03-27T15:24:29","guid":{"rendered":"https:\/\/www.kurzvape.de\/?post_type=product&#038;p=2017"},"modified":"2026-03-27T23:24:29","modified_gmt":"2026-03-27T15:24:29","slug":"vozol-neon-45000-miami-mint","status":"publish","type":"product","link":"https:\/\/www.kurzvape.de\/it\/product\/vozol-neon-45000-miami-mint\/","title":{"rendered":"Vozol Neon 45000 Miami Mint"},"content":{"rendered":"<h2><strong>Vozol Neon 45000 Miami Mint vape usa e getta - fresco e energizzante<\/strong><\/h2>\n<p>Il <strong>Gusto menta di Miami<\/strong> combina una tonificante nota di menta con una leggera dolcezza per creare un sapore rinfrescante e chiaramente strutturato. Il <strong>Vozol Neon 45000 Miami Mint vape usa e getta<\/strong> offre un'esperienza di vapore di lunga durata, fino a 45.000 boccate senza dover ricaricare o cambiare le bobine.<\/p>\n<h2><strong>Perch\u00e9 Miami Mint ispira<\/strong><\/h2>\n<p>Il <strong>Vozol Neon 45000 Miami Mint<\/strong> utilizza la tecnologia a doppia maglia in modo che l'aroma rimanga costantemente forte per tutto il periodo di utilizzo. La batteria ricaricabile da 800 mAh consente un uso prolungato, mentre l'USB-C assicura una ricarica rapida.<\/p>\n<p>Grazie alle funzioni ICE e NIC regolabili, l'intensit\u00e0 del raffreddamento pu\u00f2 essere regolata allo stesso modo dell'intensit\u00e0 della nicotina. Inoltre, sono disponibili 26 aromi diversi, per cui c'\u00e8 un'opzione adatta a ogni umore e preferenza.<\/p>\n<p>Con una cialda pre-riempita da 20 ml, una finestra trasparente per il liquido e un design sottile, la <strong>Vozol Neon 45000<\/strong> Convenienza, mobilit\u00e0 e prestazioni eccellenti in un apparecchio moderno.<\/p>\n<h2><strong>Vozol Neon 45000 Puffs Specifiche:<\/strong><\/h2>\n<ul>\n<li>Fino a 45.000 boccate - un divertimento di lunga durata<\/li>\n<li>4 livelli di raffreddamento: da delicatamente fresco a intensamente ghiacciato<\/li>\n<li>3 livelli di potenza e di flusso d'aria - per un tiraggio personalizzato<\/li>\n<li>Display intelligente - mostra il livello della batteria e del liquido in tempo reale<\/li>\n<li>Batteria da 800 mAh - ricaricabile tramite USB-C<\/li>\n<li>Bobina a doppia maglia - per un sapore uniforme e intenso<\/li>\n<\/ul>\n<h2><strong>Perfettamente bilanciato per un rinfrescante sapore di menta<\/strong><\/h2>\n<p>Il <strong>Vozol Neon 45000 Miami Mint<\/strong> offerte:<\/p>\n<ul>\n<li><strong>Raffreddamento a 4 stadi:<\/strong> Dalla freschezza leggera al forte sapore di ghiaccio.<\/li>\n<li><strong>Potenza e flusso d'aria a 3 stadi:<\/strong> Regolare il comportamento del tiraggio e la densit\u00e0 del vapore come richiesto.<\/li>\n<li><strong>Bobina a doppia maglia da 0,65\u03a9:<\/strong> Sapore costante fino all'ultima boccata.<\/li>\n<li><strong>Display intelligente:<\/strong> Batteria e livello del liquido sempre visibili.<\/li>\n<\/ul>\n<h2><strong>Vozol Neon 45000 Miami Mint - FAQ<\/strong><\/h2>\n<p><strong>D: Come funziona il raffreddamento?<\/strong><br \/>\nR: L'interruttore pu\u00f2 essere utilizzato per selezionare quattro livelli di raffreddamento senza modificare il sapore.<\/p>\n<p><strong>D: Il dispositivo \u00e8 ricaricabile?<\/strong><br \/>\nR: S\u00ec, la batteria da 800 mAh si ricarica rapidamente tramite USB-C.<\/p>\n<p><strong>D: A cosa serve la bobina a doppia maglia?<\/strong><br \/>\nR: Assicura un vapore uniforme, un sapore forte e previene le note di bruciato.<\/p>\n<h3><strong>Scoprite altri modelli e varianti<\/strong><\/h3>\n<p>Visita <strong><a href=\"https:\/\/www.kurzvape.de\/it\/\">la homepage di KurzVape per le migliori offerte<\/a><\/strong>, esplorare <strong><a href=\"https:\/\/www.kurzvape.de\/it\/product-category\/vozol-vape\/\">la panoramica completa del prodotto VOZOL VAPE<\/a><\/strong> oppure date un'occhiata a <strong><a href=\"https:\/\/www.kurzvape.de\/it\/product-category\/vozol-vape\/vozol-neon-45000\/\">la serie completa Vozol Neon 45000 con tutti i gusti<\/a><\/strong> a.<\/p>","protected":false},"excerpt":{"rendered":"<p>La svapata monouso Vozol Neon 45000 Miami Mint colpisce per il suo fresco sapore di menta e la sua leggera dolcezza. Con un massimo di 45.000 boccate, doppia bobina a rete, raffreddamento e flusso d'aria regolabili e batteria da 800 mAh, offre un'esperienza di vapore duratura e rinfrescante.<\/p>","protected":false},"featured_media":2018,"comment_status":"open","ping_status":"closed","template":"","meta":{"_acf_changed":false},"product_brand":[],"product_cat":[33],"product_tag":[],"class_list":{"0":"post-2017","1":"product","2":"type-product","3":"status-publish","4":"has-post-thumbnail","6":"product_cat-vozol-neon-45000","8":"first","9":"instock","10":"sale","11":"shipping-taxable","12":"purchasable","13":"product-type-variable"},"acf":[],"_links":{"self":[{"href":"https:\/\/www.kurzvape.de\/it\/wp-json\/wp\/v2\/product\/2017","targetHints":{"allow":["GET"]}}],"collection":[{"href":"https:\/\/www.kurzvape.de\/it\/wp-json\/wp\/v2\/product"}],"about":[{"href":"https:\/\/www.kurzvape.de\/it\/wp-json\/wp\/v2\/types\/product"}],"replies":[{"embeddable":true,"href":"https:\/\/www.kurzvape.de\/it\/wp-json\/wp\/v2\/comments?post=2017"}],"wp:featuredmedia":[{"embeddable":true,"href":"https:\/\/www.kurzvape.de\/it\/wp-json\/wp\/v2\/media\/2018"}],"wp:attachment":[{"href":"https:\/\/www.kurzvape.de\/it\/wp-json\/wp\/v2\/media?parent=2017"}],"wp:term":[{"taxonomy":"product_brand","embeddable":true,"href":"https:\/\/www.kurzvape.de\/it\/wp-json\/wp\/v2\/product_brand?post=2017"},{"taxonomy":"product_cat","embeddable":true,"href":"https:\/\/www.kurzvape.de\/it\/wp-json\/wp\/v2\/product_cat?post=2017"},{"taxonomy":"product_tag","embeddable":true,"href":"https:\/\/www.kurzvape.de\/it\/wp-json\/wp\/v2\/product_tag?post=2017"}],"curies":[{"name":"wp","href":"https:\/\/api.w.org\/{rel}","templated":true}]}}