{"id":2036,"date":"2026-03-28T12:04:23","date_gmt":"2026-03-28T04:04:23","guid":{"rendered":"https:\/\/www.kurzvape.de\/?post_type=product&#038;p=2036"},"modified":"2026-03-28T12:04:23","modified_gmt":"2026-03-28T04:04:23","slug":"vozol-neon-45000-strawberry-margarita","status":"publish","type":"product","link":"https:\/\/www.kurzvape.de\/it\/product\/vozol-neon-45000-strawberry-margarita\/","title":{"rendered":"Vozol Neon 45000 Margarita alla fragola"},"content":{"rendered":"<h2 data-section-id=\"1x67454\" data-start=\"294\" data-end=\"385\"><strong>Vozol Neon 45000 Strawberry Margarita monouso - fruttato, sapido e rinfrescante<\/strong><\/h2>\n<p data-start=\"387\" data-end=\"872\">Provate il sapore straordinario di <strong data-start=\"430\" data-end=\"454\">Margarita alla fragola<\/strong>, che combina la dolce succosit\u00e0 delle fragole mature con un pizzico di note di margarita. Il <strong data-start=\"553\" data-end=\"606\">Vozol Neon 45000 Strawberry Margarita vape usa e getta<\/strong> offre fino a 45.000 boccate e garantisce sempre un'esperienza di sapore intenso. Non \u00e8 necessario ricaricare, n\u00e9 cambiare la bobina: basta godersela. Ideale per tutti i vapers che cercano un dispositivo semplice e duraturo in movimento e che amano i sapori freschi e fruttati.<\/p>\n<h2 data-section-id=\"ca4ye\" data-start=\"874\" data-end=\"923\"><strong>Perch\u00e9 il Margarita alla fragola \u00e8 cos\u00ec speciale<\/strong><\/h2>\n<p data-start=\"925\" data-end=\"1244\">Il <strong data-start=\"929\" data-end=\"970\">Vozol Neon 45000 Margarita alla fragola<\/strong> si affida alla moderna tecnologia dual-mesh, che garantisce un vapore uniforme e un sapore forte e duraturo. La batteria integrata da 800 mAh offre un'alimentazione di lunga durata e pu\u00f2 essere ricaricata rapidamente tramite USB-C, per cui le sessioni prolungate non sono un problema.<\/p>\n<p data-start=\"1246\" data-end=\"1686\">Grazie alle funzioni ICE e NIC, regolabili individualmente, l'intensit\u00e0 di raffreddamento e la concentrazione di nicotina possono essere regolate in base alle preferenze personali. Sono disponibili 26 aromi, per cui c'\u00e8 un sapore adatto a ogni umore e gusto. La cialda pre-riempita da 20 ml, la finestra trasparente per il liquido e il design compatto garantiscono la massima mobilit\u00e0 e facilit\u00e0 di utilizzo in viaggio.<\/p>\n<h2 data-section-id=\"1qmkr2l\" data-start=\"1688\" data-end=\"1736\"><strong>Vozol Neon 45000 - Panoramica delle funzioni<\/strong><\/h2>\n<ul>\n<li><strong data-start=\"1740\" data-end=\"1763\">Fino a 45.000 treni:<\/strong> Godimento duraturo senza interruzioni<\/li>\n<li><strong data-start=\"1810\" data-end=\"1827\">4 livelli di raffreddamento:<\/strong> Dalla freschezza delicata alle intense note ghiacciate<\/li>\n<li><strong data-start=\"1875\" data-end=\"1910\">3 livelli di potenza e flusso d'aria:<\/strong> Comfort di trazione personalizzabile<\/li>\n<li><strong data-start=\"1950\" data-end=\"1968\">Display intelligente:<\/strong> Visualizza in ogni momento il livello della batteria e del liquido<\/li>\n<li><strong data-start=\"2014\" data-end=\"2031\">Batteria da 800 mAh:<\/strong> Ricaricabile tramite USB-C<\/li>\n<li><strong data-start=\"2063\" data-end=\"2083\">Bobina a doppia maglia:<\/strong> Sapore forte e costante per tutto l'utilizzo<\/li>\n<\/ul>\n<h2 data-section-id=\"13h121n\" data-start=\"2147\" data-end=\"2198\"><strong>Regolabile individualmente per la vostra esperienza di svapo<\/strong><\/h2>\n<p data-start=\"2200\" data-end=\"2281\">Il <strong data-start=\"2204\" data-end=\"2245\">Vozol Neon 45000 Margarita alla fragola<\/strong> consente la massima flessibilit\u00e0:<\/p>\n<ul>\n<li><strong data-start=\"2285\" data-end=\"2302\">4 livelli di raffreddamento:<\/strong> Scegliete tra una freschezza sottile e un intenso sapore ghiacciato<\/li>\n<li><strong data-start=\"2367\" data-end=\"2402\">3 livelli di potenza e flusso d'aria:<\/strong> Regolare il comportamento del tiraggio e la densit\u00e0 del vapore in base alle esigenze.<\/li>\n<li><strong data-start=\"2462\" data-end=\"2489\">Bobina a doppia maglia da 0,65 \u03a9:<\/strong> Sapore forte e costante fino all'ultima boccata<\/li>\n<li><strong data-start=\"2546\" data-end=\"2564\">Display intelligente:<\/strong> Tutti i valori importanti, come il livello della batteria e la quantit\u00e0 di liquido, sono sempre in vista<\/li>\n<\/ul>\n<h2 data-section-id=\"14gjd3c\" data-start=\"2634\" data-end=\"2669\"><strong>Domande frequenti (FAQ)<\/strong><\/h2>\n<p data-start=\"2671\" data-end=\"2828\"><strong data-start=\"2671\" data-end=\"2707\">D: Come funziona il raffreddamento?<\/strong><br data-start=\"2707\" data-end=\"2710\" \/>R: \u00c8 possibile selezionare quattro livelli di raffreddamento tramite un semplice interruttore, senza influire sul sapore.<\/p>\n<p data-start=\"2830\" data-end=\"2947\"><strong data-start=\"2830\" data-end=\"2867\">D: Il dispositivo \u00e8 ricaricabile?<\/strong><br data-start=\"2867\" data-end=\"2870\" \/>R: S\u00ec, la batteria da 800 mAh pu\u00f2 essere ricaricata rapidamente e facilmente tramite USB-C.<\/p>\n<p data-start=\"2949\" data-end=\"3111\"><strong data-start=\"2949\" data-end=\"2987\">D: Quali sono i vantaggi della bobina a doppia maglia?<\/strong><br data-start=\"2987\" data-end=\"2990\" \/>R: Assicura un vapore uniforme, un sapore intenso e previene le note di bruciato, anche durante le lunghe sessioni.<\/p>\n<h3 data-section-id=\"1bifpfk\" data-start=\"3113\" data-end=\"3145\"><strong>Scoprire altri prodotti<\/strong><\/h3>\n<p data-start=\"3147\" data-end=\"3569\">Date un'occhiata a <strong data-start=\"3164\" data-end=\"3237\"><a class=\"decorated-link\" href=\"https:\/\/www.kurzvape.de\/it\/\" target=\"_new\" rel=\"noopener\" data-start=\"3166\" data-end=\"3235\">la nostra homepage con tutti i prodotti di punta<\/a><\/strong> scoprire <strong data-start=\"3256\" data-end=\"3349\"><a class=\"decorated-link\" href=\"https:\/\/www.kurzvape.de\/it\/product-category\/vozol-vape\/\" target=\"_new\" rel=\"noopener\" data-start=\"3258\" data-end=\"3347\">l'intera collezione VOZOL VAPE<\/a><\/strong> o sfogliare il sito <strong data-start=\"3370\" data-end=\"3507\"><a class=\"decorated-link\" href=\"https:\/\/www.kurzvape.de\/it\/product-category\/vozol-vape\/vozol-neon-45000\/\" target=\"_new\" rel=\"noopener\" data-start=\"3372\" data-end=\"3505\">dell'esclusiva serie Vozol Neon 45000 per una variet\u00e0 di gusti<\/a><\/strong>, per godere di esperienze di vapore ancora pi\u00f9 fruttate e fresche.<\/p>","protected":false},"excerpt":{"rendered":"<p>La svapata monouso Vozol Neon 45000 Strawberry Margarita combina le dolci fragole con il gusto piccante del margarita. Fino a 45.000 boccate, la doppia bobina, il raffreddamento regolabile e la batteria da 800 mAh assicurano un sapore intenso e duraturo senza bisogno di ricaricare.<\/p>","protected":false},"featured_media":2037,"comment_status":"open","ping_status":"closed","template":"","meta":{"_acf_changed":false},"product_brand":[],"product_cat":[33],"product_tag":[],"class_list":{"0":"post-2036","1":"product","2":"type-product","3":"status-publish","4":"has-post-thumbnail","6":"product_cat-vozol-neon-45000","8":"first","9":"instock","10":"sale","11":"shipping-taxable","12":"purchasable","13":"product-type-variable"},"acf":[],"_links":{"self":[{"href":"https:\/\/www.kurzvape.de\/it\/wp-json\/wp\/v2\/product\/2036","targetHints":{"allow":["GET"]}}],"collection":[{"href":"https:\/\/www.kurzvape.de\/it\/wp-json\/wp\/v2\/product"}],"about":[{"href":"https:\/\/www.kurzvape.de\/it\/wp-json\/wp\/v2\/types\/product"}],"replies":[{"embeddable":true,"href":"https:\/\/www.kurzvape.de\/it\/wp-json\/wp\/v2\/comments?post=2036"}],"wp:featuredmedia":[{"embeddable":true,"href":"https:\/\/www.kurzvape.de\/it\/wp-json\/wp\/v2\/media\/2037"}],"wp:attachment":[{"href":"https:\/\/www.kurzvape.de\/it\/wp-json\/wp\/v2\/media?parent=2036"}],"wp:term":[{"taxonomy":"product_brand","embeddable":true,"href":"https:\/\/www.kurzvape.de\/it\/wp-json\/wp\/v2\/product_brand?post=2036"},{"taxonomy":"product_cat","embeddable":true,"href":"https:\/\/www.kurzvape.de\/it\/wp-json\/wp\/v2\/product_cat?post=2036"},{"taxonomy":"product_tag","embeddable":true,"href":"https:\/\/www.kurzvape.de\/it\/wp-json\/wp\/v2\/product_tag?post=2036"}],"curies":[{"name":"wp","href":"https:\/\/api.w.org\/{rel}","templated":true}]}}