{"id":2039,"date":"2026-03-28T12:12:13","date_gmt":"2026-03-28T04:12:13","guid":{"rendered":"https:\/\/www.kurzvape.de\/?post_type=product&#038;p=2039"},"modified":"2026-03-28T12:12:13","modified_gmt":"2026-03-28T04:12:13","slug":"vozol-neon-45000-vzbull","status":"publish","type":"product","link":"https:\/\/www.kurzvape.de\/it\/product\/vozol-neon-45000-vzbull\/","title":{"rendered":"Vozol Neon 45000 VZBULL"},"content":{"rendered":"<h2 data-section-id=\"ekfvjt\" data-start=\"0\" data-end=\"73\"><strong>Vozol Neon 45000 VZBULL vape monouso - potente, intenso e tonificante<\/strong><\/h2>\n<p data-start=\"75\" data-end=\"491\">Il <strong data-start=\"79\" data-end=\"99\">Sapore VZBULL<\/strong> \u00e8 sinonimo di un sapore caratteristico ed energico, con una presenza chiara e una piacevole freschezza. Il <strong data-start=\"195\" data-end=\"234\">Vozol Neon 45000 VZBULL Vape usa e getta<\/strong> eroga fino a 45.000 boccate e garantisce un'esperienza di gusto sempre intensa. Senza ricarica, senza sostituzione della coil e con un'ottima usabilit\u00e0 quotidiana, \u00e8 l'ideale per chi cerca un dispositivo semplice ma potente.<\/p>\n<h2 data-section-id=\"3k51ye\" data-start=\"493\" data-end=\"526\"><strong>Perch\u00e9 VZBULL \u00e8 cos\u00ec speciale<\/strong><\/h2>\n<p data-start=\"528\" data-end=\"863\">Nel <strong data-start=\"531\" data-end=\"558\">Vozol Neon 45000 VZBULL<\/strong> La tecnologia dual mesh garantisce un vapore uniforme e un sapore forte e stabile dalla prima all'ultima boccata. La batteria integrata da 800 mAh offre prestazioni di lunga durata e pu\u00f2 essere comodamente ricaricata tramite USB-C, in modo che il dispositivo sia sempre pronto all'uso anche durante le sessioni pi\u00f9 lunghe.<\/p>\n<p data-start=\"865\" data-end=\"1233\">Inoltre, l'intensit\u00e0 del raffreddamento e l'intensit\u00e0 della nicotina possono essere regolate in modo flessibile grazie alle funzioni regolabili ICE e NIC. Con un totale di 26 aromi, c'\u00e8 anche un'ampia scelta per le diverse preferenze. La cialda pre-riempita da 20 ml, la finestra trasparente per il liquido e il design compatto rendono il dispositivo particolarmente pratico per i viaggi.<\/p>\n<h2 data-section-id=\"1bnh6lp\" data-start=\"1235\" data-end=\"1268\"><strong>Vozol Neon 45000 - Punti di forza<\/strong><\/h2>\n<ul>\n<li><strong data-start=\"1272\" data-end=\"1295\">Fino a 45.000 treni:<\/strong> Per un divertimento duraturo senza interruzioni<\/li>\n<li><strong data-start=\"1346\" data-end=\"1363\">4 livelli di raffreddamento:<\/strong> Dalla sottile freschezza alle intense note ghiacciate<\/li>\n<li><strong data-start=\"1412\" data-end=\"1449\">3 livelli di potenza e flusso d'aria:<\/strong> Comfort di trazione personalizzabile<\/li>\n<li><strong data-start=\"1489\" data-end=\"1507\">Display intelligente:<\/strong> Mostra il livello della batteria e del liquido in tempo reale<\/li>\n<li><strong data-start=\"1552\" data-end=\"1569\">Batteria da 800 mAh:<\/strong> Ricaricabile tramite USB-C<\/li>\n<li><strong data-start=\"1601\" data-end=\"1621\">Bobina a doppia maglia:<\/strong> Per un sapore uniforme e intenso<\/li>\n<\/ul>\n<h2 data-section-id=\"zr92pg\" data-start=\"1680\" data-end=\"1724\"><strong>Personalizzabile per un maggiore controllo<\/strong><\/h2>\n<p data-start=\"1726\" data-end=\"1834\">Il <strong data-start=\"1730\" data-end=\"1757\">Vozol Neon 45000 VZBULL<\/strong> \u00e8 stato progettato per gli utenti che desiderano personalizzare la propria esperienza di vaping:<\/p>\n<ul>\n<li><strong data-start=\"1838\" data-end=\"1855\">4 livelli di raffreddamento:<\/strong> Scegliete tra una freschezza sottile e un'intensa freschezza.<\/li>\n<li><strong data-start=\"1918\" data-end=\"1955\">3 livelli di potenza e flusso d'aria:<\/strong> Regolare la resistenza all'estrazione e la densit\u00e0 del vapore<\/li>\n<li><strong data-start=\"2004\" data-end=\"2031\">Bobina a doppia maglia da 0,65 \u03a9:<\/strong> Sostiene uno sviluppo del gusto costantemente forte<\/li>\n<li><strong data-start=\"2098\" data-end=\"2116\">Display intelligente:<\/strong> Livello della batteria e del liquido sempre in vista<\/li>\n<\/ul>\n<p><strong><span style=\"font-size: 20.16px;\">Domande frequenti (FAQ)<\/span><\/strong><\/p>\n<p data-start=\"2116\" data-end=\"2247\"><strong data-start=\"2116\" data-end=\"2156\">D: Come si regola il raffreddamento?<\/strong><br data-start=\"2156\" data-end=\"2159\" \/>R: L'interruttore pu\u00f2 essere utilizzato per selezionare quattro livelli di raffreddamento senza modificare il sapore.<\/p>\n<p data-start=\"2249\" data-end=\"2361\"><strong data-start=\"2249\" data-end=\"2286\">D: Il dispositivo \u00e8 ricaricabile?<\/strong><br data-start=\"2286\" data-end=\"2289\" \/>R: S\u00ec, la batteria da 800 mAh pu\u00f2 essere ricaricata rapidamente e facilmente tramite USB-C.<\/p>\n<p data-start=\"2363\" data-end=\"2506\"><strong data-start=\"2363\" data-end=\"2401\">D: Quali sono i vantaggi della bobina a doppia maglia?<\/strong><br data-start=\"2401\" data-end=\"2404\" \/>R: Assicura un vapore uniforme, un sapore intenso e riduce il rischio di note bruciate.<\/p>\n<h3 data-section-id=\"bpvvy8\" data-start=\"2508\" data-end=\"2538\"><strong>Scoprire altri prodotti<\/strong><\/h3>\n<p data-start=\"2540\" data-end=\"2953\">Scoprire <strong data-start=\"2554\" data-end=\"2642\"><a class=\"decorated-link\" href=\"https:\/\/www.kurzvape.de\/it\/\" target=\"_new\" rel=\"noopener\" data-start=\"2556\" data-end=\"2640\">la homepage centrale di KurzVape con le ultime novit\u00e0<\/a><\/strong>, sfogliare <strong data-start=\"2659\" data-end=\"2755\"><a class=\"decorated-link\" href=\"https:\/\/www.kurzvape.de\/it\/product-category\/vozol-vape\/\" target=\"_new\" rel=\"noopener\" data-start=\"2661\" data-end=\"2753\">la selezione completa di VOZOL VAPE<\/a><\/strong> oppure date un'occhiata a <strong data-start=\"2788\" data-end=\"2921\"><a class=\"decorated-link\" href=\"https:\/\/www.kurzvape.de\/it\/product-category\/vozol-vape\/vozol-neon-45000\/\" target=\"_new\" rel=\"noopener\" data-start=\"2790\" data-end=\"2919\">la serie Vozol Neon 45000 con molte altre varianti<\/a><\/strong>, per trovare modelli adatti.<\/p>","protected":false},"excerpt":{"rendered":"<p>Il vaporizzatore monouso Vozol Neon 45000 VZBULL offre fino a 45.000 boccate con un sapore sempre intenso. La tecnologia a doppia maglia, il raffreddamento e l'intensit\u00e0 della nicotina regolabili e la batteria USB-C garantiscono un'esperienza di svapo flessibile e di lunga durata, ideale per i viaggi.<\/p>","protected":false},"featured_media":2040,"comment_status":"open","ping_status":"closed","template":"","meta":{"_acf_changed":false},"product_brand":[],"product_cat":[33],"product_tag":[],"class_list":{"0":"post-2039","1":"product","2":"type-product","3":"status-publish","4":"has-post-thumbnail","6":"product_cat-vozol-neon-45000","8":"first","9":"instock","10":"sale","11":"shipping-taxable","12":"purchasable","13":"product-type-variable"},"acf":[],"_links":{"self":[{"href":"https:\/\/www.kurzvape.de\/it\/wp-json\/wp\/v2\/product\/2039","targetHints":{"allow":["GET"]}}],"collection":[{"href":"https:\/\/www.kurzvape.de\/it\/wp-json\/wp\/v2\/product"}],"about":[{"href":"https:\/\/www.kurzvape.de\/it\/wp-json\/wp\/v2\/types\/product"}],"replies":[{"embeddable":true,"href":"https:\/\/www.kurzvape.de\/it\/wp-json\/wp\/v2\/comments?post=2039"}],"wp:featuredmedia":[{"embeddable":true,"href":"https:\/\/www.kurzvape.de\/it\/wp-json\/wp\/v2\/media\/2040"}],"wp:attachment":[{"href":"https:\/\/www.kurzvape.de\/it\/wp-json\/wp\/v2\/media?parent=2039"}],"wp:term":[{"taxonomy":"product_brand","embeddable":true,"href":"https:\/\/www.kurzvape.de\/it\/wp-json\/wp\/v2\/product_brand?post=2039"},{"taxonomy":"product_cat","embeddable":true,"href":"https:\/\/www.kurzvape.de\/it\/wp-json\/wp\/v2\/product_cat?post=2039"},{"taxonomy":"product_tag","embeddable":true,"href":"https:\/\/www.kurzvape.de\/it\/wp-json\/wp\/v2\/product_tag?post=2039"}],"curies":[{"name":"wp","href":"https:\/\/api.w.org\/{rel}","templated":true}]}}