{"id":2096,"date":"2026-03-29T11:34:13","date_gmt":"2026-03-29T03:34:13","guid":{"rendered":"https:\/\/www.kurzvape.de\/?post_type=product&#038;p=2096"},"modified":"2026-03-29T11:34:13","modified_gmt":"2026-03-29T03:34:13","slug":"elf-bar-raya-d3-25000-lemon-lime-ice","status":"publish","type":"product","link":"https:\/\/www.kurzvape.de\/it\/product\/elf-bar-raya-d3-25000-lemon-lime-ice\/","title":{"rendered":"ELF BAR RAYA D3 25000 Ghiaccio al limone e lime"},"content":{"rendered":"<h2><strong>ELF BAR RAYA D3 25000 Lemon Lime Ice Vape usa e getta - Fresco di agrumi, raffreddato a ghiaccio, tonificante<\/strong><\/h2>\n<p>Il <strong>ELF BAR RAYA D3 25000 Ghiaccio al limone e lime<\/strong> \u00e8 un vaporizzatore monouso di alta qualit\u00e0 che crea un'esperienza di vaping rinfrescante e vibrante, grazie a una combinazione di limone acidulo, lime fresco e un finale rinvigorente al mentolo. Realizzato da Elf Bar con una tecnologia di produzione all'avanguardia, questo dispositivo combina la classica freschezza degli agrumi con la freddezza del ghiaccio - formicolante, intenso e di livello assoluto.<\/p>\n<h2><strong>Design chiaro e precisione tecnologica<\/strong><\/h2>\n<p>Con una capacit\u00e0 totale di 25.000 boccate e un sistema di controllo dell'aria e della pressione accuratamente progettato, il vaporizzatore monouso Elf Bar Raya D3 eleva lo standard qualitativo del segmento monouso a un nuovo livello. Il dispositivo ricaricabile colpisce per il display digitale laterale brillantemente leggibile e per il caratteristico anello esterno monocromatico blu: una combinazione vincente di design chiaro e contemporaneo e di raffinatezza tecnica che non ha eguali in questa categoria di prodotti.<\/p>\n<h2><strong>Tre modalit\u00e0 operative per la massima flessibilit\u00e0<\/strong><\/h2>\n<p>Il <strong>ELF BAR RAYA D3 25000 Ghiaccio al limone e lime<\/strong> si adatta con precisione a ogni situazione e gusto personale grazie a tre modalit\u00e0 di funzionamento configurabili individualmente: Lite, Smooth e Turbo. Sia che si tratti di un vapore leggero e rinfrescante per l'uso quotidiano, sia che si tratti di un potente sviluppo di vapore per i momenti pi\u00f9 intensi: Con la semplice pressione di un pulsante, \u00e8 possibile navigare senza sforzo tra i livelli di potenza e decidere autonomamente quanto intensa debba essere l'esperienza del citrus-ice.<\/p>\n<h2><strong>Un'attrezzatura di prima classe per il godimento degli agrumi frizzanti<\/strong><\/h2>\n<p>Il <strong>ELF BAR RAYA D3 25000 Ghiaccio al limone e lime<\/strong> \u00e8 dotata di un generoso serbatoio per e-liquid da 23 ml che, in combinazione con un sistema a tripla bobina di alta qualit\u00e0, garantisce una vaporizzazione particolarmente uniforme e uno sviluppo di aromi freschi e concisi. Una potente batteria da 850 mAh con funzione di ricarica rapida USB-C, un display digitale ad alta risoluzione, un sistema di flusso d'aria regolabile individualmente e una selezione di 15 aromi accuratamente curati completano perfettamente questo pacchetto complessivo tecnicamente sofisticato e ricco di sapori.<\/p>\n<h2><strong>Dati tecnici dell'ELF BAR RAYA D3 25000 in sintesi<\/strong><\/h2>\n<ul>\n<li><strong>25.000 treni:<\/strong> Massima durata per un divertimento ininterrotto.<\/li>\n<li><strong>23 ml di e-liquid preinstallato:<\/strong> Fornitura generosa per un piacere del vapore di lunga durata.<\/li>\n<li><strong>5 % Contenuto di nicotina:<\/strong> Forza equilibrata per una trazione soddisfacente.<\/li>\n<li><strong>Batteria ricaricabile da 850 mAh:<\/strong> Sempre pronto all'uso grazie alla ricarica rapida USB-C.<\/li>\n<li><strong>Bobina a tripla maglia:<\/strong> Sviluppo ottimale del sapore e densit\u00e0 uniforme del vapore.<\/li>\n<li><strong>Flusso d'aria e controllo della potenza regolabili:<\/strong> Esperienza ferroviaria personalizzabile in base ai propri gusti.<\/li>\n<li><strong>Display HD:<\/strong> Visualizzazione in tempo reale del livello di carica della batteria e del livello di e-liquid.<\/li>\n<\/ul>\n<h2><strong>Domande frequenti su ELF BAR RAYA D3 25000 Lemon Lime Ice<\/strong><\/h2>\n<p><strong>Come si cambia la modalit\u00e0 di vaporizzazione?<\/strong><\/p>\n<p>Premendo il pulsante sul lato dell'apparecchio, si passa da Lite (12 W) a Smooth (17 W) a Turbo (30 W). La modalit\u00e0 di funzionamento attualmente selezionata viene visualizzata immediatamente e chiaramente sul display integrato.<\/p>\n<p><strong>Come riconoscere quando il liquido sta per esaurirsi?<\/strong><\/p>\n<p>L'aroma di limone-limone-mentolo perde sensibilmente la sua freschezza ed effervescenza o appare sempre pi\u00f9 bruciato. Il display digitale mostra anche il livello di e-liquid rimanente in modo affidabile e in tempo reale in ogni momento.<\/p>\n<p><strong>La ELF BAR RAYA D3 25000 Lemon Lime Ice \u00e8 adatta anche ai principianti?<\/strong><\/p>\n<p>S\u00ec, assolutamente. L'apparecchio non richiede n\u00e9 la ricarica n\u00e9 il cambio della bobina. \u00c8 sufficiente disimballarlo, selezionare la modalit\u00e0 desiderata e immergersi immediatamente nella rinfrescante esperienza del ghiaccio agli agrumi. La modalit\u00e0 Lite \u00e8 ideale per un'introduzione delicata e senza complicazioni.<\/p>\n<p><strong>Quanto dura la carica di una batteria?<\/strong><\/p>\n<p>In modalit\u00e0 Lite, una carica completa consente circa 800-1.000 boccate. In modalit\u00e0 Turbo, l'autonomia si riduce a circa 400-500 boccate per carica.<\/p>\n<h3><strong>Scoprite ora e ordinate direttamente<\/strong><\/h3>\n<p>Scoprire su <strong><a class=\"underline underline underline-offset-2 decoration-1 decoration-current\/40 hover:decoration-current focus:decoration-current\" href=\"https:\/\/www.kurzvape.de\/it\/\">kurzvape.de - il vostro punto di contatto per i prodotti premium del vapore<\/a><\/strong> un assortimento accuratamente compilato di prodotti per lo svapo di alta qualit\u00e0 di produttori rinomati - chiaramente strutturato e pronto per la spedizione in qualsiasi momento. Tutti gli attuali modelli di Elf Bar, gli aromi e i nuovi prodotti si possono trovare raggruppati e disposti in modo chiaro sul sito <strong><a class=\"underline underline underline-offset-2 decoration-1 decoration-current\/40 hover:decoration-current focus:decoration-current\" href=\"https:\/\/www.kurzvape.de\/it\/product-category\/elf-bar-vape\/\">Pagina tematica Elf Bar Vape<\/a><\/strong>. Tutti i gusti e le versioni disponibili di questa popolare gamma sono compatti e facili da trovare nei negozi. <strong><a class=\"underline underline underline-offset-2 decoration-1 decoration-current\/40 hover:decoration-current focus:decoration-current\" href=\"https:\/\/www.kurzvape.de\/it\/product-category\/elf-bar-vape\/elf-bar-raya-d3-25000\/\">Panoramica completa dell'articolo Raya D3 25000<\/a><\/strong> compilato.<\/p>","protected":false},"excerpt":{"rendered":"<p>ELF BAR RAYA D3 25000 Lemon Lime Ice \u00e8 una sigaretta elettronica usa e getta di prima classe, con un aroma di limone, lime fresco e mentolo fresco. Con 25.000 boccate, tre modalit\u00e0 di alimentazione e ricarica rapida USB-C, offre una rinvigorente esperienza agrumata ai massimi livelli.<\/p>","protected":false},"featured_media":2097,"comment_status":"open","ping_status":"closed","template":"","meta":{"_acf_changed":false},"product_brand":[],"product_cat":[34],"product_tag":[],"class_list":{"0":"post-2096","1":"product","2":"type-product","3":"status-publish","4":"has-post-thumbnail","6":"product_cat-elf-bar-raya-d3-25000","8":"first","9":"instock","10":"sale","11":"shipping-taxable","12":"purchasable","13":"product-type-variable"},"acf":[],"_links":{"self":[{"href":"https:\/\/www.kurzvape.de\/it\/wp-json\/wp\/v2\/product\/2096","targetHints":{"allow":["GET"]}}],"collection":[{"href":"https:\/\/www.kurzvape.de\/it\/wp-json\/wp\/v2\/product"}],"about":[{"href":"https:\/\/www.kurzvape.de\/it\/wp-json\/wp\/v2\/types\/product"}],"replies":[{"embeddable":true,"href":"https:\/\/www.kurzvape.de\/it\/wp-json\/wp\/v2\/comments?post=2096"}],"wp:featuredmedia":[{"embeddable":true,"href":"https:\/\/www.kurzvape.de\/it\/wp-json\/wp\/v2\/media\/2097"}],"wp:attachment":[{"href":"https:\/\/www.kurzvape.de\/it\/wp-json\/wp\/v2\/media?parent=2096"}],"wp:term":[{"taxonomy":"product_brand","embeddable":true,"href":"https:\/\/www.kurzvape.de\/it\/wp-json\/wp\/v2\/product_brand?post=2096"},{"taxonomy":"product_cat","embeddable":true,"href":"https:\/\/www.kurzvape.de\/it\/wp-json\/wp\/v2\/product_cat?post=2096"},{"taxonomy":"product_tag","embeddable":true,"href":"https:\/\/www.kurzvape.de\/it\/wp-json\/wp\/v2\/product_tag?post=2096"}],"curies":[{"name":"wp","href":"https:\/\/api.w.org\/{rel}","templated":true}]}}