{"id":2120,"date":"2026-03-29T12:22:49","date_gmt":"2026-03-29T04:22:49","guid":{"rendered":"https:\/\/www.kurzvape.de\/?post_type=product&#038;p=2120"},"modified":"2026-03-29T12:22:50","modified_gmt":"2026-03-29T04:22:50","slug":"elf-bar-raya-d3-25000-strawberry-raspberry-cherry","status":"publish","type":"product","link":"https:\/\/www.kurzvape.de\/it\/product\/elf-bar-raya-d3-25000-strawberry-raspberry-cherry\/","title":{"rendered":"ELF BAR RAYA D3 25000 Fragola Lampone Ciliegia"},"content":{"rendered":"<h2><strong>ELF BAR RAYA D3 25000 Fragola Lampone Ciliegia Vape usa e getta - Ricco di bacche, intenso, seducente<\/strong><\/h2>\n<p>Il <strong>ELF BAR RAYA D3 25000 Fragola Lampone Ciliegia<\/strong> \u00e8 un vaporizzatore monouso di prima classe che offre un'esperienza di svapo eccezionalmente complessa con un'affascinante tripla combinazione di fragole aromatiche, la vivace acidit\u00e0 dei lamponi maturi e la caratteristica dolcezza delle ciliegie rosse scure. Creato da Elf Bar con una tecnologia di produzione all'avanguardia, questo dispositivo combina tre classici frutti di bosco per creare un piacere corposo e intensamente fruttato - armoniosamente equilibrato, ricco di frutti di bosco e di livello assolutamente premium.<\/p>\n<h2><strong>Design inconfondibile e brillantezza tecnologica<\/strong><\/h2>\n<p>Con una capacit\u00e0 totale di 25.000 boccate e un sistema di regolazione dell'aria e della pressione accuratamente messo a punto, il vaporizzatore monouso Elf Bar Raya D3 stabilisce standard qualitativi completamente nuovi nel segmento dei prodotti monouso. Il dispositivo ricaricabile colpisce per il display digitale laterale ad alto contrasto e per l'inconfondibile anello esterno monocromatico blu: un prodotto ben congegnato sotto ogni punto di vista, che unisce in modo impressionante brillantezza tecnica e design contemporaneo.<\/p>\n<h2><strong>Tre livelli di potenza per gustare le bacche in modo individuale<\/strong><\/h2>\n<p>Il <strong>ELF BAR RAYA D3 25000 Fragola Lampone Ciliegia<\/strong> pu\u00f2 essere personalizzato in base alle proprie esigenze e preferenze personali grazie alle tre modalit\u00e0 di funzionamento liberamente selezionabili: Lite, Smooth e Turbo. Che si tratti di un piacere leggero e saporito per tutti i giorni o di uno sviluppo di vapore potente e intenso per i momenti speciali: Con un'unica pressione mirata di un pulsante, \u00e8 possibile navigare senza sforzo tra i livelli di potenza e sperimentare la combinazione di bacche nella sua piena profondit\u00e0 aromatica.<\/p>\n<h2><strong>Attrezzature di prima classe per un sapore intenso di frutta<\/strong><\/h2>\n<p>Il <strong>ELF BAR RAYA D3 25000 Fragola Lampone Ciliegia<\/strong> ha un generoso serbatoio per e-liquid da 23 ml, completato da un sistema a tripla bobina di alta qualit\u00e0 per una vaporizzazione particolarmente uniforme e uno sviluppo del sapore ricco di sfumature e sfaccettature. Una potente batteria da 850 mAh con tecnologia di ricarica rapida USB-C, un display digitale ad alta risoluzione, un sistema di flusso d'aria regolabile individualmente e una selezione di 15 aromi accuratamente curati completano questo pacchetto complessivo assolutamente convincente sia in termini di tecnologia che di gusto.<\/p>\n<h2><strong>Dati tecnici dell'ELF BAR RAYA D3 25000 in sintesi<\/strong><\/h2>\n<ul>\n<li><strong>25.000 treni:<\/strong> Massima durata per un divertimento ininterrotto.<\/li>\n<li><strong>23 ml di e-liquid preinstallato:<\/strong> Fornitura generosa per un piacere del vapore di lunga durata.<\/li>\n<li><strong>5 % Contenuto di nicotina:<\/strong> Forza equilibrata per una trazione soddisfacente.<\/li>\n<li><strong>Batteria ricaricabile da 850 mAh:<\/strong> Sempre pronto all'uso grazie alla ricarica rapida USB-C.<\/li>\n<li><strong>Bobina a tripla maglia:<\/strong> Sviluppo ottimale del sapore e densit\u00e0 uniforme del vapore.<\/li>\n<li><strong>Flusso d'aria e controllo della potenza regolabili:<\/strong> Esperienza ferroviaria personalizzabile in base ai propri gusti.<\/li>\n<li><strong>Display HD:<\/strong> Visualizzazione in tempo reale del livello di carica della batteria e del livello di e-liquid.<\/li>\n<\/ul>\n<h2><strong>Domande frequenti su ELF BAR RAYA D3 25000 Fragola Lampone Ciliegia<\/strong><\/h2>\n<p><strong>Come si cambia la modalit\u00e0 di vaporizzazione?<\/strong><\/p>\n<p>Premere il pulsante laterale per passare dalla modalit\u00e0 Lite (12 W), Smooth (17 W) e Turbo (30 W). La modalit\u00e0 attiva \u00e8 visualizzata direttamente sul display.<\/p>\n<p><strong>Come riconoscere quando il liquido sta per esaurirsi?<\/strong><\/p>\n<p>L'aroma diminuisce sensibilmente o appare leggermente bruciato. Inoltre, il display visualizza in tempo reale il livello di e-liquid rimanente.<\/p>\n<p><strong>La ELF BAR RAYA D3 25000 Strawberry Raspberry Cherry \u00e8 adatta anche ai principianti?<\/strong><\/p>\n<p>S\u00ec, assolutamente. Nessuna ricarica, nessun cambio di bobina: basta disimballare, selezionare la modalit\u00e0 e iniziare. La modalit\u00e0 Lite offre un avvio particolarmente fluido.<\/p>\n<p><strong>Quanto dura la carica di una batteria?<\/strong><\/p>\n<p>In modalit\u00e0 Lite, sono possibili circa 800-1.000 soffi con una carica completa. In modalit\u00e0 Turbo, l'autonomia si riduce a circa 400-500 boccate per carica.<\/p>\n<h3><strong>Scoprite ora e ordinate direttamente<\/strong><\/h3>\n<p>Prodotti per il vapore di alta qualit\u00e0 di produttori rinomati e un assortimento vario e costantemente aggiornato vi aspettano da <strong><a href=\"https:\/\/www.kurzvape.de\/it\/\">kurzvape.de - Acquistare vapes di qualit\u00e0 comodamente online<\/a><\/strong>. Se desiderate esplorare l'intero assortimento di Elf Bar con tutti i modelli, le serie e le varianti di gusto in un colpo d'occhio, troverete tutto riassunto in modo chiaro nella sezione \"Il bar\". <strong><a href=\"https:\/\/www.kurzvape.de\/it\/product-category\/elf-bar-vape\/\">Mondo a tema Elf Bar Vape<\/a><\/strong>. Tutte le versioni e i gusti disponibili di questa popolare gamma ad alte prestazioni sono accessibili in modo centralizzato e facilmente navigabile su <strong><a href=\"https:\/\/www.kurzvape.de\/it\/product-category\/elf-bar-vape\/elf-bar-raya-d3-25000\/\">Raya D3 25000 - la gamma completa di prodotti<\/a><\/strong>.<\/p>","protected":false},"excerpt":{"rendered":"<p>ELF BAR RAYA D3 25000 Strawberry Raspberry Cherry \u00e8 una sigaretta elettronica monouso di prima classe con aromi di fragole, lamponi freschi e ciliegie dolci. Con 25.000 boccate, tre modalit\u00e0 di alimentazione e ricarica rapida USB-C, offre un'intensa esperienza ai frutti di bosco ai massimi livelli.<\/p>","protected":false},"featured_media":2122,"comment_status":"open","ping_status":"closed","template":"","meta":{"_acf_changed":false},"product_brand":[],"product_cat":[34],"product_tag":[],"class_list":{"0":"post-2120","1":"product","2":"type-product","3":"status-publish","4":"has-post-thumbnail","6":"product_cat-elf-bar-raya-d3-25000","8":"first","9":"instock","10":"sale","11":"shipping-taxable","12":"purchasable","13":"product-type-variable"},"acf":[],"_links":{"self":[{"href":"https:\/\/www.kurzvape.de\/it\/wp-json\/wp\/v2\/product\/2120","targetHints":{"allow":["GET"]}}],"collection":[{"href":"https:\/\/www.kurzvape.de\/it\/wp-json\/wp\/v2\/product"}],"about":[{"href":"https:\/\/www.kurzvape.de\/it\/wp-json\/wp\/v2\/types\/product"}],"replies":[{"embeddable":true,"href":"https:\/\/www.kurzvape.de\/it\/wp-json\/wp\/v2\/comments?post=2120"}],"wp:featuredmedia":[{"embeddable":true,"href":"https:\/\/www.kurzvape.de\/it\/wp-json\/wp\/v2\/media\/2122"}],"wp:attachment":[{"href":"https:\/\/www.kurzvape.de\/it\/wp-json\/wp\/v2\/media?parent=2120"}],"wp:term":[{"taxonomy":"product_brand","embeddable":true,"href":"https:\/\/www.kurzvape.de\/it\/wp-json\/wp\/v2\/product_brand?post=2120"},{"taxonomy":"product_cat","embeddable":true,"href":"https:\/\/www.kurzvape.de\/it\/wp-json\/wp\/v2\/product_cat?post=2120"},{"taxonomy":"product_tag","embeddable":true,"href":"https:\/\/www.kurzvape.de\/it\/wp-json\/wp\/v2\/product_tag?post=2120"}],"curies":[{"name":"wp","href":"https:\/\/api.w.org\/{rel}","templated":true}]}}