{"id":2124,"date":"2026-03-29T12:27:18","date_gmt":"2026-03-29T04:27:18","guid":{"rendered":"https:\/\/www.kurzvape.de\/?post_type=product&#038;p=2124"},"modified":"2026-03-29T12:27:18","modified_gmt":"2026-03-29T04:27:18","slug":"elf-bar-raya-d3-25000-strawberry-ice","status":"publish","type":"product","link":"https:\/\/www.kurzvape.de\/it\/product\/elf-bar-raya-d3-25000-strawberry-ice\/","title":{"rendered":"ELF BAR RAYA D3 25000 Ghiaccio alla fragola"},"content":{"rendered":"<h2><strong>ELF BAR RAYA D3 25000 Strawberry Ice Vape usa e getta - Fruttato, fresco come il ghiaccio, irresistibile<\/strong><\/h2>\n<p>Il <strong>ELF BAR RAYA D3 25000 Ghiaccio alla fragola<\/strong> \u00e8 un vaporizzatore monouso di alta qualit\u00e0 che crea un'esperienza di svapo eccezionalmente armoniosa con un'allettante combinazione di fragole aromatiche e mature e un finale piacevolmente rinfrescante al mentolo. Sviluppato e prodotto da Elf Bar con una tecnologia di produzione all'avanguardia, questo dispositivo combina la dolcezza fruttata della fragola con la freddezza del ghiaccio - vibrante, rinfrescante e di livello assoluto.<\/p>\n<h2><strong>Design elegante e superiorit\u00e0 tecnologica<\/strong><\/h2>\n<p>Con una capacit\u00e0 totale di 25.000 boccate e un sistema di regolazione dell'aria e della pressione progettato in modo intelligente, il vaporizzatore monouso Elf Bar Raya D3 ridefinisce completamente gli standard di qualit\u00e0 nel segmento dei monouso. Il dispositivo ricaricabile colpisce per l'affilato display digitale laterale e per il caratteristico anello esterno monocromatico blu: un prodotto sempre ben congegnato che combina armoniosamente precisione tecnica e design moderno.<\/p>\n<h2><strong>Tre modalit\u00e0 di funzionamento per un piacere del vapore personalizzato<\/strong><\/h2>\n<p>Il <strong>ELF BAR RAYA D3 25000 Ghiaccio alla fragola<\/strong> con tre modalit\u00e0 operative selezionabili individualmente - Lite, Smooth e Turbo - offre la flessibilit\u00e0 di personalizzare l'esperienza di svapo in base alle proprie preferenze. Sia che si desideri un piacere delicato e rinfrescante per tutti i giorni, sia che si desideri uno sviluppo potente del vapore per i momenti pi\u00f9 intensi: basta premere un pulsante per passare agevolmente da un livello di potenza all'altro e sprigionare tutta la freschezza dell'esperienza del gelato alla fragola.<\/p>\n<h2><strong>Tecnologia premium per un fresco sapore di fragola ghiacciata<\/strong><\/h2>\n<p>Il <strong>ELF BAR RAYA D3 25000 Ghiaccio alla fragola<\/strong> \u00e8 dotata di un generoso serbatoio per e-liquid da 23 ml, completato da un sistema a tripla bobina di alta qualit\u00e0 per una vaporizzazione particolarmente uniforme e uno sviluppo del gusto vivace e ricco di sfumature. Una robusta batteria da 850 mAh con tecnologia di ricarica rapida USB-C, un display digitale ad alta risoluzione, un sistema di flusso d'aria finemente regolabile e una selezione di 15 aromi esclusivi completano questo pacchetto complessivo tecnicamente e gustosamente convincente.<\/p>\n<h2><strong>Dati tecnici dell'ELF BAR RAYA D3 25000 in sintesi<\/strong><\/h2>\n<ul>\n<li><strong>25.000 treni:<\/strong> Massima durata per un divertimento ininterrotto.<\/li>\n<li><strong>23 ml di e-liquid preinstallato:<\/strong> Fornitura generosa per un piacere del vapore di lunga durata.<\/li>\n<li><strong>5 % Contenuto di nicotina:<\/strong> Forza equilibrata per una trazione soddisfacente.<\/li>\n<li><strong>Batteria ricaricabile da 850 mAh:<\/strong> Sempre pronto all'uso grazie alla ricarica rapida USB-C.<\/li>\n<li><strong>Bobina a tripla maglia:<\/strong> Sviluppo ottimale del sapore e densit\u00e0 uniforme del vapore.<\/li>\n<li><strong>Flusso d'aria e controllo della potenza regolabili:<\/strong> Esperienza ferroviaria personalizzabile in base ai propri gusti.<\/li>\n<li><strong>Display HD:<\/strong> Visualizzazione in tempo reale del livello di carica della batteria e del livello di e-liquid.<\/li>\n<\/ul>\n<h2><strong>Domande frequenti sulla ELF BAR RAYA D3 25000 Strawberry Ice<\/strong><\/h2>\n<p><strong>Come si cambia la modalit\u00e0 di vaporizzazione?<\/strong><\/p>\n<p>Premere il pulsante laterale per passare dalla modalit\u00e0 Lite (12 W), Smooth (17 W) e Turbo (30 W). La modalit\u00e0 attiva \u00e8 visualizzata direttamente sul display.<\/p>\n<p><strong>Come riconoscere quando il liquido sta per esaurirsi?<\/strong><\/p>\n<p>L'aroma diminuisce sensibilmente o appare leggermente bruciato. Inoltre, il display visualizza in tempo reale il livello di e-liquid rimanente.<\/p>\n<p><strong>L'ELF BAR RAYA D3 25000 Strawberry Ice \u00e8 adatto anche ai principianti?<\/strong><\/p>\n<p>S\u00ec, assolutamente. Nessuna ricarica, nessun cambio di bobina: basta disimballare, selezionare la modalit\u00e0 e iniziare. La modalit\u00e0 Lite offre un avvio particolarmente fluido.<\/p>\n<p><strong>Quanto dura la carica di una batteria?<\/strong><\/p>\n<p>In modalit\u00e0 Lite, sono possibili circa 800-1.000 soffi con una carica completa. In modalit\u00e0 Turbo, l'autonomia si riduce a circa 400-500 boccate per carica.<\/p>\n<h3><strong>Scoprite ora e ordinate direttamente<\/strong><\/h3>\n<p>Sfoglia una vasta gamma di prodotti per il vaping di alta qualit\u00e0 su <strong><a href=\"https:\/\/www.kurzvape.de\/it\/\">kurzvape.de - vapori monouso per tutti i gusti<\/a><\/strong> e trovare il prodotto giusto per il vostro stile personale in modo semplice e veloce. Tutti i modelli, i gusti e le serie attuali di Elf Bar sono riassunti in maniera chiara e sempre aggiornata nella sezione \"Il mondo dei bar\". <strong><a href=\"https:\/\/www.kurzvape.de\/it\/product-category\/elf-bar-vape\/\">Elf Bar Vape Categoria di prodotti<\/a><\/strong>. Tutte le varianti e i gusti disponibili di questa gamma ad alte prestazioni si trovano in modo compatto e semplice su <strong><a href=\"https:\/\/www.kurzvape.de\/it\/product-category\/elf-bar-vape\/elf-bar-raya-d3-25000\/\">Raya D3 25000 - Tutti i modelli in sintesi<\/a><\/strong>.<\/p>","protected":false},"excerpt":{"rendered":"<p>ELF BAR RAYA D3 25000 Strawberry Ice \u00e8 una sigaretta elettronica monouso di prima classe con fragole completamente mature e una rinfrescante finitura al mentolo. Con 25.000 boccate, tre modalit\u00e0 di alimentazione e ricarica rapida USB-C, offre un'esperienza di frutta fresca ai massimi livelli.<\/p>","protected":false},"featured_media":2125,"comment_status":"open","ping_status":"closed","template":"","meta":{"_acf_changed":false},"product_brand":[],"product_cat":[34],"product_tag":[],"class_list":{"0":"post-2124","1":"product","2":"type-product","3":"status-publish","4":"has-post-thumbnail","6":"product_cat-elf-bar-raya-d3-25000","8":"first","9":"instock","10":"sale","11":"shipping-taxable","12":"purchasable","13":"product-type-variable"},"acf":[],"_links":{"self":[{"href":"https:\/\/www.kurzvape.de\/it\/wp-json\/wp\/v2\/product\/2124","targetHints":{"allow":["GET"]}}],"collection":[{"href":"https:\/\/www.kurzvape.de\/it\/wp-json\/wp\/v2\/product"}],"about":[{"href":"https:\/\/www.kurzvape.de\/it\/wp-json\/wp\/v2\/types\/product"}],"replies":[{"embeddable":true,"href":"https:\/\/www.kurzvape.de\/it\/wp-json\/wp\/v2\/comments?post=2124"}],"wp:featuredmedia":[{"embeddable":true,"href":"https:\/\/www.kurzvape.de\/it\/wp-json\/wp\/v2\/media\/2125"}],"wp:attachment":[{"href":"https:\/\/www.kurzvape.de\/it\/wp-json\/wp\/v2\/media?parent=2124"}],"wp:term":[{"taxonomy":"product_brand","embeddable":true,"href":"https:\/\/www.kurzvape.de\/it\/wp-json\/wp\/v2\/product_brand?post=2124"},{"taxonomy":"product_cat","embeddable":true,"href":"https:\/\/www.kurzvape.de\/it\/wp-json\/wp\/v2\/product_cat?post=2124"},{"taxonomy":"product_tag","embeddable":true,"href":"https:\/\/www.kurzvape.de\/it\/wp-json\/wp\/v2\/product_tag?post=2124"}],"curies":[{"name":"wp","href":"https:\/\/api.w.org\/{rel}","templated":true}]}}