{"id":2180,"date":"2026-03-31T23:38:40","date_gmt":"2026-03-31T15:38:40","guid":{"rendered":"https:\/\/www.kurzvape.de\/?post_type=product&#038;p=2180"},"modified":"2026-03-31T23:38:40","modified_gmt":"2026-03-31T15:38:40","slug":"vozol-star-click-50k-raspberry-watermelon","status":"publish","type":"product","link":"https:\/\/www.kurzvape.de\/it\/product\/vozol-star-click-50k-raspberry-watermelon\/","title":{"rendered":"Vozol Star Click 50K Lampone Anguria"},"content":{"rendered":"<h2><strong>Vozol Star Click 50K Raspberry Watermelon vape usa e getta - piacere fruttato-fresco in ogni boccata<\/strong><\/h2>\n<p>Vozol Star Click 50K Raspberry Watermelon combina la dolcezza succosa dell'anguria matura con la freschezza leggermente aspra dei lamponi. La prima boccata rivela un intenso e vibrante sapore di frutta che offre il perfetto equilibrio tra dolce e fruttato. Man mano che si procede, una dolcezza delicata ed equilibrata completa l'esperienza gustativa: un momento di svapo fresco e piacevole che riporta alla memoria i frutti estivi.<\/p>\n<h2><strong>Tecnologia affidabile per un vaping di lunga durata<\/strong><\/h2>\n<p>Questa svapata monouso non convince solo per il suo sapore, ma anche per le sue robuste prestazioni. Con un massimo di 50.000 boccate, \u00e8 possibile godere di lunghe sessioni senza interruzioni. La potente batteria da 1000 mAh fornisce un'alimentazione affidabile, mentre la moderna porta USB-C consente una ricarica rapida.<\/p>\n<p>Il display a LED mostra in ogni momento lo stato della batteria e la modalit\u00e0 selezionata. Due livelli di potenza consentono di svapare quotidianamente in modo rilassato o di effettuare boccate pi\u00f9 intense per un'esperienza pi\u00f9 potente. Il flusso d'aria regolabile individualmente offre il pieno controllo della sensazione di tiro, mentre la tecnologia della coil a rete assicura una distribuzione uniforme del calore, un sapore pieno e un vapore denso.<\/p>\n<h2><strong>Caratteristiche speciali di Vozol Star Click 50K Anguria Lampone<\/strong><\/h2>\n<ul>\n<li data-section-id=\"1olu6uc\" data-start=\"1753\" data-end=\"1830\"><strong data-start=\"1755\" data-end=\"1778\">Fino a 50.000 soffi<\/strong> - Godimento di lunga durata senza frequenti ricariche<\/li>\n<li data-section-id=\"6cjo94\" data-start=\"1831\" data-end=\"1894\"><strong data-start=\"1833\" data-end=\"1852\">5 % Sale di nicotina<\/strong> - Erogazione delicata e uniforme della nicotina<\/li>\n<li data-section-id=\"14nyoc8\" data-start=\"1895\" data-end=\"1953\"><strong data-start=\"1897\" data-end=\"1913\">Batteria da 1000 mAh<\/strong> - Affidabile per lunghe sessioni di svapo<\/li>\n<li data-section-id=\"190cyva\" data-start=\"1954\" data-end=\"2019\"><strong data-start=\"1956\" data-end=\"1978\">Due modalit\u00e0 di alimentazione<\/strong> - Modalit\u00e0 normale o modalit\u00e0 power selezionabile<\/li>\n<li data-section-id=\"1hn3b46\" data-start=\"2020\" data-end=\"2089\"><strong data-start=\"2022\" data-end=\"2037\">Display a LED<\/strong> - Visualizzazione chiara della batteria e dello stato di funzionamento<\/li>\n<li data-section-id=\"3k065w\" data-start=\"2090\" data-end=\"2130\"><strong data-start=\"2092\" data-end=\"2107\">Ricarica USB-C<\/strong> - Veloce e conveniente<\/li>\n<li data-section-id=\"13rd31h\" data-start=\"2131\" data-end=\"2200\"><strong data-start=\"2133\" data-end=\"2146\">Bobina di rete<\/strong> - Sapore pieno e uniforme<\/li>\n<li data-section-id=\"1nagzym\" data-start=\"2201\" data-end=\"2266\"><strong data-start=\"2203\" data-end=\"2230\">Flusso d'aria regolabile<\/strong> - Personalizzazione del treno<\/li>\n<\/ul>\n<h2><strong>Perch\u00e9 Vozol Star Click 50K Anguria Lampone?<\/strong><\/h2>\n<p><strong data-start=\"2404\" data-end=\"2455\">Combinazione fruttata con valore di riconoscimento:<\/strong> La miscela di lampone dolce e anguria fresca crea un sapore caratteristico e giocoso.<\/p>\n<p><strong data-start=\"2570\" data-end=\"2615\">Sapore costante fino all'ultima boccata:<\/strong> La tecnologia Mesh coil garantisce che il profilo fruttato non si affievolisca.<\/p>\n<p><strong data-start=\"2697\" data-end=\"2724\">Vapore personalizzato:<\/strong> Selezionabile tra modalit\u00e0 normale e modalit\u00e0 power, flusso d'aria regolabile individualmente.<\/p>\n<p><strong data-start=\"2806\" data-end=\"2831\">Manipolazione pratica:<\/strong> Leggero, ergonomico e ideale per i viaggi o per l'uso quotidiano.<\/p>\n<p><strong data-start=\"2897\" data-end=\"2923\">Qualit\u00e0 affidabile:<\/strong> Prodotti originali, prezzi equi e consegne rapide, indipendentemente dal fatto che si tratti di un ordine singolo o di un ordine in blocco.<\/p>\n<h2><strong>Per chi \u00e8 adatto questo aroma?<\/strong><\/h2>\n<ul>\n<li><strong>Amanti della frutta:<\/strong> Perfetto per chi ama i sapori dolci e leggermente aspri della frutta.<\/li>\n<li><strong>Vaporetto per tutto il giorno:<\/strong> Il sapore delicato rimane piacevole anche dopo un uso prolungato.<\/li>\n<li><strong>Scopritore di sapori:<\/strong> Chiunque apprezzi nuove combinazioni fruttate amer\u00e0 l'anguria al lampone.<\/li>\n<\/ul>\n<h3><strong>Ulteriori scoperte e offerte da KurzVape<\/strong><\/h3>\n<p>Sfoglia la nostra gamma: visita il nostro sito <strong><a href=\"https:\/\/www.kurzvape.de\/it\/\">Pagina principale di KurzVape<\/a><\/strong> per una panoramica di tutti i prodotti, scoprite il sito <strong><a href=\"https:\/\/www.kurzvape.de\/it\/product-category\/vozol-vape\/\">categoria esclusiva VOZOL VAPE<\/a><\/strong> per le scelte dettagliate o per sfogliare il sito <strong><a href=\"https:\/\/www.kurzvape.de\/it\/product-category\/vozol-vape\/vozol-star-click-50k\/\">tutta la serie Vozol Star Click 50K<\/a><\/strong> per il vostro prossimo modello preferito - garantito originale e direttamente disponibile.<\/p>","protected":false},"excerpt":{"rendered":"<p>Provate il sapore fruttato e dolce del lampone e dell'anguria con Vozol Star Click 50K Raspberry Watermelon. Fino a 50.000 boccate, 5 sali di nicotina %, batteria da 1000 mAh, display a LED, coil a rete e flusso d'aria regolabile individualmente per un sapore pieno e costante.<\/p>","protected":false},"featured_media":2181,"comment_status":"open","ping_status":"closed","template":"","meta":{"_acf_changed":false},"product_brand":[],"product_cat":[35],"product_tag":[],"class_list":{"0":"post-2180","1":"product","2":"type-product","3":"status-publish","4":"has-post-thumbnail","6":"product_cat-vozol-star-click-50k","8":"first","9":"instock","10":"sale","11":"shipping-taxable","12":"purchasable","13":"product-type-variable"},"acf":[],"_links":{"self":[{"href":"https:\/\/www.kurzvape.de\/it\/wp-json\/wp\/v2\/product\/2180","targetHints":{"allow":["GET"]}}],"collection":[{"href":"https:\/\/www.kurzvape.de\/it\/wp-json\/wp\/v2\/product"}],"about":[{"href":"https:\/\/www.kurzvape.de\/it\/wp-json\/wp\/v2\/types\/product"}],"replies":[{"embeddable":true,"href":"https:\/\/www.kurzvape.de\/it\/wp-json\/wp\/v2\/comments?post=2180"}],"wp:featuredmedia":[{"embeddable":true,"href":"https:\/\/www.kurzvape.de\/it\/wp-json\/wp\/v2\/media\/2181"}],"wp:attachment":[{"href":"https:\/\/www.kurzvape.de\/it\/wp-json\/wp\/v2\/media?parent=2180"}],"wp:term":[{"taxonomy":"product_brand","embeddable":true,"href":"https:\/\/www.kurzvape.de\/it\/wp-json\/wp\/v2\/product_brand?post=2180"},{"taxonomy":"product_cat","embeddable":true,"href":"https:\/\/www.kurzvape.de\/it\/wp-json\/wp\/v2\/product_cat?post=2180"},{"taxonomy":"product_tag","embeddable":true,"href":"https:\/\/www.kurzvape.de\/it\/wp-json\/wp\/v2\/product_tag?post=2180"}],"curies":[{"name":"wp","href":"https:\/\/api.w.org\/{rel}","templated":true}]}}