{"id":2217,"date":"2026-04-01T23:35:06","date_gmt":"2026-04-01T15:35:06","guid":{"rendered":"https:\/\/www.kurzvape.de\/?post_type=product&#038;p=2217"},"modified":"2026-04-01T23:35:07","modified_gmt":"2026-04-01T15:35:07","slug":"elf-bar-moon-night-40000-blue-razz-ice","status":"publish","type":"product","link":"https:\/\/www.kurzvape.de\/it\/product\/elf-bar-moon-night-40000-blue-razz-ice\/","title":{"rendered":"ELF BAR Notte di Luna 40000 Blu Razz Ghiaccio"},"content":{"rendered":"<h2 data-section-id=\"1ju1lsv\" data-start=\"205\" data-end=\"281\"><strong>ELF BAR Notte di Luna 40000 Blu Razz Ghiaccio <\/strong><strong>Vape usa e getta <\/strong><strong>- Gusto intenso e fresco della svapata<\/strong><\/h2>\n<p data-start=\"283\" data-end=\"687\">Il <strong data-start=\"287\" data-end=\"329\">ELF BAR Notte di Luna 40000 Blu Razz Ghiaccio<\/strong> offre un'esperienza di gusto rinfrescante e fruttato che rende ogni boccata un momento di gloria. Il lampone blu offre un'intensit\u00e0 agrodolce, mentre l'effetto ghiaccio fresco lascia una sensazione di freschezza sulla lingua. Il risultato \u00e8 un'esperienza di svapo perfettamente bilanciata e rinvigorente, che ricorda una bevanda estiva ghiacciata.<\/p>\n<h2 data-start=\"381\" data-end=\"780\"><strong>Potente, resistente e flessibile, per un divertimento di lunga durata<\/strong><\/h2>\n<p data-start=\"381\" data-end=\"780\">Con un massimo di <strong data-start=\"464\" data-end=\"480\">40.000 treni<\/strong>, un forte <strong data-start=\"498\" data-end=\"514\">Batteria da 850 mAh<\/strong> e la tecnologia moderna, la ELF BAR Moon Night 40K stabilisce nuovi standard nell'uso quotidiano. La combinazione di una generosa fornitura di liquido, di una forte formula di sali di nicotina e di un intelligente controllo della potenza rende questo modello una scelta affidabile per i momenti di gusto intenso.<\/p>\n<p data-start=\"782\" data-end=\"1101\">Grazie a <strong data-start=\"787\" data-end=\"814\">Tre modalit\u00e0 regolabili<\/strong> \u00e8 possibile regolare lo sviluppo del vapore come si desidera. Il <strong data-start=\"878\" data-end=\"896\">Bobina a doppia maglia<\/strong> supporta una distribuzione uniforme del calore e offre un sapore chiaro e forte dalla prima all'ultima boccata. Il display curvo mostra chiaramente il numero di boccate e lo stato della batteria.<\/p>\n<h2 data-start=\"1282\" data-end=\"1329\"><strong>ELF BAR Moon Night 40000 Blue Razz Ice Dati tecnici<\/strong><\/h2>\n<ul data-start=\"1331\" data-end=\"1617\">\n<li data-section-id=\"o3dqp4\" data-start=\"1124\" data-end=\"1228\"><strong data-start=\"1126\" data-end=\"1140\">Numero di treni:<\/strong> Fino a 40.000 soffi (modalit\u00e0 Eco), 30.000 soffi (modalit\u00e0 Normale), 25.000 soffi (modalit\u00e0 Boost)<\/li>\n<li data-section-id=\"1ft0wct\" data-start=\"1229\" data-end=\"1260\"><strong data-start=\"1231\" data-end=\"1252\">Capacit\u00e0:<\/strong> 22 ml<\/li>\n<li data-section-id=\"jcdhdf\" data-start=\"1261\" data-end=\"1288\"><strong data-start=\"1263\" data-end=\"1274\">Forza:<\/strong> 50 mg (5 %)<\/li>\n<li data-section-id=\"1u65c1d\" data-start=\"1289\" data-end=\"1327\"><strong data-start=\"1291\" data-end=\"1300\">Batteria:<\/strong> 850 mAh, ricaricabile<\/li>\n<li data-section-id=\"i3mjwn\" data-start=\"1328\" data-end=\"1360\"><strong data-start=\"1330\" data-end=\"1348\">Connessione di ricarica:<\/strong> USB Tipo-C<\/li>\n<li data-section-id=\"1hmhxbs\" data-start=\"1361\" data-end=\"1394\"><strong data-start=\"1363\" data-end=\"1377\">Tipo di bobina:<\/strong> Bobina a doppia maglia<\/li>\n<li data-section-id=\"18ddho1\" data-start=\"1395\" data-end=\"1465\"><strong data-start=\"1397\" data-end=\"1409\">Display:<\/strong> Display completamente curvo per lo stato del treno e della batteria<\/li>\n<\/ul>\n<h2 data-start=\"1619\" data-end=\"1682\"><strong>Perch\u00e9 scegliere ELF BAR Moon Night 40000 Blue Razz Ice?<\/strong><\/h2>\n<ul data-start=\"1684\" data-end=\"1993\">\n<li data-section-id=\"1pjbywj\" data-start=\"1521\" data-end=\"1575\">Gusto fruttato-freddo con profilo Blue Razz Ice<\/li>\n<li data-section-id=\"lg53la\" data-start=\"1576\" data-end=\"1617\">Fino a 40.000 soffi per lunghe sessioni di vaping<\/li>\n<li data-section-id=\"15tasq6\" data-start=\"1618\" data-end=\"1678\">Batteria ricaricabile da 850 mAh per prestazioni affidabili<\/li>\n<li data-section-id=\"e1vi4v\" data-start=\"1679\" data-end=\"1731\">Tre livelli di potenza per un'intensit\u00e0 personalizzata<\/li>\n<li data-section-id=\"1gm764f\" data-start=\"1732\" data-end=\"1793\">Bobina a doppia maglia per un sapore intenso e un vapore denso<\/li>\n<li data-section-id=\"wwjm98\" data-start=\"1794\" data-end=\"1839\">Ricarica rapida USB-C per una ricarica comoda<\/li>\n<\/ul>\n<h3 data-section-id=\"6bqhr8\" data-start=\"2000\" data-end=\"2046\"><strong>Scopri gli altri punti di forza di ELF BAR<\/strong><\/h3>\n<p data-start=\"2048\" data-end=\"2695\">Ampliate la vostra esperienza di vaping e scoprite la variet\u00e0 dei nostri prodotti ELF BAR. Sul nostro <strong data-start=\"2149\" data-end=\"2208\"><a class=\"decorated-link\" href=\"https:\/\/www.kurzvape.de\/it\/\" target=\"_new\" rel=\"noopener\" data-start=\"2151\" data-end=\"2206\">homepage ufficiale di vape<\/a><\/strong> troverete la gamma completa e le offerte attuali. Per tutti gli appassionati del marchio, vale la pena di dare un'occhiata al sito <strong data-start=\"2319\" data-end=\"2408\"><a class=\"decorated-link\" href=\"https:\/\/www.kurzvape.de\/it\/product-category\/elf-bar-vape\/\" target=\"_new\" rel=\"noopener\" data-start=\"2321\" data-end=\"2406\">Categoria per ELF BAR Vapes<\/a><\/strong>, dove \u00e8 possibile confrontare facilmente tutti i modelli. Soprattutto il <strong data-start=\"2475\" data-end=\"2592\"><a class=\"decorated-link\" href=\"https:\/\/www.kurzvape.de\/it\/product-category\/elf-bar-vape\/elf-bar-moon-night-40000\/\" target=\"_new\" rel=\"noopener\" data-start=\"2477\" data-end=\"2590\">ELF BAR Notte di luna Serie 40000<\/a><\/strong> mostra tutti i gusti disponibili e le edizioni limitate per esperienze di vaping intense.<\/p>","protected":false},"excerpt":{"rendered":"<p>ELF BAR Moon Night 40000 Blue Razz Ice offre fino a 40.000 boccate, 22 ml di liquido e una batteria da 850 mAh. La doppia bobina a rete offre un intenso sapore di Blue Razz con una rinfrescante nota di ghiaccio. Tre modalit\u00e0 - Eco, Normal e Boost - si adattano all'intensit\u00e0 del vapore.<\/p>","protected":false},"featured_media":2218,"comment_status":"open","ping_status":"closed","template":"","meta":{"_acf_changed":false},"product_brand":[],"product_cat":[36],"product_tag":[],"class_list":{"0":"post-2217","1":"product","2":"type-product","3":"status-publish","4":"has-post-thumbnail","6":"product_cat-elf-bar-moon-night-40000","8":"first","9":"instock","10":"sale","11":"shipping-taxable","12":"purchasable","13":"product-type-variable"},"acf":[],"_links":{"self":[{"href":"https:\/\/www.kurzvape.de\/it\/wp-json\/wp\/v2\/product\/2217","targetHints":{"allow":["GET"]}}],"collection":[{"href":"https:\/\/www.kurzvape.de\/it\/wp-json\/wp\/v2\/product"}],"about":[{"href":"https:\/\/www.kurzvape.de\/it\/wp-json\/wp\/v2\/types\/product"}],"replies":[{"embeddable":true,"href":"https:\/\/www.kurzvape.de\/it\/wp-json\/wp\/v2\/comments?post=2217"}],"wp:featuredmedia":[{"embeddable":true,"href":"https:\/\/www.kurzvape.de\/it\/wp-json\/wp\/v2\/media\/2218"}],"wp:attachment":[{"href":"https:\/\/www.kurzvape.de\/it\/wp-json\/wp\/v2\/media?parent=2217"}],"wp:term":[{"taxonomy":"product_brand","embeddable":true,"href":"https:\/\/www.kurzvape.de\/it\/wp-json\/wp\/v2\/product_brand?post=2217"},{"taxonomy":"product_cat","embeddable":true,"href":"https:\/\/www.kurzvape.de\/it\/wp-json\/wp\/v2\/product_cat?post=2217"},{"taxonomy":"product_tag","embeddable":true,"href":"https:\/\/www.kurzvape.de\/it\/wp-json\/wp\/v2\/product_tag?post=2217"}],"curies":[{"name":"wp","href":"https:\/\/api.w.org\/{rel}","templated":true}]}}