{"id":3097,"date":"2026-04-20T16:01:51","date_gmt":"2026-04-20T08:01:51","guid":{"rendered":"https:\/\/www.kurzvape.de\/?post_type=product&#038;p=3097"},"modified":"2026-04-20T16:01:52","modified_gmt":"2026-04-20T08:01:52","slug":"bang-king-30000-pro-fresh-mint","status":"publish","type":"product","link":"https:\/\/www.kurzvape.de\/it\/product\/bang-king-30000-pro-fresh-mint\/","title":{"rendered":"Bang King 30000 Pro Menta fresca"},"content":{"rendered":"<h2><strong>Bang King 30000 Pro Menta Fresca Vape usa e getta<\/strong><\/h2>\n<p>Provate un'esperienza di vapore che si concentra sulla chiarezza e sulla freschezza: Bang King 30000 Pro Fresh Mint colpisce per il puro e rinvigorente sapore di menta che rende ogni boccata piacevolmente fresca e rinfrescante. L'intensit\u00e0 accuratamente bilanciata assicura un profilo di sapore armonioso - n\u00e9 troppo acuto n\u00e9 troppo blando - ed \u00e8 perfetta per l'uso quotidiano. Che siate fumatori alle prime armi o esperti, questa variet\u00e0 offre una sensazione di freschezza costante a ogni boccata.<\/p>\n<p>Con un generoso volume di liquido di 36 ml e una capacit\u00e0 fino a 30.000 boccate, Bang King 30000 Pro Fresh Mint offre una durata eccezionalmente lunga. Grazie alle intensit\u00e0 di nicotina selezionabili di 0 %, 2 %, 3 % e 5 %, l'esperienza di svapo pu\u00f2 essere personalizzata - per una boccata regolare e uniforme in base alle preferenze personali.<\/p>\n<p>La batteria integrata da 850 mAh con la moderna connessione USB-C consente una ricarica rapida e semplice. La bobina a rete da 1,0 ohm incorporata assicura una vaporizzazione uniforme ed esalta perfettamente il fresco sapore di menta, dalla prima all'ultima inalazione. Il dispositivo \u00e8 disponibile in un totale di 12 gusti; ogni confezione contiene 10 dispositivi ed \u00e8 quindi ideale per l'uso personale o la rivendita.<\/p>\n<h2><strong>Bang King 30000 Pro Fresh Mint - Le caratteristiche pi\u00f9 importanti<\/strong><\/h2>\n<ul>\n<li><strong>Numero elevato di treni:<\/strong> Fino a 30.000 boccate per un piacere di lunga durata senza interruzioni.<\/li>\n<li><strong>Grande volume del serbatoio:<\/strong> 36 ml di e-liquid per un vaping prolungato senza ricaricare.<\/li>\n<li><strong>Batteria potente:<\/strong> 850 mAh per prestazioni affidabili e costanti.<\/li>\n<li><strong>Design ergonomico:<\/strong> Piacevole al tatto grazie alla forma ovale.<\/li>\n<li><strong>Potenze di nicotina variabili:<\/strong> Selezionabili individualmente per un'esperienza di vaping personalizzata.<\/li>\n<li><strong>Selezione diversificata:<\/strong> Un totale di 12 gusti disponibili.<\/li>\n<li><strong>Funzione di ricarica USB-C:<\/strong> Ricaricabile rapidamente e comodamente in qualsiasi momento.<\/li>\n<\/ul>\n<h2><strong>Domande frequenti sulla variet\u00e0 Fresh Mint<\/strong><\/h2>\n<p><strong>D: Quanto \u00e8 intensa la freschezza?<\/strong><br \/>\nR: La menta \u00e8 chiara e rinfrescante senza essere troppo dominante. Fornisce un finale piacevole e fresco a ogni boccata.<\/p>\n<p><strong>D: I sali di nicotina sono ben tollerati?<\/strong><br \/>\nR: S\u00ec, i sali di nicotina contenuti (20 mg\/ml) consentono un assorbimento delicato e un vaping piacevole senza un forte grattamento della gola.<\/p>\n<p><strong>D: Per quanto tempo posso utilizzare il dispositivo?<\/strong><br \/>\nR: A seconda del comportamento d'uso, l'apparecchio pu\u00f2 essere utilizzato per diverse settimane grazie all'elevato numero di soffi e al serbatoio di grandi dimensioni.<\/p>\n<p><strong>D: Il dispositivo \u00e8 ricaricabile?<\/strong><br \/>\nR: No, \u00e8 un dispositivo monouso. Non richiede manutenzione ed \u00e8 pronto per l'uso immediato: basta usarlo, caricarlo e sostituirlo dopo l'uso.<\/p>\n<h3><strong>Scopri altri prodotti e categorie<\/strong><\/h3>\n<p>Scoprite altri prodotti e categorie: Visita il nostro sito <strong><a href=\"https:\/\/www.kurzvape.de\/it\/\">Scoprite la homepage ufficiale di vape<\/a><\/strong>, sfogliare il <strong><a href=\"https:\/\/www.kurzvape.de\/it\/product-category\/bang-vape\/\">BANG VAPE Visualizza la selezione<\/a><\/strong> o trovare il modello che fa per voi nella sezione <strong><a href=\"https:\/\/www.kurzvape.de\/it\/product-category\/bang-vape\/bang-king-30000-pro\/\">Esplora la serie BANG KING 30000 Pro<\/a><\/strong>.<\/p>","protected":false},"excerpt":{"rendered":"<p data-start=\"76\" data-end=\"364\">Sigaretta elettronica monouso Bang King 30000 Pro Fresh Mint con un chiaro e rinfrescante sapore di menta e una finitura piacevolmente fresca. Fino a 30.000 boccate, 36 ml di liquido, batteria da 850 mAh e funzione di ricarica USB-C per un piacere di svapo comodo e duraturo senza bisogno di ricaricare.<\/p>\n<p data-start=\"366\" data-end=\"557\" data-is-last-node=\"\" data-is-only-node=\"\">","protected":false},"featured_media":3098,"comment_status":"open","ping_status":"closed","template":"","meta":{"_acf_changed":false},"product_brand":[],"product_cat":[47],"product_tag":[],"class_list":{"0":"post-3097","1":"product","2":"type-product","3":"status-publish","4":"has-post-thumbnail","6":"product_cat-bang-king-30000-pro","8":"first","9":"instock","10":"sale","11":"shipping-taxable","12":"purchasable","13":"product-type-variable"},"acf":[],"_links":{"self":[{"href":"https:\/\/www.kurzvape.de\/it\/wp-json\/wp\/v2\/product\/3097","targetHints":{"allow":["GET"]}}],"collection":[{"href":"https:\/\/www.kurzvape.de\/it\/wp-json\/wp\/v2\/product"}],"about":[{"href":"https:\/\/www.kurzvape.de\/it\/wp-json\/wp\/v2\/types\/product"}],"replies":[{"embeddable":true,"href":"https:\/\/www.kurzvape.de\/it\/wp-json\/wp\/v2\/comments?post=3097"}],"wp:featuredmedia":[{"embeddable":true,"href":"https:\/\/www.kurzvape.de\/it\/wp-json\/wp\/v2\/media\/3098"}],"wp:attachment":[{"href":"https:\/\/www.kurzvape.de\/it\/wp-json\/wp\/v2\/media?parent=3097"}],"wp:term":[{"taxonomy":"product_brand","embeddable":true,"href":"https:\/\/www.kurzvape.de\/it\/wp-json\/wp\/v2\/product_brand?post=3097"},{"taxonomy":"product_cat","embeddable":true,"href":"https:\/\/www.kurzvape.de\/it\/wp-json\/wp\/v2\/product_cat?post=3097"},{"taxonomy":"product_tag","embeddable":true,"href":"https:\/\/www.kurzvape.de\/it\/wp-json\/wp\/v2\/product_tag?post=3097"}],"curies":[{"name":"wp","href":"https:\/\/api.w.org\/{rel}","templated":true}]}}