{"id":3104,"date":"2026-04-20T16:08:40","date_gmt":"2026-04-20T08:08:40","guid":{"rendered":"https:\/\/www.kurzvape.de\/?post_type=product&#038;p=3104"},"modified":"2026-04-20T16:08:41","modified_gmt":"2026-04-20T08:08:41","slug":"bang-king-30000-pro-strawberry-grape","status":"publish","type":"product","link":"https:\/\/www.kurzvape.de\/it\/product\/bang-king-30000-pro-strawberry-grape\/","title":{"rendered":"Bang King 30000 Pro uva fragola"},"content":{"rendered":"<h2><strong>Bang King 30000 Pro Strawberry Grape vape usa e getta<\/strong><\/h2>\n<p>Immergetevi in un'esperienza di gusto intensa e fruttata: Bang King 30000 Pro Strawberry Grape combina la nota dolce delle fragole mature con la profondit\u00e0 succosa dell'uva aromatica. Ogni boccata dispiega un'equilibrata interazione di dolcezza fruttata e leggera freschezza - n\u00e9 troppo pesante n\u00e9 troppo artificiale, ma piacevolmente bilanciata per il piacere di tutti i giorni. Questa variet\u00e0 si rivolge sia ai principianti che ai vapers esperti che apprezzano un sapore armonioso.<\/p>\n<p>Con un impressionante volume di liquido di 36 ml e una potenza fino a 30.000 boccate, Bang King 30000 Pro Strawberry Grape colpisce per la sua eccezionale resistenza. Le gradazioni di nicotina disponibili di 0 %, 2 %, 3 % e 5 % consentono una personalizzazione flessibile, per un'esperienza di svapo individuale che si adatta alle esigenze personali.<\/p>\n<p>Dotato di una batteria integrata da 850 mAh e di una moderna porta USB-C, il dispositivo pu\u00f2 essere ricaricato rapidamente e facilmente. La bobina a rete da 1,0 ohm di alta qualit\u00e0 garantisce una vaporizzazione uniforme ed esalta il sapore di fragola e uva in modo intenso e chiaro. \u00c8 possibile scegliere tra 12 gusti diversi; ogni unit\u00e0 contiene 10 dispositivi, ideali per l'uso personale o la rivendita.<\/p>\n<h2><strong>Bang King 30000 Pro Strawberry Grape - Le caratteristiche pi\u00f9 importanti<\/strong><\/h2>\n<ul>\n<li><strong>Numero di treni estremamente elevato:<\/strong> Fino a 30.000 treni per un uso duraturo.<\/li>\n<li><strong>Volume di liquido generoso:<\/strong> 36 ml per un vaping continuo senza ricarica.<\/li>\n<li><strong>Batteria affidabile:<\/strong> 850 mAh per prestazioni stabili per un lungo periodo di tempo.<\/li>\n<li><strong>Design ergonomico:<\/strong> Si adatta comodamente alla mano grazie alla sua forma ovale.<\/li>\n<li><strong>Selezione personalizzata della nicotina:<\/strong> Punti di forza diversi a seconda delle preferenze personali.<\/li>\n<li><strong>Grande variet\u00e0 di sapori:<\/strong> Un totale di 12 gusti disponibili.<\/li>\n<li><strong>Porta di ricarica USB-C:<\/strong> Ricarica rapida e conveniente.<\/li>\n<\/ul>\n<h2><strong>Domande frequenti sulla variet\u00e0 Uva fragola<\/strong><\/h2>\n<p><strong>D: Che sapore ha la combinazione di fragola e uva?<\/strong><br \/>\nR: La miscela \u00e8 fruttata-dolce con una piacevole profondit\u00e0. La fragola apporta leggerezza, mentre l'uva fornisce una base di sapore pi\u00f9 piena.<\/p>\n<p><strong>D: I sali di nicotina sono ben tollerati?<\/strong><br \/>\nR: S\u00ec, i sali di nicotina utilizzati (20 mg\/ml) consentono un'esperienza di svapo delicata senza un forte grattamento della gola.<\/p>\n<p><strong>D: Quanto dura il dispositivo?<\/strong><br \/>\nR: Grazie all'elevata capacit\u00e0 di tiraggio e all'ampio serbatoio, l'apparecchio pu\u00f2 essere utilizzato per diverse settimane, a seconda dell'uso.<\/p>\n<p><strong>D: Posso ricaricare il dispositivo?<\/strong><br \/>\nR: No, \u00e8 un dispositivo monouso. Non richiede manutenzione ed \u00e8 pronto per l'uso immediato: basta usarlo, caricarlo e sostituirlo dopo l'uso.<\/p>\n<h3><strong>Per saperne di pi\u00f9 sui prodotti Bang Vape<\/strong><\/h3>\n<p>Esplorate la nostra gamma e scoprite i punti salienti: Visita il sito <strong><a href=\"https:\/\/www.kurzvape.de\/it\/\">Home page per i prodotti da svapo<\/a><\/strong>, scoprire il <strong><a href=\"https:\/\/www.kurzvape.de\/it\/product-category\/bang-vape\/\">Tutta la categoria Bang Vape<\/a><\/strong> o sfogliare il sito <strong><a href=\"https:\/\/www.kurzvape.de\/it\/product-category\/bang-vape\/bang-king-30000-pro\/\">Serie di modelli Bang King 30000 Pro<\/a><\/strong> per il vostro preferito.<\/p>","protected":false},"excerpt":{"rendered":"<p>Bang King 30000 Pro Strawberry Grape sigaretta elettronica monouso con una combinazione fruttata di fragola dolce e uva aromatica. Fino a 30.000 boccate, 36 ml di liquido, batteria da 850 mAh e funzione di ricarica USB-C per un vapore intenso e duraturo senza bisogno di ricaricare.<\/p>","protected":false},"featured_media":3105,"comment_status":"open","ping_status":"closed","template":"","meta":{"_acf_changed":false},"product_brand":[],"product_cat":[47],"product_tag":[],"class_list":{"0":"post-3104","1":"product","2":"type-product","3":"status-publish","4":"has-post-thumbnail","6":"product_cat-bang-king-30000-pro","8":"first","9":"instock","10":"sale","11":"shipping-taxable","12":"purchasable","13":"product-type-variable"},"acf":[],"_links":{"self":[{"href":"https:\/\/www.kurzvape.de\/it\/wp-json\/wp\/v2\/product\/3104","targetHints":{"allow":["GET"]}}],"collection":[{"href":"https:\/\/www.kurzvape.de\/it\/wp-json\/wp\/v2\/product"}],"about":[{"href":"https:\/\/www.kurzvape.de\/it\/wp-json\/wp\/v2\/types\/product"}],"replies":[{"embeddable":true,"href":"https:\/\/www.kurzvape.de\/it\/wp-json\/wp\/v2\/comments?post=3104"}],"wp:featuredmedia":[{"embeddable":true,"href":"https:\/\/www.kurzvape.de\/it\/wp-json\/wp\/v2\/media\/3105"}],"wp:attachment":[{"href":"https:\/\/www.kurzvape.de\/it\/wp-json\/wp\/v2\/media?parent=3104"}],"wp:term":[{"taxonomy":"product_brand","embeddable":true,"href":"https:\/\/www.kurzvape.de\/it\/wp-json\/wp\/v2\/product_brand?post=3104"},{"taxonomy":"product_cat","embeddable":true,"href":"https:\/\/www.kurzvape.de\/it\/wp-json\/wp\/v2\/product_cat?post=3104"},{"taxonomy":"product_tag","embeddable":true,"href":"https:\/\/www.kurzvape.de\/it\/wp-json\/wp\/v2\/product_tag?post=3104"}],"curies":[{"name":"wp","href":"https:\/\/api.w.org\/{rel}","templated":true}]}}