{"id":3168,"date":"2026-04-21T11:39:22","date_gmt":"2026-04-21T03:39:22","guid":{"rendered":"https:\/\/www.kurzvape.de\/?post_type=product&#038;p=3168"},"modified":"2026-04-21T11:39:23","modified_gmt":"2026-04-21T03:39:23","slug":"bang-king-50000-watermelon-ice-blueberry-mint","status":"publish","type":"product","link":"https:\/\/www.kurzvape.de\/it\/product\/bang-king-50000-watermelon-ice-blueberry-mint\/","title":{"rendered":"Bang King 50000 Ghiaccio all'anguria e menta al mirtillo"},"content":{"rendered":"<h2><strong>Bang King 50000 Vape monouso all'anguria e al mirtillo e alla menta<\/strong><\/h2>\n<p>Bang King 50000 Watermelon Ice &amp; Blueberry Mint colpisce per il doppio profilo di gusto sapientemente bilanciato che combina due mondi di gusto contrastanti. Da un lato c'\u00e8 la dolcezza succosa e rinfrescante dell'anguria, dall'altro la profondit\u00e0 aromatica dei mirtilli maturi, raffinata da una fresca nota di menta. Ogni boccata inizia con un chiaro sapore estivo di melone, per poi passare alle sfumature fruttate dei frutti di bosco e terminare con un finale piacevolmente rinvigorente di menta. Il risultato \u00e8 un'esperienza di svapo equilibrata e multistrato: fresca, fruttata e piacevolmente fresca.<\/p>\n<h2><strong>Caratteristiche potenti per un divertimento duraturo<\/strong><\/h2>\n<p>Bang King 50000 Watermelon Ice &amp; Blueberry Mint 50K Puffs Vape \u00e8 rivolto agli utenti pi\u00f9 esigenti che apprezzano resistenza e prestazioni. Con un massimo di 50.000 boccate, questo dispositivo offre una durata eccezionalmente lunga senza interruzioni e garantisce un sapore costantemente intenso dall'inizio alla fine.<\/p>\n<p>Grazie alla bobina integrata da 1,0\u03a9, il dispositivo produce un vapore denso e aromatico a ogni boccata. La generosa capacit\u00e0 di e-liquid, pari a 50 ml (25 ml + 25 ml), consente un utilizzo particolarmente prolungato senza necessit\u00e0 di frequenti ricariche o sostituzioni, il che aumenta notevolmente la praticit\u00e0.<\/p>\n<p>La potente batteria da 850 mAh \u00e8 ricaricabile e supporta la ricarica rapida tramite Type-C, riducendo al minimo i tempi di inattivit\u00e0 e garantendo un utilizzo flessibile in ogni momento.<\/p>\n<h2><strong>Bang King 50000 Anguria e Menta e Mirtillo Dati tecnici:<\/strong><\/h2>\n<ul>\n<li><strong>Potenzialit\u00e0 della nicotina:<\/strong> 0%, 2%, 3%, 5%<\/li>\n<li><strong>Volume del liquido elettronico:<\/strong> 50 ml in totale (sistema a doppio serbatoio)<\/li>\n<li><strong>Treni:<\/strong> Fino a 50.000 soffi<\/li>\n<li><strong>Sistema di aromatizzazione:<\/strong> Interruttore a doppio gusto (esperienza 2 in 1)<\/li>\n<li><strong>Batteria:<\/strong> 850 mAh ricaricabile (USB-C)<\/li>\n<li><strong>Bobina:<\/strong> Tecnologia a doppia maglia per un sapore intenso<\/li>\n<\/ul>\n<h2><strong>Perch\u00e9 questa combinazione \u00e8 cos\u00ec popolare<\/strong><\/h2>\n<ul>\n<li><strong>Sapore complesso:<\/strong> La combinazione di anguria fresca, mirtillo dolce e menta fresca offre un'esperienza di vapore varia con una struttura chiara.<\/li>\n<li><strong>Equilibrio perfetto:<\/strong> La dolcezza fruttata e la freschezza fresca si completano armoniosamente senza mascherarsi.<\/li>\n<li><strong>Adatto a tutto l'anno:<\/strong> Che sia in estate per una maggiore freschezza o in inverno per una nota leggera e fruttata, questo gusto \u00e8 adatto a ogni stagione.<\/li>\n<li><strong>Prestazioni costanti:<\/strong> Un sapore intenso e costante per tutta la durata del servizio garantisce un'esperienza d'uso affidabile.<\/li>\n<li><strong>Massima facilit\u00e0 d'uso:<\/strong> Non \u00e8 necessaria alcuna ricarica o manutenzione: basta attivarlo e goderselo.<\/li>\n<\/ul>\n<h3><strong>Scopri altre categorie interessanti<\/strong><\/h3>\n<p>Per scoprire i nostri prodotti, visitate il nostro sito <strong><a href=\"https:\/\/www.kurzvape.de\/it\/\">Homepage di Premium Vapes<\/a><\/strong>, sfogliare il <strong><a href=\"https:\/\/www.kurzvape.de\/it\/product-category\/bang-vape\/\">selezione completa di BANG Vape<\/a><\/strong> o scoprire la serie ad alte prestazioni <strong><a href=\"https:\/\/www.kurzvape.de\/it\/product-category\/bang-vape\/bang-king-50000\/\">I modelli Bang King 50000 in sintesi<\/a><\/strong>.<\/p>","protected":false},"excerpt":{"rendered":"<p>La sigaretta elettronica usa e getta Bang King 50000 Watermelon Ice &amp; Blueberry Mint offre un'esperienza di vapore rinfrescante e fruttata con un sistema a doppio aroma. Fino a 50.000 boccate, 50 ml di liquido e una batteria ricaricabile assicurano un uso duraturo e prestazioni potenti nella vita quotidiana.<\/p>","protected":false},"featured_media":3169,"comment_status":"open","ping_status":"closed","template":"","meta":{"_acf_changed":false},"product_brand":[],"product_cat":[48],"product_tag":[],"class_list":{"0":"post-3168","1":"product","2":"type-product","3":"status-publish","4":"has-post-thumbnail","6":"product_cat-bang-king-50000","8":"first","9":"instock","10":"sale","11":"shipping-taxable","12":"purchasable","13":"product-type-variable"},"acf":[],"_links":{"self":[{"href":"https:\/\/www.kurzvape.de\/it\/wp-json\/wp\/v2\/product\/3168","targetHints":{"allow":["GET"]}}],"collection":[{"href":"https:\/\/www.kurzvape.de\/it\/wp-json\/wp\/v2\/product"}],"about":[{"href":"https:\/\/www.kurzvape.de\/it\/wp-json\/wp\/v2\/types\/product"}],"replies":[{"embeddable":true,"href":"https:\/\/www.kurzvape.de\/it\/wp-json\/wp\/v2\/comments?post=3168"}],"wp:featuredmedia":[{"embeddable":true,"href":"https:\/\/www.kurzvape.de\/it\/wp-json\/wp\/v2\/media\/3169"}],"wp:attachment":[{"href":"https:\/\/www.kurzvape.de\/it\/wp-json\/wp\/v2\/media?parent=3168"}],"wp:term":[{"taxonomy":"product_brand","embeddable":true,"href":"https:\/\/www.kurzvape.de\/it\/wp-json\/wp\/v2\/product_brand?post=3168"},{"taxonomy":"product_cat","embeddable":true,"href":"https:\/\/www.kurzvape.de\/it\/wp-json\/wp\/v2\/product_cat?post=3168"},{"taxonomy":"product_tag","embeddable":true,"href":"https:\/\/www.kurzvape.de\/it\/wp-json\/wp\/v2\/product_tag?post=3168"}],"curies":[{"name":"wp","href":"https:\/\/api.w.org\/{rel}","templated":true}]}}