{"id":3175,"date":"2026-04-21T11:46:55","date_gmt":"2026-04-21T03:46:55","guid":{"rendered":"https:\/\/www.kurzvape.de\/?post_type=product&#038;p=3175"},"modified":"2026-04-21T11:46:56","modified_gmt":"2026-04-21T03:46:56","slug":"bang-king-50000-watermelon-blueberry-cherry","status":"publish","type":"product","link":"https:\/\/www.kurzvape.de\/it\/product\/bang-king-50000-watermelon-blueberry-cherry\/","title":{"rendered":"Bang King 50000 Anguria e Mirtillo Ciliegia"},"content":{"rendered":"<h2><strong>Bang King 50000 anguria e mirtillo ciliegia vape monouso<\/strong><\/h2>\n<p>Bang King 50000 Watermelon &amp; Blueberry Cherry stupisce con un concetto di doppio gusto variegato che combina armoniosamente due profili di frutta intensi. La succosa freschezza dell'anguria matura incontra la combinazione agrodolce di mirtilli e ciliegie, creando un profilo gustativo vivace ma equilibrato. La prima boccata si apre con un leggero e rinfrescante sapore di melone, seguito da sfumature fruttate di bacche e da una nota sottilmente aspra di ciliegia nel finale. Questa interazione garantisce un'esperienza di svapo a tutto tondo e a pi\u00f9 livelli, n\u00e9 troppo dolce n\u00e9 troppo dominante.<\/p>\n<h2><strong>Caratteristiche potenti per un divertimento duraturo<\/strong><\/h2>\n<p>Bang King 50000 Watermelon &amp; Blueberry Cherry 50K Puffs Vape \u00e8 stato sviluppato per gli utenti che apprezzano affidabilit\u00e0 e resistenza. Con un massimo di 50.000 boccate, questo dispositivo offre un'autonomia impressionante e un sapore costantemente intenso per tutto il periodo di utilizzo.<\/p>\n<p>Dotato di una moderna bobina a maglia da 1,0\u03a9, il dispositivo fornisce un vapore denso e ricco di aromi a ogni boccata. La generosa capacit\u00e0 di e-liquid, pari a 50 ml (25 ml + 25 ml), consente un utilizzo particolarmente prolungato senza interruzioni o cambi frequenti.<\/p>\n<p>La batteria integrata da 850 mAh \u00e8 ricaricabile e supporta la ricarica rapida tramite Type-C, garantendo la massima flessibilit\u00e0 nell'uso quotidiano.<\/p>\n<h2><strong>Bang King 50000 Anguria e Mirtillo Ciliegia Dati tecnici:<\/strong><\/h2>\n<ul>\n<li><strong>Potenzialit\u00e0 della nicotina:<\/strong> 0%, 2%, 3%, 5%<\/li>\n<li><strong>Volume del liquido elettronico:<\/strong> 50 ml in totale (sistema a doppio serbatoio)<\/li>\n<li><strong>Treni:<\/strong> Fino a 50.000 soffi<\/li>\n<li><strong>Sistema di aromatizzazione:<\/strong> Interruttore a doppio gusto (esperienza 2 in 1)<\/li>\n<li><strong>Batteria:<\/strong> 850 mAh ricaricabile (USB-C)<\/li>\n<li><strong>Bobina:<\/strong> Tecnologia a doppia maglia per un sapore intenso<\/li>\n<\/ul>\n<h2><strong>Perch\u00e9 questa combinazione \u00e8 cos\u00ec popolare<\/strong><\/h2>\n<ul>\n<li><strong>Sapore complesso:<\/strong> La miscela di anguria, mirtillo e ciliegia offre un sapore vario e armonioso.<\/li>\n<li><strong>Intensit\u00e0 equilibrata:<\/strong> La dolcezza e la leggera acidit\u00e0 si completano perfettamente senza essere preponderanti.<\/li>\n<li><strong>Adatto ad ogni occasione:<\/strong> Sia nella vita quotidiana che nel tempo libero, questo profilo aromatico si adatta a molte situazioni.<\/li>\n<li><strong>Qualit\u00e0 costante:<\/strong> Gusto costantemente intenso fino all'ultima boccata.<\/li>\n<li><strong>Facile da maneggiare:<\/strong> Non \u00e8 necessaria alcuna ricarica o manutenzione: \u00e8 pronto per l'uso immediato.<\/li>\n<\/ul>\n<h3><strong>Scopri altre categorie e prodotti<\/strong><\/h3>\n<p>Scoprite la nostra gamma attraverso il sito <strong><a href=\"https:\/\/www.kurzvape.de\/it\/\">homepage ufficiale di vape<\/a><\/strong>, dare un'occhiata al <strong><a href=\"https:\/\/www.kurzvape.de\/it\/product-category\/bang-vape\/\">Mondo dei prodotti della serie BANG Vape<\/a><\/strong> o trovare il modello giusto per voi nel <strong><a href=\"https:\/\/www.kurzvape.de\/it\/product-category\/bang-vape\/bang-king-50000\/\">Panoramica della serie Bang King 50000<\/a><\/strong>.<\/p>","protected":false},"excerpt":{"rendered":"<p>La sigaretta elettronica monouso Bang King 50000 Watermelon &amp; Blueberry Cherry offre un'esperienza di vapore fruttata e complessa con anguria, mirtillo e ciliegia. Con un massimo di 50.000 boccate, 50 ml di liquido, sistema a doppio aroma e batteria ricaricabile, colpisce per le sue prestazioni forti e durature.<\/p>","protected":false},"featured_media":3176,"comment_status":"open","ping_status":"closed","template":"","meta":{"_acf_changed":false},"product_brand":[],"product_cat":[48],"product_tag":[],"class_list":{"0":"post-3175","1":"product","2":"type-product","3":"status-publish","4":"has-post-thumbnail","6":"product_cat-bang-king-50000","8":"first","9":"instock","10":"sale","11":"shipping-taxable","12":"purchasable","13":"product-type-variable"},"acf":[],"_links":{"self":[{"href":"https:\/\/www.kurzvape.de\/it\/wp-json\/wp\/v2\/product\/3175","targetHints":{"allow":["GET"]}}],"collection":[{"href":"https:\/\/www.kurzvape.de\/it\/wp-json\/wp\/v2\/product"}],"about":[{"href":"https:\/\/www.kurzvape.de\/it\/wp-json\/wp\/v2\/types\/product"}],"replies":[{"embeddable":true,"href":"https:\/\/www.kurzvape.de\/it\/wp-json\/wp\/v2\/comments?post=3175"}],"wp:featuredmedia":[{"embeddable":true,"href":"https:\/\/www.kurzvape.de\/it\/wp-json\/wp\/v2\/media\/3176"}],"wp:attachment":[{"href":"https:\/\/www.kurzvape.de\/it\/wp-json\/wp\/v2\/media?parent=3175"}],"wp:term":[{"taxonomy":"product_brand","embeddable":true,"href":"https:\/\/www.kurzvape.de\/it\/wp-json\/wp\/v2\/product_brand?post=3175"},{"taxonomy":"product_cat","embeddable":true,"href":"https:\/\/www.kurzvape.de\/it\/wp-json\/wp\/v2\/product_cat?post=3175"},{"taxonomy":"product_tag","embeddable":true,"href":"https:\/\/www.kurzvape.de\/it\/wp-json\/wp\/v2\/product_tag?post=3175"}],"curies":[{"name":"wp","href":"https:\/\/api.w.org\/{rel}","templated":true}]}}