{"id":738,"date":"2026-03-06T23:17:56","date_gmt":"2026-03-06T15:17:56","guid":{"rendered":"https:\/\/www.kurzvape.de\/?post_type=product&#038;p=738"},"modified":"2026-03-06T23:17:56","modified_gmt":"2026-03-06T15:17:56","slug":"fumot-tornado-15000-mixed-berry","status":"publish","type":"product","link":"https:\/\/www.kurzvape.de\/it\/product\/fumot-tornado-15000-mixed-berry\/","title":{"rendered":"Fumot Tornado 15000 Bacca Mista"},"content":{"rendered":"<h2><strong>Fumot Tornado 15000 Mixed Berry vape usa e getta<\/strong><\/h2>\n<p>Provate una variet\u00e0 esplosiva di bacche in ogni boccata: Tornado Vape 15000 nella variet\u00e0 Mixed Berry vi porta in un mondo succoso di bacche diverse, che insieme creano un sapore di frutta armonioso e multistrato. Fragole, lamponi, mirtilli e more si combinano per creare un irresistibile mix di bacche che rivela nuove sfumature ad ogni boccata - fruttato, corposo e con una dolcezza naturale che vi delizier\u00e0 dalla prima all'ultima inalazione.<\/p>\n<p>Oltre al suo accattivante profilo aromatico, Fumot Tornado 15000 Mixed Berry colpisce per le sue caratteristiche tecniche di alta qualit\u00e0 che portano il vaping quotidiano a un nuovo livello. Con una capacit\u00e0 fino a 15.000 boccate, un pratico display a LED per controllare i livelli della batteria e del liquido e un flusso d'aria regolabile individualmente, questo dispositivo offre un'esperienza di svapo che colpisce per la sua durata, convenienza e precisione tecnica.<\/p>\n<p>Godetevi l'affascinante interazione tra la dolcezza delle fragole mature, la freschezza acidula dei lamponi, la profondit\u00e0 vellutata dei mirtilli e il sapore intenso delle more. Questo straordinario quartetto di bacche crea un profilo aromatico di notevole complessit\u00e0 che regala nuovi momenti di piacere a ogni boccata e trasforma il vaping quotidiano in un'avventura fruttata. Lasciatevi ispirare dal lussureggiante mondo di bacche di Fumot Tornado 15000 Mixed Berry!<\/p>\n<h2><strong>\ud83d\udca1 Caratteristiche centrali del prodotto<\/strong><\/h2>\n<ul>\n<li><strong>Fino a 15.000 treni<\/strong> - per un piacere duraturo e vario delle bacche senza interruzioni.<\/li>\n<li><strong>Capacit\u00e0 di 25 ml di e-liquid<\/strong> - Gusto intenso e costante di bacche miste fino all'ultima boccata.<\/li>\n<li><strong>Quattro intensit\u00e0 di nicotina<\/strong> - 0 %, 2 %, 3 % o 5 %, liberamente selezionabili in base alle esigenze personali.<\/li>\n<li><strong>Batteria da 850 mAh<\/strong> - pronto all'uso in modo semplice e veloce tramite USB-C.<\/li>\n<li><strong>0,9 \u03a9 Bobina di maglia<\/strong> - per un vapore denso e un autentico sapore di bacche ad ogni boccata.<\/li>\n<li><strong>Flusso d'aria regolabile<\/strong> - Resistenza di tiraggio regolabile in continuo secondo i propri gusti.<\/li>\n<li><strong>Display a LED ed effetti luminosi<\/strong> - chiaro nell'uso quotidiano e moderno nel design.<\/li>\n<li><strong>43 gusti<\/strong> - una vasta gamma di prodotti per una variet\u00e0 di sapori illimitata.<\/li>\n<\/ul>\n<h2><strong>\ud83d\udd0d Cosa rende il Fumot Tornado 15000 Mixed Berry cos\u00ec speciale?<\/strong><\/h2>\n<ul>\n<li>La perfetta armonia di fragole, lamponi, mirtilli e more si traduce in un profilo di frutti di bosco multistrato di impressionante complessit\u00e0 - ideale per tutti i vapers che cercano un sapore di frutta vario e corposo che rivela nuove sfumature di gusto ad ogni boccata.<\/li>\n<li>La generosa capacit\u00e0 di 25 ml di liquido e la potente batteria da 850 mAh garantiscono un'esperienza di svapo quotidiana e spensierata: giorni di piacere ai frutti di bosco senza fastidiose ricariche o interruzioni della ricarica, in modo che l'attenzione si concentri interamente sul gustoso profilo di frutti di bosco misti.<\/li>\n<li>Da quelle senza nicotina a quelle con contenuto di nicotina pari a 5 %, le quattro gradazioni disponibili offrono un'esperienza completamente personalizzata che si adatta in modo flessibile e senza soluzione di continuit\u00e0 alle preferenze e alle abitudini personali.<\/li>\n<li>La bobina a maglie da 0,9 \u03a9 di alta qualit\u00e0 mette in mostra il sapore di bacche miste con un'autenticit\u00e0 e una profondit\u00e0 impressionanti: nuvole di vapore sempre dense e un gusto intenso fanno rivivere la variet\u00e0 del quartetto di bacche ad ogni boccata.<\/li>\n<\/ul>\n<h2><strong>\ud83c\udfc6 Perch\u00e9 scegliere Fumot Tornado 15000 Mixed Berry?<\/strong><\/h2>\n<ul>\n<li>\u2705 <strong>Qualit\u00e0 dei prodotti Fumot di prima classe:<\/strong> Parte integrante della rinomata linea di prodotti RandM, Fumot Tornado 15000 \u00e8 sinonimo dei pi\u00f9 elevati standard di produzione, dell'innovazione tecnica e di un'esperienza di vaping di alto livello, convincente in ogni situazione.<\/li>\n<li>\ud83d\udd2c <strong>Tecnologia all'avanguardia in dettaglio:<\/strong> Le caratteristiche tecniche avanzate di Fumot Tornado 15000 ridefiniscono gli standard del vaping monouso e offrono un'esperienza d'uso che colpisce per precisione, coerenza e durata.<\/li>\n<li>\ud83d\ude0a <strong>Clienti soddisfatti in tutto e per tutto:<\/strong> La solida qualit\u00e0 costruttiva e le prestazioni costantemente elevate fanno di Fumot Tornado 15000 la scelta preferita dai vapers che insistono sulla qualit\u00e0, l'affidabilit\u00e0 e la durata del loro divertimento quotidiano.<\/li>\n<\/ul>\n<h3><strong>Ulteriori prodotti e informazioni<\/strong><\/h3>\n<p>Potete trovare altri prodotti per il vaping di prima qualit\u00e0 direttamente su <strong><a class=\"underline underline underline-offset-2 decoration-1 decoration-current\/40 hover:decoration-current focus:decoration-current\" href=\"https:\/\/www.kurzvape.de\/it\/\">KurzVape - il vostro mercato online per i prodotti premium del vapore<\/a><\/strong>. L'intera gamma del marchio \u00e8 disponibile sul sito <strong><a class=\"underline underline underline-offset-2 decoration-1 decoration-current\/40 hover:decoration-current focus:decoration-current\" href=\"https:\/\/www.kurzvape.de\/it\/product-category\/fumot-vape\/\">Pagina della collezione Fumot Vape<\/a><\/strong> chiaramente riassunto. Tutte le varianti di questa serie di dispositivi sono disponibili su <strong><a class=\"underline underline underline-offset-2 decoration-1 decoration-current\/40 hover:decoration-current focus:decoration-current\" href=\"https:\/\/www.kurzvape.de\/it\/product-category\/fumot-vape\/fumot-tornado-15000\/\">Scheda prodotto della linea Fumot Tornado 15000<\/a><\/strong>.<\/p>","protected":false},"excerpt":{"rendered":"<p>Fruttata, multistrato, irresistibile: Fumot Tornado 15000 Mixed Berry \u00e8 una sigaretta elettronica monouso con un mix aromatico di fragole, lamponi, mirtilli e more. Con 15.000 boccate, 25 ml di liquido, batteria USB-C e flusso d'aria regolabile: puro piacere dei frutti di bosco.<\/p>","protected":false},"featured_media":741,"comment_status":"open","ping_status":"closed","template":"","meta":{"_acf_changed":false},"product_brand":[],"product_cat":[23],"product_tag":[],"class_list":{"0":"post-738","1":"product","2":"type-product","3":"status-publish","4":"has-post-thumbnail","6":"product_cat-fumot-tornado-15000","8":"first","9":"instock","10":"sale","11":"shipping-taxable","12":"purchasable","13":"product-type-variable"},"acf":[],"_links":{"self":[{"href":"https:\/\/www.kurzvape.de\/it\/wp-json\/wp\/v2\/product\/738","targetHints":{"allow":["GET"]}}],"collection":[{"href":"https:\/\/www.kurzvape.de\/it\/wp-json\/wp\/v2\/product"}],"about":[{"href":"https:\/\/www.kurzvape.de\/it\/wp-json\/wp\/v2\/types\/product"}],"replies":[{"embeddable":true,"href":"https:\/\/www.kurzvape.de\/it\/wp-json\/wp\/v2\/comments?post=738"}],"wp:featuredmedia":[{"embeddable":true,"href":"https:\/\/www.kurzvape.de\/it\/wp-json\/wp\/v2\/media\/741"}],"wp:attachment":[{"href":"https:\/\/www.kurzvape.de\/it\/wp-json\/wp\/v2\/media?parent=738"}],"wp:term":[{"taxonomy":"product_brand","embeddable":true,"href":"https:\/\/www.kurzvape.de\/it\/wp-json\/wp\/v2\/product_brand?post=738"},{"taxonomy":"product_cat","embeddable":true,"href":"https:\/\/www.kurzvape.de\/it\/wp-json\/wp\/v2\/product_cat?post=738"},{"taxonomy":"product_tag","embeddable":true,"href":"https:\/\/www.kurzvape.de\/it\/wp-json\/wp\/v2\/product_tag?post=738"}],"curies":[{"name":"wp","href":"https:\/\/api.w.org\/{rel}","templated":true}]}}